{"id":17549,"date":"2024-11-26T10:42:32","date_gmt":"2024-11-26T10:42:32","guid":{"rendered":"https:\/\/ozcelik.com\/it\/?page_id=17549"},"modified":"2025-10-13T10:52:59","modified_gmt":"2025-10-13T10:52:59","slug":"politica-delle-risorse-umane","status":"publish","type":"page","link":"https:\/\/ozcelik.com\/it\/politica-delle-risorse-umane\/","title":{"rendered":"Politica delle risorse umane"},"content":{"rendered":"<p><strong>LA NOSTRA POLITICA DELLE RISORSE UMANE<\/strong><\/p>\n<ul>\n<li>Aumentare le conoscenze, le abilit\u00e0 e le competenze dei dipendenti in relazione alle istituzioni e agli individui,<\/li>\n<li>Condurre studi congiunti con universit\u00e0, scuole professionali, istituzioni e organizzazioni non governative,<\/li>\n<li>Adottare, partecipare e incoraggiare il concetto di responsabilit\u00e0 sociale e i progetti in tutte le applicazioni,<\/li>\n<li>Seguire le innovazioni e garantire il loro adattamento all&#8217;azienda e mirare ad alimentare il processo di innovazione con le pratiche delle risorse umane.<\/li>\n<\/ul>\n<p><strong>VALORI<\/strong><\/p>\n<p>Come famiglia \u00d6Z\u00c7EL\u0130K, il nostro obiettivo \u00e8 <b>\u201cL&#8217;UOMO\u201d.<\/b> Non deve essere perso.<\/p>\n<p>Pertanto.<\/p>\n<p><b>Noi;<\/b> Siamo una comunit\u00e0 seria, onesta, coerente, equa e con un&#8217;etica aziendale nei confronti di tutte le persone e le istituzioni con cui siamo in contatto.<\/p>\n<p><b>Noi;<\/b> Siamo persone che rispettano i diritti degli altri, proteggono i diritti propri e delle loro aziende, producono valore, condividono il valore che producono e producono soluzioni nel quadro delle regole della buona fede.<\/p>\n<p><b>Noi<\/b> siamo persone consapevoli e tolleranti che non discriminano le persone in base alle loro caratteristiche quali religione, lingua, colore della pelle e sesso.<\/p>\n<p><b>Noi<\/b> siamo istituzioni e individui trasparenti, affidabili, responsabili, efficaci ed efficienti.<\/p>\n<p><b>Noi<\/b> crediamo nello Stato di diritto e agiamo in conformit\u00e0 con la legge.<\/p>\n<p><b>Noi<\/b> non abbiamo paura di commettere errori e di imparare da essi.<\/p>\n<p><b>Noi;<\/b> Siamo persone che si sforzano di utilizzare la tecnologia in modo efficace per rendere il lavoro pi\u00f9 facile, pi\u00f9 veloce e fare affari in modo pi\u00f9 intelligente.<\/p>\n<p><b>Noi;<\/b> Siamo persone che conoscono e applicano i propri poteri e responsabilit\u00e0 aziendali, hanno una cultura aziendale e si prendono cura della propria attivit\u00e0 e della propria azienda.<\/p>\n<p><b>Noi;<\/b> Siamo persone che lavorano per costruire, mantenere e scrivere processi e sistemi in un modello di business in cui gli affari possono essere condotti senza dipendere da individui, le informazioni aziendali vengono prodotte, sviluppate e inserite nella memoria aziendale.<\/p>\n<p><b>Noi;<\/b> Consideriamo le informazioni di cui disponiamo grazie ai nostri compiti in azienda come una nostra ricchezza e siamo persone che utilizzano queste informazioni per le nostre aziende.<\/p>\n<p><b>Noi;<\/b> Consapevoli che le risorse della nostra azienda, del nostro paese e della natura non sono illimitate, siamo persone che credono nella necessit\u00e0 di prevenire ogni tipo di spreco ovunque si manifesti.<\/p>\n<p><b>Noi; <\/b>Siamo persone che lavorano volontariamente oltre l&#8217;adempimento delle nostre responsabilit\u00e0 legali per la protezione e il miglioramento della natura e dell&#8217;ambiente.<\/p>\n<p><b>Noi;<\/b> Siamo persone che non si arrendono di fronte alle difficolt\u00e0 degli obiettivi prefissati, credono, perseverano e si impegnano duramente fino a raggiungere il risultato senza cercare scuse.<\/p>\n<p><b>Noi;<\/b> Siamo persone che mirano al miglioramento e allo sviluppo continui fissando obiettivi misurabili e validi.<\/p>\n<p><b>Noi; <\/b>Siamo persone che vedono il luogo in cui lavorano non solo come un ambiente di lavoro, ma anche come un ambiente di vita, e si sforzano di essere utili al proprio Paese e all&#8217;umanit\u00e0.<\/p>\n<p><strong>SALUTE E SICUREZZA SUL LAVORO<\/strong><\/p>\n<p>Come \u00d6Z\u00c7EL\u0130K, desideriamo ringraziare i nostri appaltatori e fornitori, in particolare tutti i nostri dipendenti; forniamo un ambiente di lavoro in condizioni sane, sicure e dignitose, in conformit\u00e0 con la legislazione locale, in particolare con le disposizioni della legge n. 6331 sulla salute e la sicurezza sul lavoro pubblicata dal Ministero del Lavoro e della Previdenza Sociale. In questa direzione, sensibilizziamo le nostre risorse umane e aumentiamo la consapevolezza su questi temi per garantire la continuit\u00e0 di un ambiente di lavoro sicuro e sano. A tal fine, svolgiamo una formazione pratica e interattiva sulla salute e sicurezza sul lavoro.<\/p>\n<p>Tutti i dipendenti di \u00d6Z\u00c7EL\u0130K devono rispettare le seguenti regole.<\/p>\n<ol>\n<li>Il personale che non ha ricevuto una formazione in materia di salute e sicurezza sul lavoro non viene assunto.<\/li>\n<li>Tutti i dipendenti agiscono in conformit\u00e0 con le regole e le istruzioni stabilite a tal fine e devono prendere le precauzioni necessarie.<\/li>\n<li>I dipendenti non devono conservare sul posto di lavoro oggetti o sostanze che costituiscono un pericolo per il luogo di lavoro e\/o per i lavoratori o che sono illegali sul posto di lavoro.<\/li>\n<li>Ai dipendenti di \u00d6Z\u00c7EL\u0130K \u00e8 vietato l&#8217;uso e\/o l&#8217;assunzione di sostanze nocive per la salute umana (ad eccezione dei farmaci prescritti dal medico) quali droghe illegali, alcol, sostanze stupefacenti, ecc. nelle aree di lavoro dell&#8217;azienda, durante lo svolgimento delle mansioni aziendali e durante l&#8217;uso dei veicoli e delle attrezzature aziendali.<\/li>\n<li>Come \u00d6Z\u00c7EL\u0130K, ci aspettiamo che i nostri dipendenti non dimentichino di rappresentare l&#8217;azienda e non assumano atteggiamenti che danneggino la reputazione dell&#8217;azienda in occasione di eventi aziendali e commerciali.<\/li>\n<\/ol>\n","protected":false},"excerpt":{"rendered":"<p>LA NOSTRA POLITICA DELLE RISORSE UMANE Aumentare le conoscenze, le abilit\u00e0 e le competenze dei dipendenti in relazione alle istituzioni e agli individui, Condurre studi congiunti con universit\u00e0, scuole professionali, istituzioni e organizzazioni non governative, Adottare, partecipare e incoraggiare il concetto di responsabilit\u00e0 sociale e i progetti in tutte le applicazioni, Seguire le innovazioni e garantire il loro adattamento all&#8217;azienda e mirare ad alimentare il&#8230; <\/p>\n<p class=\"more\"><a class=\"more-link\" href=\"https:\/\/ozcelik.com\/it\/politica-delle-risorse-umane\/\">Read More<\/a><\/p>\n","protected":false},"author":1,"featured_media":0,"parent":0,"menu_order":0,"comment_status":"closed","ping_status":"closed","template":"","meta":{"inline_featured_image":false,"footnotes":""},"class_list":["post-17549","page","type-page","status-publish","hentry","is-cat-link-solid is-cat-link-rounded"],"_links":{"self":[{"href":"https:\/\/ozcelik.com\/it\/wp-json\/wp\/v2\/pages\/17549","targetHints":{"allow":["GET"]}}],"collection":[{"href":"https:\/\/ozcelik.com\/it\/wp-json\/wp\/v2\/pages"}],"about":[{"href":"https:\/\/ozcelik.com\/it\/wp-json\/wp\/v2\/types\/page"}],"author":[{"embeddable":true,"href":"https:\/\/ozcelik.com\/it\/wp-json\/wp\/v2\/users\/1"}],"replies":[{"embeddable":true,"href":"https:\/\/ozcelik.com\/it\/wp-json\/wp\/v2\/comments?post=17549"}],"version-history":[{"count":2,"href":"https:\/\/ozcelik.com\/it\/wp-json\/wp\/v2\/pages\/17549\/revisions"}],"predecessor-version":[{"id":20561,"href":"https:\/\/ozcelik.com\/it\/wp-json\/wp\/v2\/pages\/17549\/revisions\/20561"}],"wp:attachment":[{"href":"https:\/\/ozcelik.com\/it\/wp-json\/wp\/v2\/media?parent=17549"}],"curies":[{"name":"wp","href":"https:\/\/api.w.org\/{rel}","templated":true}]}}