{"id":14971,"date":"2024-10-26T21:22:00","date_gmt":"2024-10-26T21:22:00","guid":{"rendered":"https:\/\/ozcelik.com\/it\/?page_id=14971"},"modified":"2025-10-13T10:54:47","modified_gmt":"2025-10-13T10:54:47","slug":"gestione-integrata","status":"publish","type":"page","link":"https:\/\/ozcelik.com\/it\/gestione-integrata\/","title":{"rendered":"Gestione integrata"},"content":{"rendered":"<p>Come \u00d6Z\u00c7EL\u0130K, la nostra filosofia di base \u00e8 la seguente:<\/p>\n<p>Lo scopo del nostro Sistema di Gestione Integrato, che comprende tutte le questioni relative alla Qualit\u00e0, all&#8217;Ambiente, alla Salute e alla Sicurezza sul Lavoro, \u00e8 quello di soddisfare le esigenze e le aspettative dei nostri stakeholder, adempiere alle nostre responsabilit\u00e0 nei confronti della societ\u00e0, dell&#8217;ambiente e dei nostri dipendenti e migliorare continuamente la qualit\u00e0 dei nostri servizi.<\/p>\n<p>La politica del Sistema di Gestione Integrato di \u00d6Z\u00c7EL\u0130K si basa sui seguenti punti per raggiungere questo obiettivo.<\/p>\n<ul>\n<li>Migliorare continuamente le prestazioni di tutti i processi inclusi nei Sistemi di Gestione Integrati, dei prodotti e dei servizi in conformit\u00e0 con le leggi nazionali e internazionali e gli standard pertinenti con la partecipazione dei propri dipendenti e rendere questo un valore aziendale,<\/li>\n<li>Adotteremo la fornitura di prodotti\/servizi di qualit\u00e0 e un lavoro orientato al cliente come principio fondamentale in tutti i progetti che realizzeremo,<\/li>\n<li>Garantire il miglioramento continuo della qualit\u00e0 e la riduzione continua dei costi per sviluppare nuovi prodotti, migliorare i prodotti e i processi esistenti e aumentare la soddisfazione dei clienti, dando priorit\u00e0 agli standard di alta qualit\u00e0 e sicurezza in fase di progettazione.<\/li>\n<li>Garantire la continuit\u00e0 della soddisfazione dei clienti fornendo un servizio post-vendita di qualit\u00e0 ed efficace.<\/li>\n<li>Lavorare con il principio di zero incidenti in materia di salute e sicurezza sul lavoro. Incoraggiare la partecipazione dei dipendenti al lavoro svolto e fornire un ambiente di comunicazione aperto.<\/li>\n<li>Prevenire l&#8217;inquinamento, ridurre i rifiuti, garantire lo smaltimento dei rifiuti, principalmente attraverso il riciclaggio.<\/li>\n<li>Considerare i possibili impatti ambientali e i rischi per la salute e la sicurezza sul lavoro nella realizzazione della produzione.<\/li>\n<li>Monitorare e misurare le prestazioni dei sistemi di gestione, lavorare in modo continuo e migliorare le prestazioni in base ai risultati di tale monitoraggio e misurazione.<\/li>\n<li>Come azienda con un modello di business che gode della fiducia di tutti i nostri stakeholder, crescita sostenibile oltre ogni confine nel settore della produzione di macchinari per la lavorazione dell&#8217;alluminio e del PVC.<\/li>\n<\/ul>\n<p>La nostra politica \u00e8 un quadro di riferimento per la definizione dei nostri obiettivi, \u00e8 stata resa accessibile alle parti interessate, comunicata ai nostri dipendenti e alle parti interessate, la sua continuit\u00e0 \u00e8 garantita e viene periodicamente rivista.<\/p>\n<p>Garantire l&#8217;efficacia delle prestazioni dei nostri sistemi di gestione integrati, contribuire al loro continuo miglioramento e sviluppo. Ci impegniamo a rivedere continuamente i nostri obiettivi e programmi e a soddisfare le esigenze infrastrutturali, informatiche e tecnologiche necessarie per raggiungere gli obiettivi, a rispettare i requisiti dei clienti, le norme nazionali e internazionali, le leggi, i regolamenti e i requisiti dei nostri sistemi di gestione, nonch\u00e9 i regolamenti aziendali relativi alle nostre attivit\u00e0.<\/p>\n","protected":false},"excerpt":{"rendered":"<p>Come \u00d6Z\u00c7EL\u0130K, la nostra filosofia di base \u00e8 la seguente: Lo scopo del nostro Sistema di Gestione Integrato, che comprende tutte le questioni relative alla Qualit\u00e0, all&#8217;Ambiente, alla Salute e alla Sicurezza sul Lavoro, \u00e8 quello di soddisfare le esigenze e le aspettative dei nostri stakeholder, adempiere alle nostre responsabilit\u00e0 nei confronti della societ\u00e0, dell&#8217;ambiente e dei nostri dipendenti e migliorare continuamente la qualit\u00e0 dei&#8230; <\/p>\n<p class=\"more\"><a class=\"more-link\" href=\"https:\/\/ozcelik.com\/it\/gestione-integrata\/\">Read More<\/a><\/p>\n","protected":false},"author":1,"featured_media":0,"parent":0,"menu_order":0,"comment_status":"closed","ping_status":"closed","template":"","meta":{"inline_featured_image":false,"footnotes":""},"class_list":["post-14971","page","type-page","status-publish","hentry","is-cat-link-solid is-cat-link-rounded"],"_links":{"self":[{"href":"https:\/\/ozcelik.com\/it\/wp-json\/wp\/v2\/pages\/14971","targetHints":{"allow":["GET"]}}],"collection":[{"href":"https:\/\/ozcelik.com\/it\/wp-json\/wp\/v2\/pages"}],"about":[{"href":"https:\/\/ozcelik.com\/it\/wp-json\/wp\/v2\/types\/page"}],"author":[{"embeddable":true,"href":"https:\/\/ozcelik.com\/it\/wp-json\/wp\/v2\/users\/1"}],"replies":[{"embeddable":true,"href":"https:\/\/ozcelik.com\/it\/wp-json\/wp\/v2\/comments?post=14971"}],"version-history":[{"count":3,"href":"https:\/\/ozcelik.com\/it\/wp-json\/wp\/v2\/pages\/14971\/revisions"}],"predecessor-version":[{"id":20563,"href":"https:\/\/ozcelik.com\/it\/wp-json\/wp\/v2\/pages\/14971\/revisions\/20563"}],"wp:attachment":[{"href":"https:\/\/ozcelik.com\/it\/wp-json\/wp\/v2\/media?parent=14971"}],"curies":[{"name":"wp","href":"https:\/\/api.w.org\/{rel}","templated":true}]}}