{"id":14969,"date":"2024-10-26T21:21:49","date_gmt":"2024-10-26T21:21:49","guid":{"rendered":"https:\/\/ozcelik.com\/it\/?page_id=14969"},"modified":"2025-10-13T10:52:20","modified_gmt":"2025-10-13T10:52:20","slug":"politica-della-qualita","status":"publish","type":"page","link":"https:\/\/ozcelik.com\/it\/politica-della-qualita\/","title":{"rendered":"Politica della qualit\u00e0"},"content":{"rendered":"<p>La nostra filosofia di base \u00e8 quella di essere un&#8217;azienda turca internazionale che offre ai propri clienti soddisfazione illimitata e affidabile senza sacrificare la qualit\u00e0, rinnovandosi costantemente.<br \/>\n\u00d6z\u00e7elik ha adottato il principio di essere sensibile alle persone e all&#8217;ambiente e di proteggere l&#8217;importanza e la riservatezza delle risorse informative mentre svolge le proprie attivit\u00e0 di produzione e assistenza.<br \/>\nUtilizzando tecnologie in via di sviluppo e aggiornate, produciamo prodotti facilmente accessibili e affidabili che soddisfano le aspettative dei clienti. In questo contesto, nei prodotti e nei servizi che forniamo, mantenere la soddisfazione dei clienti al massimo livello e gestire efficacemente il loro feedback costituisce la base della nostra politica di qualit\u00e0.<br \/>\nNel quadro dei principi della nostra politica di qualit\u00e0<br \/>\nCertificazione, accreditamento e miglioramento continuo del nostro sistema di gestione della qualit\u00e0 per soddisfare i requisiti della norma ISO 9001 sui sistemi di gestione della qualit\u00e0,<br \/>\nBasandoci sulla filosofia della Qualit\u00e0 Totale, raggiungiamo gli obiettivi aziendali e di unit\u00e0 con spirito di squadra,<br \/>\nRivediamo i nostri processi aziendali e determiniamo approcci preventivi che miglioreranno le nostre prestazioni,<br \/>\nIn linea con l&#8217;approccio di miglioramento continuo, aumentiamo l&#8217;efficienza in tutti i nostri processi produttivi a un livello che ci consente di competere a livello nazionale e globale,<br \/>\nIncoraggiamo approcci innovativi e creativi, svolgiamo corsi di formazione che aumentano le competenze tecniche e comportamentali,<br \/>\nGarantire che i nostri dipendenti lavorino in ambienti confortevoli e sicuri, proteggendoli dagli effetti negativi del luogo di lavoro e dagli incidenti; effettuare analisi dei pericoli e dei rischi al fine di eliminare le condizioni che possono influire negativamente sulla salute e la sicurezza di tutte le parti che potrebbero essere influenzate negativamente dalle nostre attivit\u00e0.<br \/>\nRidurre l&#8217;uso di sostanze nocive nella progettazione dei prodotti e scegliere prodotti che non danneggiano l&#8217;ambiente o lo danneggiano in misura minima.<br \/>\nMigliorare continuamente la nostra efficacia rispettando i requisiti del nostro Sistema di Gestione della Qualit\u00e0, migliorando continuamente le nostre risorse per garantire la soddisfazione dei clienti.<br \/>\nAgire in conformit\u00e0 con le normative legali internazionali applicabili, le leggi\/normative nazionali e altri obblighi.<br \/>\nCome azienda \u00d6z\u00e7elik, ci impegniamo a svolgere studi in linea con tutti questi obiettivi e ad allocare risorse sufficienti e in loco in questo modo.<\/p>\n","protected":false},"excerpt":{"rendered":"<p>La nostra filosofia di base \u00e8 quella di essere un&#8217;azienda turca internazionale che offre ai propri clienti soddisfazione illimitata e affidabile senza sacrificare la qualit\u00e0, rinnovandosi costantemente. \u00d6z\u00e7elik ha adottato il principio di essere sensibile alle persone e all&#8217;ambiente e di proteggere l&#8217;importanza e la riservatezza delle risorse informative mentre svolge le proprie attivit\u00e0 di produzione e assistenza. Utilizzando tecnologie in via di sviluppo e&#8230; <\/p>\n<p class=\"more\"><a class=\"more-link\" href=\"https:\/\/ozcelik.com\/it\/politica-della-qualita\/\">Read More<\/a><\/p>\n","protected":false},"author":1,"featured_media":0,"parent":0,"menu_order":0,"comment_status":"closed","ping_status":"closed","template":"","meta":{"inline_featured_image":false,"footnotes":""},"class_list":["post-14969","page","type-page","status-publish","hentry","is-cat-link-solid is-cat-link-rounded"],"_links":{"self":[{"href":"https:\/\/ozcelik.com\/it\/wp-json\/wp\/v2\/pages\/14969","targetHints":{"allow":["GET"]}}],"collection":[{"href":"https:\/\/ozcelik.com\/it\/wp-json\/wp\/v2\/pages"}],"about":[{"href":"https:\/\/ozcelik.com\/it\/wp-json\/wp\/v2\/types\/page"}],"author":[{"embeddable":true,"href":"https:\/\/ozcelik.com\/it\/wp-json\/wp\/v2\/users\/1"}],"replies":[{"embeddable":true,"href":"https:\/\/ozcelik.com\/it\/wp-json\/wp\/v2\/comments?post=14969"}],"version-history":[{"count":3,"href":"https:\/\/ozcelik.com\/it\/wp-json\/wp\/v2\/pages\/14969\/revisions"}],"predecessor-version":[{"id":20560,"href":"https:\/\/ozcelik.com\/it\/wp-json\/wp\/v2\/pages\/14969\/revisions\/20560"}],"wp:attachment":[{"href":"https:\/\/ozcelik.com\/it\/wp-json\/wp\/v2\/media?parent=14969"}],"curies":[{"name":"wp","href":"https:\/\/api.w.org\/{rel}","templated":true}]}}