{"id":14965,"date":"2024-10-26T21:21:36","date_gmt":"2024-10-26T21:21:36","guid":{"rendered":"https:\/\/ozcelik.com\/it\/?page_id=14965"},"modified":"2025-10-13T10:50:47","modified_gmt":"2025-10-13T10:50:47","slug":"politica-sui-cookie","status":"publish","type":"page","link":"https:\/\/ozcelik.com\/it\/politica-sui-cookie\/","title":{"rendered":"Politica sui cookie"},"content":{"rendered":"<p>La presente Informativa sui cookie (\u201cInformativa\u201d) \u00e8 basata su <b>\u00d6Z\u00c7EL\u0130K MAK\u0130NA SAN. A.\u015e.<\/b> \u00c8 valida per il sito web www.ozcelik.com gestito dalla societ\u00e0 e i cookie saranno utilizzati come specificato nella presente Informativa durante la visita al sito.<\/p>\n<ol>\n<li><b>Che cos&#8217;\u00e8 un cookie?<\/b> I cookie sono piccoli file di testo creati sul dispositivo dell&#8217;utente da un sito web e contengono dati in formato nome-valore. I cookie consentono al sito web visitato di memorizzare informazioni sul dispositivo dell&#8217;utente e di utilizzare tali informazioni durante le visite successive. I cookie creati da un sito web vengono memorizzati dal browser web utilizzato per accedere al sito e l&#8217;accesso remoto alle informazioni contenute nei cookie \u00e8 possibile solo dai siti web offerti con il nome di dominio (ad esempio site.org.tr) che ha creato il cookie e se si utilizza lo stesso browser. I cookie sono diventati una parte importante delle tecnologie web odierne e le loro funzioni di base sono: il riconoscimento del dispositivo attraverso la memorizzazione del visitatore e delle sue preferenze. Quasi tutti i siti web utilizzano i cookie.<\/li>\n<li><b>Tipi di cookie<\/b>: i cookie creati dal sito web visitato e che possono essere letti solo da questo sito web sono cookie primari. Il contenuto presentato sul sito visitato pu\u00f2 anche essere fornito attraverso domini diversi dal nome di dominio all&#8217;indirizzo di accesso (ad esempio, la visualizzazione di contenuti ospitati su una piattaforma video attraverso un sito di social media); in questo caso, ogni nome di dominio pu\u00f2 creare i propri cookie di terze parti unici.<\/li>\n<li><b>A cosa servono i cookie?<\/b> Utilizziamo i cookie per i seguenti scopi: ricordare le tue preferenze di navigazione e di utilizzo durante la tua visita al nostro sito web (ad esempio, la lingua di visualizzazione, ecc.), facilitare l&#8217;uso del nostro sito web e personalizzarlo in base alle tue preferenze; garantire il corretto funzionamento delle varie caratteristiche e funzioni del nostro sito web (ad esempio, mantenerti connesso, incorporare contenuti dinamici, ecc.); Per raccogliere informazioni generali su come il nostro sito web viene utilizzato dai nostri visitatori e per analizzare queste informazioni al fine di correggere le pagine errate, migliorare l&#8217;esperienza dei clienti, rimuovere o migliorare le pagine non gradite. I dati che raccogliamo tramite i cookie non vengono utilizzati per identificare l&#8217;utente, per creare profili personalizzati e targeting, n\u00e9 per tracciare le attivit\u00e0 Internet dell&#8217;utente al di fuori del nostro sito web. I cookie non vengono utilizzati per scopi diversi da quelli specificati nella presente Informativa e tutte le transazioni pertinenti vengono effettuate in conformit\u00e0 con la legislazione sulla protezione dei dati. Tipi di cookie Tipo di cookie Descrizione Cookie di sessione I cookie di sessione sono cookie validi durante l&#8217;utilizzo del sito web e rimangono validi fino alla chiusura del browser web. Cookie persistenti Questi cookie sono cookie che vengono memorizzati nel browser e rimangono validi fino a quando non vengono cancellati dall&#8217;utente o fino alla loro data di scadenza. Cookie obbligatori Si tratta di cookie che devono essere utilizzati affinch\u00e9 il sito web funzioni correttamente e affinch\u00e9 l&#8217;utente possa beneficiare delle funzionalit\u00e0 del sito e dei servizi offerti. Cookie funzionali e analitici Questi cookie vengono utilizzati per scopi quali ricordare le preferenze dell&#8217;utente, utilizzare il sito web in modo efficace, ottimizzare il sito per rispondere alle richieste dell&#8217;utente e contengono dati su come l&#8217;utente utilizza il sito. A causa della loro natura, questi tipi di cookie possono contenere dati personali dell&#8217;utente. Ad esempio, i cookie che registrano le preferenze dell&#8217;utente per la lingua di visualizzazione del sito sono cookie funzionali. Cookie di tracciamento I cookie di tracciamento sono cookie primari e di terze parti creati durante la visita al nostro sito web e a domini di terze parti. Questi cookie consentono di tracciare la cronologia dei clic e delle visite nei domini in cui sono stati creati e di abbinare questi record tra diversi nomi di dominio. Tali cookie vengono utilizzati allo scopo di riconoscere e profilare gli utenti, indirizzare attivit\u00e0 pubblicitarie e di marketing e personalizzare i contenuti. Questi cookie non saranno utilizzati per identificare l&#8217;utente o prendere decisioni personalizzate.<\/li>\n<li><b>Gestione dei cookie<\/b>: i browser web generalmente accettano i cookie automaticamente. L&#8217;uso dei cookie non \u00e8 obbligatorio per utilizzare il nostro sito web, ma se si imposta il browser in modo da non accettare i cookie, la qualit\u00e0 dell&#8217;esperienza utente potrebbe diminuire e varie funzioni dei nostri siti potrebbero essere compromesse. Il browser pu\u00f2 essere configurato in modo da bloccare i cookie per tutti i siti o per siti specifici, avvisare quando viene creato un cookie, bloccare i cookie di terze parti o considerare tutti i cookie come cookie di sessione. Inoltre, \u00e8 possibile eliminare i cookie tramite il browser o visualizzare l&#8217;elenco dei cookie memorizzati nel browser e i relativi valori. Per informazioni dettagliate sulle funzioni di gestione dei cookie del browser, fare clic sul link corrispondente riportato di seguito per ottenere informazioni dal sito web del browser.<\/li>\n<li>Ulteriori informazioni sui cookie Si consiglia ai visitatori che desiderano ottenere informazioni pi\u00f9 dettagliate sui cookie di visitare il sito <b>www.aboutcookies.org<\/b> (in inglese).<\/li>\n<\/ol>\n","protected":false},"excerpt":{"rendered":"<p>La presente Informativa sui cookie (\u201cInformativa\u201d) \u00e8 basata su \u00d6Z\u00c7EL\u0130K MAK\u0130NA SAN. A.\u015e. \u00c8 valida per il sito web www.ozcelik.com gestito dalla societ\u00e0 e i cookie saranno utilizzati come specificato nella presente Informativa durante la visita al sito. Che cos&#8217;\u00e8 un cookie? I cookie sono piccoli file di testo creati sul dispositivo dell&#8217;utente da un sito web e contengono dati in formato nome-valore. I cookie&#8230; <\/p>\n<p class=\"more\"><a class=\"more-link\" href=\"https:\/\/ozcelik.com\/it\/politica-sui-cookie\/\">Read More<\/a><\/p>\n","protected":false},"author":1,"featured_media":0,"parent":0,"menu_order":0,"comment_status":"closed","ping_status":"closed","template":"","meta":{"inline_featured_image":false,"footnotes":""},"class_list":["post-14965","page","type-page","status-publish","hentry","is-cat-link-solid is-cat-link-rounded"],"_links":{"self":[{"href":"https:\/\/ozcelik.com\/it\/wp-json\/wp\/v2\/pages\/14965","targetHints":{"allow":["GET"]}}],"collection":[{"href":"https:\/\/ozcelik.com\/it\/wp-json\/wp\/v2\/pages"}],"about":[{"href":"https:\/\/ozcelik.com\/it\/wp-json\/wp\/v2\/types\/page"}],"author":[{"embeddable":true,"href":"https:\/\/ozcelik.com\/it\/wp-json\/wp\/v2\/users\/1"}],"replies":[{"embeddable":true,"href":"https:\/\/ozcelik.com\/it\/wp-json\/wp\/v2\/comments?post=14965"}],"version-history":[{"count":3,"href":"https:\/\/ozcelik.com\/it\/wp-json\/wp\/v2\/pages\/14965\/revisions"}],"predecessor-version":[{"id":20558,"href":"https:\/\/ozcelik.com\/it\/wp-json\/wp\/v2\/pages\/14965\/revisions\/20558"}],"wp:attachment":[{"href":"https:\/\/ozcelik.com\/it\/wp-json\/wp\/v2\/media?parent=14965"}],"curies":[{"name":"wp","href":"https:\/\/api.w.org\/{rel}","templated":true}]}}