{"id":14963,"date":"2024-10-26T21:21:28","date_gmt":"2024-10-26T21:21:28","guid":{"rendered":"https:\/\/ozcelik.com\/it\/?page_id=14963"},"modified":"2025-10-13T10:49:49","modified_gmt":"2025-10-13T10:49:49","slug":"condizioni-duso","status":"publish","type":"page","link":"https:\/\/ozcelik.com\/it\/condizioni-duso\/","title":{"rendered":"Condizioni d&#8217;uso"},"content":{"rendered":"<p>\u00d6Z\u00c7EL\u0130K MAK\u0130NA SANAY\u0130 VE T\u0130CARET ANONIM \u015eirketi (\u201c\u00d6z\u00e7elik Makina\u201d) e\/o il sito web \u00d6z\u00e7elik Makina (\u201cSito web\u201d), i redattori di tutti i tipi di contenuti presenti sul Sito web, i dipendenti, le persone e le organizzazioni autorizzate da \u00d6z\u00e7elik Makina non hanno alcuna responsabilit\u00e0 legale o penale per eventuali reclami relativi a danni materiali e morali che potrebbero derivare dalla mancata lettura dei presenti termini o dal mancato rispetto degli stessi in futuro.<br \/>\nCi\u00f2 significa che: compreso l&#8217;uso di articoli, informazioni, commenti, notizie, immagini che potrebbero essere stati pubblicati sul sito web, l&#8217;uso del logo di \u00d6z\u00e7elik Makina, della home page e dei link alle sottosezioni su altri siti web, web, posta, sito mobile, ecc. e tutti i tipi di contenuti caricati e pubblicati dagli utenti sui server di \u00d6z\u00e7elik Makina, ma non inclusi nelle informazioni e nei commenti ottenuti dai visitatori del sito web, da coloro che partecipano alle piattaforme di commento, dalle societ\u00e0 pubblicitarie e di sponsorizzazione, e l&#8217;uso di tutti i tipi di contenuti caricati e pubblicati dagli utenti sui server di \u00d6z\u00e7elik Makina. \u00d6z\u00e7elik Makina non ha alcuna responsabilit\u00e0 legale, penale e\/o personale per qualsiasi contenuto che non sia sotto la sua responsabilit\u00e0 e autorit\u00e0 a causa della struttura di Internet in linea con le pratiche generali, inclusi ma non limitati a individui o pubblicazioni, e i visitatori di questo sito web accettano e dichiarano questo aspetto dal momento in cui accedono al sito.<br \/>\n\u00d6z\u00e7elik Makina ha il diritto di modificare e aggiornare unilateralmente i presenti termini e condizioni in qualsiasi momento senza preavviso.<br \/>\nTutti i tipi di informazioni, dati statistici e valori presenti sul sito web sono stati raccolti da fonti la cui affidabilit\u00e0 \u00e8 accettata nell&#8217;ambito delle pratiche generali e la loro accuratezza e adeguatezza non sono garantite in alcun modo da \u00d6z\u00e7elik Makina.<br \/>\n\u00d6z\u00e7elik Makina non ha alcuna responsabilit\u00e0 legale o penale per danni diretti o indiretti, materiali e\/o morali, negativi e\/o positivi e altri possibili danni e spese che potrebbero derivare dall&#8217;uso delle informazioni, delle valutazioni, dei commenti e dei dati e valori statistici presenti sul sito web.<br \/>\nSi presume e si accetta che l&#8217;utente abbia letto le avvertenze e le dichiarazioni di cui sopra prima di accedere al sito web e, in caso di controversie, reclami o richieste in merito, le frasi scritte sul sito web e tutti gli altri registri informatici appartenenti a \u00d6z\u00e7elik Makina saranno sottoposti all&#8217;autorit\u00e0 dei tribunali e degli uffici esecutivi di Istanbul, in conformit\u00e0 con l&#8217;articolo 193 del codice di procedura civile, come unica e vera prova esclusiva. Ci\u00f2 \u00e8 accettato, dichiarato e sottoscritto dalla\/e persona\/e, organizzazione\/i.<\/p>\n","protected":false},"excerpt":{"rendered":"<p>\u00d6Z\u00c7EL\u0130K MAK\u0130NA SANAY\u0130 VE T\u0130CARET ANONIM \u015eirketi (\u201c\u00d6z\u00e7elik Makina\u201d) e\/o il sito web \u00d6z\u00e7elik Makina (\u201cSito web\u201d), i redattori di tutti i tipi di contenuti presenti sul Sito web, i dipendenti, le persone e le organizzazioni autorizzate da \u00d6z\u00e7elik Makina non hanno alcuna responsabilit\u00e0 legale o penale per eventuali reclami relativi a danni materiali e morali che potrebbero derivare dalla mancata lettura dei presenti termini&#8230; <\/p>\n<p class=\"more\"><a class=\"more-link\" href=\"https:\/\/ozcelik.com\/it\/condizioni-duso\/\">Read More<\/a><\/p>\n","protected":false},"author":1,"featured_media":0,"parent":0,"menu_order":0,"comment_status":"closed","ping_status":"closed","template":"","meta":{"inline_featured_image":false,"footnotes":""},"class_list":["post-14963","page","type-page","status-publish","hentry","is-cat-link-solid is-cat-link-rounded"],"_links":{"self":[{"href":"https:\/\/ozcelik.com\/it\/wp-json\/wp\/v2\/pages\/14963","targetHints":{"allow":["GET"]}}],"collection":[{"href":"https:\/\/ozcelik.com\/it\/wp-json\/wp\/v2\/pages"}],"about":[{"href":"https:\/\/ozcelik.com\/it\/wp-json\/wp\/v2\/types\/page"}],"author":[{"embeddable":true,"href":"https:\/\/ozcelik.com\/it\/wp-json\/wp\/v2\/users\/1"}],"replies":[{"embeddable":true,"href":"https:\/\/ozcelik.com\/it\/wp-json\/wp\/v2\/comments?post=14963"}],"version-history":[{"count":5,"href":"https:\/\/ozcelik.com\/it\/wp-json\/wp\/v2\/pages\/14963\/revisions"}],"predecessor-version":[{"id":20557,"href":"https:\/\/ozcelik.com\/it\/wp-json\/wp\/v2\/pages\/14963\/revisions\/20557"}],"wp:attachment":[{"href":"https:\/\/ozcelik.com\/it\/wp-json\/wp\/v2\/media?parent=14963"}],"curies":[{"name":"wp","href":"https:\/\/api.w.org\/{rel}","templated":true}]}}