{"id":14871,"date":"2024-10-26T19:09:14","date_gmt":"2024-10-26T19:09:14","guid":{"rendered":"https:\/\/ozcelik.com\/fr\/?page_id=14871"},"modified":"2025-07-28T08:00:48","modified_gmt":"2025-07-28T08:00:48","slug":"dealer-login","status":"publish","type":"page","link":"https:\/\/ozcelik.com\/fr\/dealer-login\/","title":{"rendered":"Dealer Login"},"content":{"rendered":"\t\t<div data-elementor-type=\"wp-page\" data-elementor-id=\"14871\" class=\"elementor elementor-14871\" data-elementor-post-type=\"page\">\n\t\t\t\t\t\t<section class=\"elementor-section elementor-top-section elementor-element elementor-element-18cd78e3 elementor-section-height-min-height elementor-section-boxed elementor-section-height-default elementor-section-items-middle\" data-id=\"18cd78e3\" data-element_type=\"section\" data-e-type=\"section\" data-settings=\"{&quot;background_background&quot;:&quot;classic&quot;}\">\n\t\t\t\t\t\t<div class=\"elementor-container elementor-column-gap-default\">\n\t\t\t\t\t<div class=\"elementor-column elementor-col-100 elementor-top-column elementor-element elementor-element-3e780e85\" data-id=\"3e780e85\" data-element_type=\"column\" data-e-type=\"column\">\n\t\t\t<div class=\"elementor-widget-wrap elementor-element-populated\">\n\t\t\t\t\t\t<div class=\"elementor-element elementor-element-5f50e38f elementor-widget elementor-widget-qi_addons_for_elementor_animated_text\" data-id=\"5f50e38f\" data-element_type=\"widget\" data-e-type=\"widget\" data-widget_type=\"qi_addons_for_elementor_animated_text.default\">\n\t\t\t\t<div class=\"elementor-widget-container\">\n\t\t\t\t\t<div class=\"qodef-shortcode qodef-m qodef-qi-animated-text qodef--animated-by-letter qodef--alignment-center qodef-qi--has-appear qodef--appear-from-right\" >\n\t\t<h1 class=\"qodef-m-title\">\n\t\t<span class=\"qodef-e-word-holder\">ESPACE<\/span> <span class=\"qodef-e-word-holder\">DISTRIBUTEURS<\/span>\t<\/h1>\n<\/div>\n\t\t\t\t<\/div>\n\t\t\t\t<\/div>\n\t\t\t\t\t<\/div>\n\t\t<\/div>\n\t\t\t\t\t<\/div>\n\t\t<\/section>\n\t\t\t\t<section class=\"elementor-section elementor-top-section elementor-element elementor-element-5d0bfaa5 elementor-section-boxed elementor-section-height-default elementor-section-height-default\" data-id=\"5d0bfaa5\" data-element_type=\"section\" data-e-type=\"section\">\n\t\t\t\t\t\t<div class=\"elementor-container elementor-column-gap-default\">\n\t\t\t\t\t<div class=\"elementor-column elementor-col-50 elementor-top-column elementor-element elementor-element-2f9c7de4\" data-id=\"2f9c7de4\" data-element_type=\"column\" data-e-type=\"column\">\n\t\t\t<div class=\"elementor-widget-wrap elementor-element-populated\">\n\t\t\t\t\t\t<div class=\"elementor-element elementor-element-ef77953 elementor-widget elementor-widget-image\" data-id=\"ef77953\" data-element_type=\"widget\" data-e-type=\"widget\" data-widget_type=\"image.default\">\n\t\t\t\t<div class=\"elementor-widget-container\">\n\t\t\t\t\t\t\t\t\t\t\t\t\t\t\t<img decoding=\"async\" width=\"296\" height=\"109\" src=\"https:\/\/ozcelik.com\/fr\/wp-content\/uploads\/2024\/10\/ozmachine-logo.png\" class=\"attachment-large size-large wp-image-11891\" alt=\"\" \/>\t\t\t\t\t\t\t\t\t\t\t\t\t\t\t<\/div>\n\t\t\t\t<\/div>\n\t\t\t\t<div class=\"elementor-element elementor-element-fb88f7c elementor-widget elementor-widget-qi_addons_for_elementor_animated_text\" data-id=\"fb88f7c\" data-element_type=\"widget\" data-e-type=\"widget\" data-widget_type=\"qi_addons_for_elementor_animated_text.default\">\n\t\t\t\t<div class=\"elementor-widget-container\">\n\t\t\t\t\t<div class=\"qodef-shortcode qodef-m qodef-qi-animated-text qodef--animated-by-letter qodef--alignment-left qodef-qi--has-appear qodef--appear-from-right\" >\n\t\t<h1 class=\"qodef-m-title\">\n\t\t<span class=\"qodef-e-word-holder\">Bienvenue,<\/span> <span class=\"qodef-e-word-holder\">panel<\/span> <span class=\"qodef-e-word-holder\">de<\/span> <span class=\"qodef-e-word-holder\">concessionnaires<\/span>\t<\/h1>\n<\/div>\n\t\t\t\t<\/div>\n\t\t\t\t<\/div>\n\t\t\t\t<div class=\"elementor-element elementor-element-29ec513 elementor-widget elementor-widget-spacer\" data-id=\"29ec513\" data-element_type=\"widget\" data-e-type=\"widget\" data-widget_type=\"spacer.default\">\n\t\t\t\t<div class=\"elementor-widget-container\">\n\t\t\t\t\t\t\t<div class=\"elementor-spacer\">\n\t\t\t<div class=\"elementor-spacer-inner\"><\/div>\n\t\t<\/div>\n\t\t\t\t\t\t<\/div>\n\t\t\t\t<\/div>\n\t\t\t\t<div class=\"elementor-element elementor-element-37c9155 elementor-widget elementor-widget-login\" data-id=\"37c9155\" data-element_type=\"widget\" data-e-type=\"widget\" data-widget_type=\"login.default\">\n\t\t\t\t<div class=\"elementor-widget-container\">\n\t\t\t\t\t\t\t<form class=\"elementor-login elementor-form\" method=\"post\" action=\"https:\/\/ozcelik.com\/fr\/wp-login.php\">\n\t\t\t<input type=\"hidden\" name=\"redirect_to\" value=\"https:\/\/ozcelik.com\/fr\/dealer-login\/\">\n\t\t\t<div class=\"elementor-form-fields-wrapper\">\n\t\t\t\t<div class=\"elementor-field-type-text elementor-field-group elementor-column elementor-col-100 elementor-field-required\">\n\t\t\t\t\t<label for=\"user-37c9155\" class=\"elementor-field-label\">Username or Email Address<\/label>\n\t\t\t\t\t<input size=\"1\" type=\"text\" name=\"log\" id=\"user-37c9155\" placeholder=\"\" class=\"elementor-field elementor-field-textual elementor-size-sm\">\n\t\t\t\t<\/div>\n\t\t\t\t<div class=\"elementor-field-type-text elementor-field-group elementor-column elementor-col-100 elementor-field-required\">\n\t\t\t\t\t<label for=\"password-37c9155\" class=\"elementor-field-label\">Password<\/label>\n\t\t\t\t\t<input size=\"1\" type=\"password\" name=\"pwd\" id=\"password-37c9155\" placeholder=\"\" class=\"elementor-field elementor-field-textual elementor-size-sm\">\n\t\t\t\t<\/div>\n\n\t\t\t\t\t\t\t\t\t<div class=\"elementor-field-type-checkbox elementor-field-group elementor-column elementor-col-100 elementor-remember-me\">\n\t\t\t\t\t\t<label for=\"elementor-login-remember-me\">\n\t\t\t\t\t\t\t<input type=\"checkbox\" id=\"elementor-login-remember-me\" name=\"rememberme\" value=\"forever\">\n\t\t\t\t\t\t\tRemember Me\t\t\t\t\t\t<\/label>\n\t\t\t\t\t<\/div>\n\t\t\t\t\n\t\t\t\t<div class=\"elementor-field-group elementor-column elementor-field-type-submit elementor-col-100\">\n\t\t\t\t\t<button type=\"submit\" class=\"elementor-size-sm elementor-button\" name=\"wp-submit\">\n\t\t\t\t\t\t\t\t\t\t\t\t\t\t\t<span class=\"elementor-button-text\">Log In<\/span>\n\t\t\t\t\t\t\t\t\t\t\t\t<\/button>\n\t\t\t\t<\/div>\n\n\t\t\t\t\t\t\t\t\t<div class=\"elementor-field-group elementor-column elementor-col-100\">\n\t\t\t\t\t\t\t\t\t\t\t\t\t\t\t\t\t\t\t\t<a class=\"elementor-lost-password\" href=\"https:\/\/ozcelik.com\/fr\/wp-login.php?action=lostpassword&redirect_to=https%3A%2F%2Fozcelik.com%2Ffr%2Fdealer-login%2F\">\n\t\t\t\t\t\t\t\tLost your password?\t\t\t\t\t\t\t<\/a>\n\t\t\t\t\t\t\n\t\t\t\t\t\t\t\t\t\t\t<\/div>\n\t\t\t\t\t\t\t<\/div>\n\t\t<\/form>\n\t\t\t\t\t\t<\/div>\n\t\t\t\t<\/div>\n\t\t\t\t\t<\/div>\n\t\t<\/div>\n\t\t\t\t<div class=\"elementor-column elementor-col-50 elementor-top-column elementor-element elementor-element-3d20751b\" data-id=\"3d20751b\" data-element_type=\"column\" data-e-type=\"column\">\n\t\t\t<div class=\"elementor-widget-wrap elementor-element-populated\">\n\t\t\t\t\t\t<div class=\"elementor-element elementor-element-930b70b elementor-widget elementor-widget-image\" data-id=\"930b70b\" data-element_type=\"widget\" data-e-type=\"widget\" data-widget_type=\"image.default\">\n\t\t\t\t<div class=\"elementor-widget-container\">\n\t\t\t\t\t\t\t\t\t\t\t\t\t\t\t<img fetchpriority=\"high\" decoding=\"async\" width=\"710\" height=\"913\" src=\"https:\/\/ozcelik.com\/fr\/wp-content\/uploads\/2024\/11\/dealer-login-796x1024.jpg\" class=\"attachment-large size-large wp-image-15565\" alt=\"\" srcset=\"https:\/\/ozcelik.com\/fr\/wp-content\/uploads\/2024\/11\/dealer-login-796x1024.jpg 796w, https:\/\/ozcelik.com\/fr\/wp-content\/uploads\/2024\/11\/dealer-login-233x300.jpg 233w, https:\/\/ozcelik.com\/fr\/wp-content\/uploads\/2024\/11\/dealer-login-768x987.jpg 768w, https:\/\/ozcelik.com\/fr\/wp-content\/uploads\/2024\/11\/dealer-login-428x550.jpg 428w, https:\/\/ozcelik.com\/fr\/wp-content\/uploads\/2024\/11\/dealer-login-550x707.jpg 550w, https:\/\/ozcelik.com\/fr\/wp-content\/uploads\/2024\/11\/dealer-login-389x500.jpg 389w, https:\/\/ozcelik.com\/fr\/wp-content\/uploads\/2024\/11\/dealer-login-840x1080.jpg 840w, https:\/\/ozcelik.com\/fr\/wp-content\/uploads\/2024\/11\/dealer-login.jpg 896w\" sizes=\"(max-width: 710px) 100vw, 710px\" \/>\t\t\t\t\t\t\t\t\t\t\t\t\t\t\t<\/div>\n\t\t\t\t<\/div>\n\t\t\t\t\t<\/div>\n\t\t<\/div>\n\t\t\t\t\t<\/div>\n\t\t<\/section>\n\t\t\t\t<section class=\"elementor-section elementor-top-section elementor-element elementor-element-3a19b35 elementor-section-height-min-height elementor-section-stretched elementor-section-boxed elementor-section-height-default elementor-section-items-middle\" data-id=\"3a19b35\" data-element_type=\"section\" data-e-type=\"section\" data-settings=\"{&quot;stretch_section&quot;:&quot;section-stretched&quot;,&quot;background_background&quot;:&quot;classic&quot;}\">\n\t\t\t\t\t\t\t<div class=\"elementor-background-overlay\"><\/div>\n\t\t\t\t\t\t\t<div class=\"elementor-container elementor-column-gap-default\">\n\t\t\t\t\t<div class=\"elementor-column elementor-col-100 elementor-top-column elementor-element elementor-element-91c6c77\" data-id=\"91c6c77\" data-element_type=\"column\" data-e-type=\"column\">\n\t\t\t<div class=\"elementor-widget-wrap elementor-element-populated\">\n\t\t\t\t\t\t<div class=\"elementor-element elementor-element-8774cc5 animated-slow elementor-invisible elementor-widget elementor-widget-qi_addons_for_elementor_typeout_text\" data-id=\"8774cc5\" data-element_type=\"widget\" data-e-type=\"widget\" data-settings=\"{&quot;_animation&quot;:&quot;fadeInUp&quot;}\" data-widget_type=\"qi_addons_for_elementor_typeout_text.default\">\n\t\t\t\t<div class=\"elementor-widget-container\">\n\t\t\t\t\t<div class=\"qodef-shortcode qodef-m qodef-qi-typeout-text\" data-strings=\"[&quot;&quot;]\">\n\t<h1 class=\"qodef-m-text\">\n\t\t\t\t\tTout ce dont vous avez besoin\t\t\t\t<span class=\"qodef-typeout-holder\">\n\t\t\t<span class=\"qodef-typeout\"><\/span>\n\t\t<\/span>\n\t<\/h1>\n<\/div>\n\t\t\t\t<\/div>\n\t\t\t\t<\/div>\n\t\t\t\t<div class=\"elementor-element elementor-element-aa20577 animated-slow elementor-invisible elementor-widget elementor-widget-qi_addons_for_elementor_typeout_text\" data-id=\"aa20577\" data-element_type=\"widget\" data-e-type=\"widget\" data-settings=\"{&quot;_animation&quot;:&quot;fadeInUp&quot;}\" data-widget_type=\"qi_addons_for_elementor_typeout_text.default\">\n\t\t\t\t<div class=\"elementor-widget-container\">\n\t\t\t\t\t<div class=\"qodef-shortcode qodef-m qodef-qi-typeout-text\" data-strings=\"[&quot;Merhaba&quot;,&quot;Hello&quot;,&quot;\\u041f\\u0440\\u0438\\u0432\\u0435\\u0442&quot;,&quot;Hola&quot;,&quot;Hallo&quot;,&quot;Ciao&quot;,&quot;Ol\\u00e1&quot;,&quot;\\u0645\\u0631\\u062d\\u0628&quot;,&quot;Bonjour&quot;,&quot;\\u3053\\u3093\\u306b\\u3061\\u306f&quot;,&quot;\\u4f60\\u597d&quot;]\">\n\t<h2 class=\"qodef-m-text\">\n\t\t\t\t\tN\u2019h\u00e9sitez pas \u00e0 nous contacter\t\t\t\t<span class=\"qodef-typeout-holder\">\n\t\t\t<span class=\"qodef-typeout\"><\/span>\n\t\t<\/span>\n\t<\/h2>\n<\/div>\n\t\t\t\t<\/div>\n\t\t\t\t<\/div>\n\t\t\t\t<div class=\"elementor-element elementor-element-d0a455f elementor-widget__width-auto animated-slow elementor-invisible elementor-widget elementor-widget-qi_addons_for_elementor_button\" data-id=\"d0a455f\" data-element_type=\"widget\" data-e-type=\"widget\" data-settings=\"{&quot;_animation&quot;:&quot;fadeInUp&quot;,&quot;_animation_delay&quot;:&quot;200&quot;}\" data-widget_type=\"qi_addons_for_elementor_button.default\">\n\t\t\t\t<div class=\"elementor-widget-container\">\n\t\t\t\t\t<a class=\"qodef-shortcode qodef-m qodef-qi-button qodef-html--link qodef-layout--outlined qodef-type--icon-boxed qodef-icon--right qodef-hover--icon-move-horizontal-short qodef-text-underline qodef-underline--left\" href=\"https:\/\/ozcelik.com\/fr\/contact\/\" target=\"_self\">\n\t<span class=\"qodef-m-text\">Contactez-nous <\/span>\n\t\t<span class=\"qodef-m-icon\">\n\t\t<span class=\"qodef-m-icon-inner\">\n\t\t\t<svg xmlns=\"http:\/\/www.w3.org\/2000\/svg\" x=\"0px\" y=\"0px\" width=\"7px\" height=\"7px\" viewBox=\"1.25 1.25 7 7\" xml:space=\"preserve\"><polygon fill=\"#ffffff\" points=\"1.25,1.25 1.25,2.25 6.543,2.25 1.25,7.543 1.958,8.25 7.25,2.957 7.25,8.25 8.25,8.25 8.25,1.25 8.25,1.25 \"><\/polygon><\/svg>\t\t\t\t\t<\/span>\n\t<\/span>\n<\/a>\n\t\t\t\t<\/div>\n\t\t\t\t<\/div>\n\t\t\t\t\t<\/div>\n\t\t<\/div>\n\t\t\t\t\t<\/div>\n\t\t<\/section>\n\t\t\t\t<\/div>\n\t\t","protected":false},"excerpt":{"rendered":"<p>ESPACE DISTRIBUTEURS Bienvenue, panel de concessionnaires PAGE DISTRIBUTEURS WELCOME DEAR PARTNER Afficher le E-Catalog Show Price List Show CE Certificate Centres Produits des centres d&#8217;exposition Portatives Afficher les produits ortatives D\u00e9coupe Afficher les produits de d\u00e9coupe Fraiseuses \u00e0 copier Afficher les produits de Fraiseuses \u00e0 copier Gruguage en bout et Entaillage Afficher les produits de fraisage et d&#8217;encochage Sertissage d\u2019angle Afficher les produits de sertissage&#8230; <\/p>\n<p class=\"more\"><a class=\"more-link\" href=\"https:\/\/ozcelik.com\/fr\/dealer-login\/\">Read More<\/a><\/p>\n","protected":false},"author":1,"featured_media":0,"parent":0,"menu_order":0,"comment_status":"closed","ping_status":"closed","template":"elementor_header_footer","meta":{"inline_featured_image":false,"footnotes":""},"class_list":["post-14871","page","type-page","status-publish","hentry","is-cat-link-solid is-cat-link-rounded"],"_links":{"self":[{"href":"https:\/\/ozcelik.com\/fr\/wp-json\/wp\/v2\/pages\/14871","targetHints":{"allow":["GET"]}}],"collection":[{"href":"https:\/\/ozcelik.com\/fr\/wp-json\/wp\/v2\/pages"}],"about":[{"href":"https:\/\/ozcelik.com\/fr\/wp-json\/wp\/v2\/types\/page"}],"author":[{"embeddable":true,"href":"https:\/\/ozcelik.com\/fr\/wp-json\/wp\/v2\/users\/1"}],"replies":[{"embeddable":true,"href":"https:\/\/ozcelik.com\/fr\/wp-json\/wp\/v2\/comments?post=14871"}],"version-history":[{"count":149,"href":"https:\/\/ozcelik.com\/fr\/wp-json\/wp\/v2\/pages\/14871\/revisions"}],"predecessor-version":[{"id":19617,"href":"https:\/\/ozcelik.com\/fr\/wp-json\/wp\/v2\/pages\/14871\/revisions\/19617"}],"wp:attachment":[{"href":"https:\/\/ozcelik.com\/fr\/wp-json\/wp\/v2\/media?parent=14871"}],"curies":[{"name":"wp","href":"https:\/\/api.w.org\/{rel}","templated":true}]}}