{"id":17549,"date":"2024-11-26T10:42:32","date_gmt":"2024-11-26T10:42:32","guid":{"rendered":"https:\/\/ozcelik.com\/de\/?page_id=17549"},"modified":"2025-09-30T09:40:44","modified_gmt":"2025-09-30T09:40:44","slug":"personalpolitik","status":"publish","type":"page","link":"https:\/\/ozcelik.com\/de\/personalpolitik\/","title":{"rendered":"Personalpolitik"},"content":{"rendered":"\t\t<div data-elementor-type=\"wp-page\" data-elementor-id=\"17549\" class=\"elementor elementor-17549\" data-elementor-post-type=\"page\">\n\t\t\t\t<div class=\"elementor-element elementor-element-25e6c951 e-flex e-con-boxed e-con e-parent\" data-id=\"25e6c951\" data-element_type=\"container\" data-e-type=\"container\">\n\t\t\t\t\t<div class=\"e-con-inner\">\n\t\t\t\t<div class=\"elementor-element elementor-element-5871252 elementor-widget elementor-widget-text-editor\" data-id=\"5871252\" data-element_type=\"widget\" data-e-type=\"widget\" data-widget_type=\"text-editor.default\">\n\t\t\t\t<div class=\"elementor-widget-container\">\n\t\t\t\t\t\t\t\t\t<p><strong>UNSERE PERSONALPOLITIK<\/strong><\/p><ul><li>Das Wissen, die F\u00e4higkeiten und Kompetenzen der Mitarbeiter in Bezug auf Institutionen und Einzelpersonen zu erweitern,<\/li><li>gemeinsame Studien mit Universit\u00e4ten, Berufsschulen, Institutionen und Nichtregierungsorganisationen durchzuf\u00fchren,<\/li><li>das Konzept der sozialen Verantwortung und Projekte in allen Anwendungsbereichen zu \u00fcbernehmen, daran teilzunehmen und zu f\u00f6rdern,<\/li><li>Innovationen zu verfolgen, ihre Anpassung an das Unternehmen sicherzustellen und darauf abzuzielen, den Innovationsprozess mit Personalpraktiken zu unterst\u00fctzen.<\/li><\/ul><p><strong>WERTE<\/strong><\/p><p>Als \u00d6Z\u00c7EL\u0130K-Familie liegt unser Fokus auf dem <b>\u201eMENSCHEN\u201d.<\/b> Das darf nicht verloren gehen.<\/p><p>Deshalb.<\/p><p><b>Wir;<\/b> Wir sind eine Gemeinschaft, die ernsthaft, ehrlich, konsequent und fair ist und gegen\u00fcber allen Menschen und Institutionen, mit denen wir in Kontakt stehen, Gesch\u00e4ftsethik walten l\u00e4sst.<\/p><p><b>Wir;<\/b> Wir sind Menschen, die die Rechte anderer respektieren, die Rechte ihrer selbst und ihrer Unternehmen sch\u00fctzen, Werte schaffen, die von ihnen geschaffenen Werte teilen und L\u00f6sungen im Rahmen der Regeln von Treu und Glauben erarbeiten.<\/p><p><b>Wir<\/b> sind bewusste und tolerante Menschen, die andere nicht aufgrund ihrer Merkmale wie Religion, Sprache, Hautfarbe und Geschlecht diskriminieren.<\/p><p><b>Wir<\/b> sind transparente, rechenschaftspflichtige, verantwortungsbewusste, effektive und effiziente Institutionen und Individuen.<\/p><p><b>Wir<\/b> glauben an die Rechtsstaatlichkeit und handeln in \u00dcbereinstimmung mit dem Gesetz.<\/p><p><b>Wir<\/b> haben keine Angst davor, Fehler zu machen und aus ihnen zu lernen.<\/p><p><b>Wir;<\/b> Wir sind Menschen, die danach streben, Technologie effektiv zu nutzen, um die Arbeit einfacher und schneller zu machen und smarter zu wirtschaften.<\/p><p><b>Wir;<\/b> Wir sind Menschen, die ihre unternehmerischen Befugnisse und Verantwortlichkeiten kennen und anwenden, eine Unternehmenskultur haben und sich um ihr Gesch\u00e4ft und ihr Unternehmen k\u00fcmmern.<\/p><p><b>Wir;<\/b> Wir sind Menschen, die daran arbeiten, Prozesse und Systeme in einem Gesch\u00e4ftsmodell aufzubauen, zu pflegen und zu dokumentieren, in dem Gesch\u00e4fte unabh\u00e4ngig von Einzelpersonen abgewickelt werden k\u00f6nnen und Unternehmensinformationen produziert, entwickelt und in das Unternehmensged\u00e4chtnis eingebracht werden.<\/p><p><b>Wir;<\/b> Wir betrachten die Informationen, \u00fcber die wir aufgrund unserer Aufgaben im Unternehmen verf\u00fcgen, als unseren eigenen Reichtum und sind Menschen, die diese Informationen f\u00fcr unsere Unternehmen nutzen.<\/p><p><b>Wir;<\/b> Mit dem Bewusstsein, dass die Ressourcen unseres Unternehmens, unseres Landes und der Natur nicht unbegrenzt sind, sind wir Menschen, die daran glauben, dass jede Art von Verschwendung verhindert werden muss, wo immer sie auftritt.<\/p><p><b>Wir; <\/b>Wir sind Menschen, die freiwillig \u00fcber die Erf\u00fcllung ihrer gesetzlichen Pflichten hinaus f\u00fcr den Schutz und die Verbesserung der Natur und der Umwelt arbeiten.<\/p><p><b>Wir;<\/b> Wir sind Menschen, die angesichts von Schwierigkeiten bei der Erreichung der gesetzten Ziele nicht aufgeben, an sich glauben, durchhalten und hart arbeiten, bis wir die Aufgabe ohne Ausreden erf\u00fcllt haben.<\/p><p><b>Wir;<\/b> Wir sind Menschen, die durch das Setzen messbarer und lohnender Ziele eine kontinuierliche Verbesserung und Weiterentwicklung anstreben.<\/p><p><b>Wir; <\/b>Wir sind Menschen, die ihren Arbeitsplatz nicht nur als Gesch\u00e4ftsumfeld, sondern auch als Lebensumfeld betrachten und danach streben, ihrem Land und der Menschheit von Nutzen zu sein.<\/p><p><strong>ARBEITSSCHUTZ<\/strong><\/p><p>Als \u00d6Z\u00c7EL\u0130K m\u00f6chten wir unseren Auftragnehmern und Lieferanten, insbesondere allen unseren Mitarbeitern, danken. Wir bieten ein Arbeitsumfeld unter gesunden, sicheren und angemessenen Bedingungen, in \u00dcbereinstimmung mit den lokalen Gesetzen, insbesondere den Bestimmungen des vom Ministerium f\u00fcr Arbeit und Soziales ver\u00f6ffentlichten Arbeitsschutzgesetzes Nr. 6331. In diesem Sinne sensibilisieren wir unsere Mitarbeiter f\u00fcr diese Themen, um die Kontinuit\u00e4t einer sicheren und gesunden Arbeitsumgebung zu gew\u00e4hrleisten. Zu diesem Zweck f\u00fchren wir praktische und interaktive Schulungen zum Thema Arbeitssicherheit und Gesundheitsschutz durch.<\/p><p>Alle Mitarbeiter von \u00d6Z\u00c7EL\u0130K m\u00fcssen die folgenden Regeln einhalten.<\/p><ol><li>Personen, die keine Schulung zum Arbeitsschutz absolviert haben, werden nicht eingestellt.<\/li><li>Alle Mitarbeiter handeln gem\u00e4\u00df den zu diesem Zweck festgelegten Regeln und Anweisungen und m\u00fcssen die erforderlichen Vorsichtsma\u00dfnahmen treffen.<\/li><li>Mitarbeiter d\u00fcrfen keine Gegenst\u00e4nde oder Substanzen am Arbeitsplatz aufbewahren, die eine Gefahr f\u00fcr den Arbeitsplatz und\/oder die Arbeitnehmer darstellen oder am Arbeitsplatz illegal sind.<\/li><li>\u00d6Z\u00c7EL\u0130K-Mitarbeitern ist es untersagt, in den Arbeitsbereichen des Unternehmens, w\u00e4hrend der Aus\u00fcbung der Arbeit f\u00fcr das Unternehmen sowie w\u00e4hrend der Nutzung von Fahrzeugen und Ger\u00e4ten des Unternehmens Substanzen zu konsumieren und\/oder unter deren Einfluss zu stehen, die der menschlichen Gesundheit schaden (mit Ausnahme von Medikamenten, die vom Arzt verschrieben wurden), wie z. B. illegale Drogen, Alkohol, Drogen usw.<\/li><li>Als \u00d6Z\u00c7EL\u0130K erwarten wir von unseren Mitarbeitern, dass sie nicht vergessen, dass sie das Unternehmen repr\u00e4sentieren, und dass sie bei unternehmens- und gesch\u00e4ftsbezogenen Veranstaltungen keine Verhaltensweisen an den Tag legen, die dem Ruf des Unternehmens schaden.<\/li><\/ol>\t\t\t\t\t\t\t\t<\/div>\n\t\t\t\t<\/div>\n\t\t\t\t\t<\/div>\n\t\t\t\t<\/div>\n\t\t\t\t<\/div>\n\t\t","protected":false},"excerpt":{"rendered":"<p>UNSERE PERSONALPOLITIK Das Wissen, die F\u00e4higkeiten und Kompetenzen der Mitarbeiter in Bezug auf Institutionen und Einzelpersonen zu erweitern, gemeinsame Studien mit Universit\u00e4ten, Berufsschulen, Institutionen und Nichtregierungsorganisationen durchzuf\u00fchren, das Konzept der sozialen Verantwortung und Projekte in allen Anwendungsbereichen zu \u00fcbernehmen, daran teilzunehmen und zu f\u00f6rdern, Innovationen zu verfolgen, ihre Anpassung an das Unternehmen sicherzustellen und darauf abzuzielen, den Innovationsprozess mit Personalpraktiken zu unterst\u00fctzen. WERTE Als \u00d6Z\u00c7EL\u0130K-Familie&#8230; <\/p>\n<p class=\"more\"><a class=\"more-link\" href=\"https:\/\/ozcelik.com\/de\/personalpolitik\/\">Read More<\/a><\/p>\n","protected":false},"author":1,"featured_media":0,"parent":0,"menu_order":0,"comment_status":"closed","ping_status":"closed","template":"","meta":{"inline_featured_image":false,"footnotes":""},"class_list":["post-17549","page","type-page","status-publish","hentry","is-cat-link-solid is-cat-link-rounded"],"_links":{"self":[{"href":"https:\/\/ozcelik.com\/de\/wp-json\/wp\/v2\/pages\/17549","targetHints":{"allow":["GET"]}}],"collection":[{"href":"https:\/\/ozcelik.com\/de\/wp-json\/wp\/v2\/pages"}],"about":[{"href":"https:\/\/ozcelik.com\/de\/wp-json\/wp\/v2\/types\/page"}],"author":[{"embeddable":true,"href":"https:\/\/ozcelik.com\/de\/wp-json\/wp\/v2\/users\/1"}],"replies":[{"embeddable":true,"href":"https:\/\/ozcelik.com\/de\/wp-json\/wp\/v2\/comments?post=17549"}],"version-history":[{"count":5,"href":"https:\/\/ozcelik.com\/de\/wp-json\/wp\/v2\/pages\/17549\/revisions"}],"predecessor-version":[{"id":19562,"href":"https:\/\/ozcelik.com\/de\/wp-json\/wp\/v2\/pages\/17549\/revisions\/19562"}],"wp:attachment":[{"href":"https:\/\/ozcelik.com\/de\/wp-json\/wp\/v2\/media?parent=17549"}],"curies":[{"name":"wp","href":"https:\/\/api.w.org\/{rel}","templated":true}]}}