{"id":17546,"date":"2024-11-26T10:39:48","date_gmt":"2024-11-26T10:39:48","guid":{"rendered":"https:\/\/ozcelik.com\/de\/?page_id=17546"},"modified":"2025-09-30T09:39:26","modified_gmt":"2025-09-30T09:39:26","slug":"ethische-werte","status":"publish","type":"page","link":"https:\/\/ozcelik.com\/de\/ethische-werte\/","title":{"rendered":"Ethische Werte"},"content":{"rendered":"\t\t<div data-elementor-type=\"wp-page\" data-elementor-id=\"17546\" class=\"elementor elementor-17546\" data-elementor-post-type=\"page\">\n\t\t\t\t<div class=\"elementor-element elementor-element-2f20ee5e e-flex e-con-boxed e-con e-parent\" data-id=\"2f20ee5e\" data-element_type=\"container\" data-e-type=\"container\">\n\t\t\t\t\t<div class=\"e-con-inner\">\n\t\t\t\t<div class=\"elementor-element elementor-element-1ba7c15f elementor-widget elementor-widget-text-editor\" data-id=\"1ba7c15f\" data-element_type=\"widget\" data-e-type=\"widget\" data-widget_type=\"text-editor.default\">\n\t\t\t\t<div class=\"elementor-widget-container\">\n\t\t\t\t\t\t\t\t\t<p>Ozcelik Machinery Inc. Wir glauben, dass eine offene, ehrliche und verantwortungsbewusste Kommunikation grundlegend f\u00fcr den Aufbau starker Beziehungen und Vertrauens zu allen unseren Stakeholdern ist. Aus diesem Grund halten wir uns strikt an die folgenden ethischen Werte, die unsere Unternehmenskommunikation leiten:<\/p><ol><li>Transparenz: Wir verpflichten uns, genaue und vollst\u00e4ndige Informationen bereitzustellen, auch wenn dies eine Herausforderung darstellt. Wir glauben an eine offene Kommunikation mit unseren Mitarbeitern, Kunden, Gesch\u00e4ftspartnern und der \u00d6ffentlichkeit.<\/li><li>Respekt: Wir behandeln jeden mit Respekt, unabh\u00e4ngig von seiner Position, seinem Hintergrund oder seiner Meinung. Wir schaffen eine Kultur des offenen Dialogs und der Inklusivit\u00e4t in unserer Kommunikation.<\/li><li>Verantwortung: Wir \u00fcbernehmen Verantwortung f\u00fcr unsere Handlungen und Worte. Wir bem\u00fchen uns, aus Fehlern zu lernen und unsere Kommunikationspraktiken st\u00e4ndig zu verbessern.<\/li><li>Aufrichtigkeit: Wir kommunizieren aufrichtig und bringen unsere Handlungen mit unseren Worten in Einklang. Wir vermeiden irref\u00fchrende oder t\u00e4uschende Formulierungen und bem\u00fchen uns, in allen unseren Interaktionen authentisch zu sein.<\/li><li>Fairness: Wir bem\u00fchen uns um Fairness und Objektivit\u00e4t in unserer Kommunikation, achten darauf, alle Aspekte eines Themas genau darzustellen und Voreingenommenheit zu vermeiden.<\/li><\/ol><p>Diese Werte bleiben nicht nur auf dem Papier stehen, sondern sind Teil unserer t\u00e4glichen Praxis und spiegeln sich in jeder unserer Kommunikationen wider. Durch die Einhaltung dieser Grunds\u00e4tze wollen wir Vertrauen aufbauen, die Zusammenarbeit f\u00f6rdern und zu einem ethischeren und verantwortungsbewussteren Arbeitsumfeld beitragen.<\/p><p>Wir laden Sie ein, uns f\u00fcr diese Werte zur Rechenschaft zu ziehen und aktiv in einen offenen Dialog mit uns zu treten.<\/p>\t\t\t\t\t\t\t\t<\/div>\n\t\t\t\t<\/div>\n\t\t\t\t\t<\/div>\n\t\t\t\t<\/div>\n\t\t\t\t<\/div>\n\t\t","protected":false},"excerpt":{"rendered":"<p>Ozcelik Machinery Inc. Wir glauben, dass eine offene, ehrliche und verantwortungsbewusste Kommunikation grundlegend f\u00fcr den Aufbau starker Beziehungen und Vertrauens zu allen unseren Stakeholdern ist. Aus diesem Grund halten wir uns strikt an die folgenden ethischen Werte, die unsere Unternehmenskommunikation leiten: Transparenz: Wir verpflichten uns, genaue und vollst\u00e4ndige Informationen bereitzustellen, auch wenn dies eine Herausforderung darstellt. Wir glauben an eine offene Kommunikation mit unseren Mitarbeitern,&#8230; <\/p>\n<p class=\"more\"><a class=\"more-link\" href=\"https:\/\/ozcelik.com\/de\/ethische-werte\/\">Read More<\/a><\/p>\n","protected":false},"author":1,"featured_media":0,"parent":0,"menu_order":0,"comment_status":"closed","ping_status":"closed","template":"","meta":{"inline_featured_image":false,"footnotes":""},"class_list":["post-17546","page","type-page","status-publish","hentry","is-cat-link-solid is-cat-link-rounded"],"_links":{"self":[{"href":"https:\/\/ozcelik.com\/de\/wp-json\/wp\/v2\/pages\/17546","targetHints":{"allow":["GET"]}}],"collection":[{"href":"https:\/\/ozcelik.com\/de\/wp-json\/wp\/v2\/pages"}],"about":[{"href":"https:\/\/ozcelik.com\/de\/wp-json\/wp\/v2\/types\/page"}],"author":[{"embeddable":true,"href":"https:\/\/ozcelik.com\/de\/wp-json\/wp\/v2\/users\/1"}],"replies":[{"embeddable":true,"href":"https:\/\/ozcelik.com\/de\/wp-json\/wp\/v2\/comments?post=17546"}],"version-history":[{"count":5,"href":"https:\/\/ozcelik.com\/de\/wp-json\/wp\/v2\/pages\/17546\/revisions"}],"predecessor-version":[{"id":19558,"href":"https:\/\/ozcelik.com\/de\/wp-json\/wp\/v2\/pages\/17546\/revisions\/19558"}],"wp:attachment":[{"href":"https:\/\/ozcelik.com\/de\/wp-json\/wp\/v2\/media?parent=17546"}],"curies":[{"name":"wp","href":"https:\/\/api.w.org\/{rel}","templated":true}]}}