{"id":15167,"date":"2024-10-27T18:39:11","date_gmt":"2024-10-27T18:39:11","guid":{"rendered":"https:\/\/ozcelik.com\/de\/?page_id=15167"},"modified":"2025-09-30T06:45:45","modified_gmt":"2025-09-30T06:45:45","slug":"sets","status":"publish","type":"page","link":"https:\/\/ozcelik.com\/de\/sets\/","title":{"rendered":"Sets"},"content":{"rendered":"\t\t<div data-elementor-type=\"wp-page\" data-elementor-id=\"15167\" class=\"elementor elementor-15167\" data-elementor-post-type=\"page\">\n\t\t\t\t\t\t<section class=\"elementor-section elementor-top-section elementor-element elementor-element-4ae7186 elementor-section-height-min-height elementor-section-boxed elementor-section-height-default elementor-section-items-middle\" data-id=\"4ae7186\" data-element_type=\"section\" data-e-type=\"section\" data-settings=\"{&quot;background_background&quot;:&quot;classic&quot;}\">\n\t\t\t\t\t\t<div class=\"elementor-container elementor-column-gap-default\">\n\t\t\t\t\t<div class=\"elementor-column elementor-col-100 elementor-top-column elementor-element elementor-element-8c9b05d\" data-id=\"8c9b05d\" data-element_type=\"column\" data-e-type=\"column\">\n\t\t\t<div class=\"elementor-widget-wrap elementor-element-populated\">\n\t\t\t\t\t\t<div class=\"elementor-element elementor-element-35f753d8 elementor-widget elementor-widget-qi_addons_for_elementor_animated_text\" data-id=\"35f753d8\" data-element_type=\"widget\" data-e-type=\"widget\" data-widget_type=\"qi_addons_for_elementor_animated_text.default\">\n\t\t\t\t<div class=\"elementor-widget-container\">\n\t\t\t\t\t<div class=\"qodef-shortcode qodef-m qodef-qi-animated-text qodef--animated-by-letter qodef--alignment-center qodef-qi--has-appear qodef--appear-from-right\" >\n\t\t<h1 class=\"qodef-m-title\">\n\t\t<span class=\"qodef-e-word-holder\">SETS<\/span>\t<\/h1>\n<\/div>\n\t\t\t\t<\/div>\n\t\t\t\t<\/div>\n\t\t\t\t\t<\/div>\n\t\t<\/div>\n\t\t\t\t\t<\/div>\n\t\t<\/section>\n\t\t\t\t<section class=\"elementor-section elementor-top-section elementor-element elementor-element-18ed755 elementor-section-boxed elementor-section-height-default elementor-section-height-default\" data-id=\"18ed755\" data-element_type=\"section\" data-e-type=\"section\">\n\t\t\t\t\t\t<div class=\"elementor-container elementor-column-gap-default\">\n\t\t\t\t\t<div class=\"elementor-column elementor-col-50 elementor-top-column elementor-element elementor-element-0b1f436\" data-id=\"0b1f436\" data-element_type=\"column\" data-e-type=\"column\">\n\t\t\t<div class=\"elementor-widget-wrap elementor-element-populated\">\n\t\t\t\t\t\t<div class=\"elementor-element elementor-element-b366a4e bdt-ps-image-match-height--yes elementor-widget elementor-widget-prime-slider-sequester\" data-id=\"b366a4e\" data-element_type=\"widget\" data-e-type=\"widget\" data-widget_type=\"prime-slider-sequester.default\">\n\t\t\t\t<div class=\"elementor-widget-container\">\n\t\t\t\t\t\t\t<div class=\"bdt-prime-slider\">\n\t\t\t<div class=\"bdt-prime-slider-sequester\">\n\t\t\t\t<div class=\"bdt-position-relative bdt-visible-toggle\" data-settings=\"{&quot;id&quot;:&quot;#bdt-b366a4e&quot;,&quot;animation_status&quot;:&quot;no&quot;}\" id=\"bdt-b366a4e\" bdt-slideshow=\"{&quot;animation&quot;:&quot;fade&quot;,&quot;ratio&quot;:&quot;16:9&quot;,&quot;min-height&quot;:&quot;540&quot;,&quot;autoplay&quot;:true,&quot;autoplay-interval&quot;:7000,&quot;pause-on-hover&quot;:false,&quot;velocity&quot;:1,&quot;finite&quot;:false}\">\n\t\t\t\t\t<ul class=\"bdt-slideshow-items\">\n\t\t\t\t\t\t\n            <li class=\"bdt-slideshow-item bdt-flex bdt-flex-row bdt-flex-middle elementor-repeater-item-7dea1b4 \">\n\n                    \n\t\t<div class=\"bdt-prime-slider-content\">\n\t\t\t<div class=\"bdt-prime-slider-desc\">\n\n\t\t\t\t\t\t\t\t\t<div class=\"bdt-sub-title\">\n\t\t\t\t\t\t<h4 class=\"bdt-sub-title-inner\" data-bdt-slideshow-parallax=\"y: 50,0,-50; opacity: 1,1,0\" data-reveal=\"reveal-active\">\n\t\t\t\t\t\t\tProfessionelle L\u00f6sungen\t\t\t\t\t\t<\/h4>\n\t\t\t\t\t<\/div>\n\t\t\t\t\n\t\t\t\t\t\t\t\t\t<div class=\"bdt-main-title\">\n\t\t\t\t\t\t<h1 class=\"bdt-title-tag\" data-bdt-slideshow-parallax=\"y: 50,0,-50; opacity: 1,1,0\" data-reveal=\"reveal-active\">\n\t\t\t\t\t\t\t\t\t\t\t\t\t\t\t<span class=\"frist-word\">Aluminium-Sets<\/span> \t\t\t\t\t\t\t\t\t\t\t\t\t\t<\/h1>\n\t\t\t\t\t<\/div>\n\t\t\t\t\n\t\t\t\t\t\t\t\t\t<div class=\"bdt-slider-excerpt\" data-bdt-slideshow-parallax=\"y: 50,0,-50; opacity: 1,1,0\" data-reveal=\"reveal-active\">\n\t\t\t\t\t\t<p>Dank der von unserem Unternehmen entwickelten Produktionsanlagen k\u00f6nnen Sie komplexe Fertigungsprozesse optimieren und so Zeit und Kosten sparen. Unsere Produkte bieten flexible und effektive L\u00f6sungen, die f\u00fcr alle Produktionsanforderungen geeignet sind, von kleinen Projekten bis hin zu gro\u00dfen Fertigungslinien.<\/p>\t\t\t\t\t<\/div>\n\t\t\t\t\n\t\t\t\t<div class=\"bdt-button-wrapper\" data-bdt-slideshow-parallax=\"y: 150,0,-100; opacity: 1,1,0\">\n\t\t\t\t\t\n\t\t\n\t\t\t<a class=\"bdt-slide-btn\" data-reveal=\"reveal-active\" aria-label=\"Aluminium-Sets anzeigen Button\" href=\"https:\/\/ozcelik.com\/de\/aluminum-sets\/\">\n\n\t\t\t\t\t\t\t\t<span class=\"bdt-prime-slider-button-wrapper\">\n\n\t\t\t\t\t<span class=\"bdt-prime-slider-button-text bdt-flex bdt-flex-middle bdt-flex-inline\">Aluminium-Sets anzeigen<span class=\"bdt-slide-btn-icon\"><svg width=\"20\" height=\"20\" viewBox=\"0 0 20 20\" xmlns=\"http:\/\/www.w3.org\/2000\/svg\" data-svg=\"arrow-right\"><polyline fill=\"none\" stroke=\"#000\" points=\"10 5 15 9.5 10 14\"><\/polyline><line fill=\"none\" stroke=\"#000\" x1=\"4\" y1=\"9.5\" x2=\"15\" y2=\"9.5\"><\/line><\/svg><\/span><\/span>\n\n\t\t\t\t<\/span>\n\n\n\t\t\t<\/a>\n\t\t\t\t\t\t<\/div>\n\t\t\t\t\n\t\t\t<\/div>\n\t\t<\/div>\n\n        \n                    <div class=\"bdt-slide-image\" style=\"background-image: url('https:\/\/ozcelik.com\/de\/wp-content\/uploads\/2024\/11\/alumin-setler-1.jpg');\">\n                        \n                    <\/div>\n            <\/li>\n\n        \n                <\/ul>\n\n                \n\t\t\t\t<div class=\"bdt-navigation-arrows reveal-muted\">\n\t\t\t<a class=\"bdt-prime-slider-previous\" href=\"#\" bdt-slidenav-previous bdt-slideshow-item=\"previous\"><\/a>\n\t\t\t<a class=\"bdt-prime-slider-next\" href=\"#\" bdt-slidenav-next bdt-slideshow-item=\"next\"><\/a>\n\t\t<\/div>\n\t\t\n\t\t                \n        \n\t\t\t<ul class=\"bdt-slideshow-nav bdt-dotnav reveal-muted\"><\/ul>\n\n        \n        \t\t\t\t\n\t\t\t<\/div>\n\t\t\t\t\t<\/div>\n\t\t<\/div>\n        \t\t\t\t<\/div>\n\t\t\t\t<\/div>\n\t\t\t\t\t<\/div>\n\t\t<\/div>\n\t\t\t\t<div class=\"elementor-column elementor-col-50 elementor-top-column elementor-element elementor-element-d855a9d\" data-id=\"d855a9d\" data-element_type=\"column\" data-e-type=\"column\">\n\t\t\t<div class=\"elementor-widget-wrap elementor-element-populated\">\n\t\t\t\t\t\t<div class=\"elementor-element elementor-element-bf5151d bdt-ps-image-match-height--yes elementor-widget elementor-widget-prime-slider-sequester\" data-id=\"bf5151d\" data-element_type=\"widget\" data-e-type=\"widget\" data-widget_type=\"prime-slider-sequester.default\">\n\t\t\t\t<div class=\"elementor-widget-container\">\n\t\t\t\t\t\t\t<div class=\"bdt-prime-slider\">\n\t\t\t<div class=\"bdt-prime-slider-sequester\">\n\t\t\t\t<div class=\"bdt-position-relative bdt-visible-toggle\" data-settings=\"{&quot;id&quot;:&quot;#bdt-bf5151d&quot;,&quot;animation_status&quot;:&quot;no&quot;}\" id=\"bdt-bf5151d\" bdt-slideshow=\"{&quot;animation&quot;:&quot;fade&quot;,&quot;ratio&quot;:&quot;16:9&quot;,&quot;min-height&quot;:&quot;540&quot;,&quot;autoplay&quot;:true,&quot;autoplay-interval&quot;:7000,&quot;pause-on-hover&quot;:false,&quot;velocity&quot;:1,&quot;finite&quot;:false}\">\n\t\t\t\t\t<ul class=\"bdt-slideshow-items\">\n\t\t\t\t\t\t\n            <li class=\"bdt-slideshow-item bdt-flex bdt-flex-row bdt-flex-middle elementor-repeater-item-7dea1b4 \">\n\n                    \n\t\t<div class=\"bdt-prime-slider-content\">\n\t\t\t<div class=\"bdt-prime-slider-desc\">\n\n\t\t\t\t\t\t\t\t\t<div class=\"bdt-sub-title\">\n\t\t\t\t\t\t<h4 class=\"bdt-sub-title-inner\" data-bdt-slideshow-parallax=\"y: 50,0,-50; opacity: 1,1,0\" data-reveal=\"reveal-active\">\n\t\t\t\t\t\t\tProfessionelle L\u00f6sungen\t\t\t\t\t\t<\/h4>\n\t\t\t\t\t<\/div>\n\t\t\t\t\n\t\t\t\t\t\t\t\t\t<div class=\"bdt-main-title\">\n\t\t\t\t\t\t<h1 class=\"bdt-title-tag\" data-bdt-slideshow-parallax=\"y: 50,0,-50; opacity: 1,1,0\" data-reveal=\"reveal-active\">\n\t\t\t\t\t\t\t\t\t\t\t\t\t\t\t<span class=\"frist-word\">PVC-Sets<\/span> \t\t\t\t\t\t\t\t\t\t\t\t\t\t<\/h1>\n\t\t\t\t\t<\/div>\n\t\t\t\t\n\t\t\t\t\t\t\t\t\t<div class=\"bdt-slider-excerpt\" data-bdt-slideshow-parallax=\"y: 50,0,-50; opacity: 1,1,0\" data-reveal=\"reveal-active\">\n\t\t\t\t\t\t<p>Dank der von unserem Unternehmen entwickelten Produktionsanlagen k\u00f6nnen Sie komplexe Fertigungsprozesse optimieren und so Zeit und Kosten sparen. Unsere Produkte bieten flexible und effektive L\u00f6sungen, die f\u00fcr alle Produktionsanforderungen geeignet sind, von kleinen Projekten bis hin zu gro\u00dfen Fertigungslinien.<\/p>\t\t\t\t\t<\/div>\n\t\t\t\t\n\t\t\t\t<div class=\"bdt-button-wrapper\" data-bdt-slideshow-parallax=\"y: 150,0,-100; opacity: 1,1,0\">\n\t\t\t\t\t\n\t\t\n\t\t\t<a class=\"bdt-slide-btn\" data-reveal=\"reveal-active\" aria-label=\"PVC-Sets anzeigen Button\" href=\"https:\/\/ozcelik.com\/de\/pvc-sets\/\">\n\n\t\t\t\t\t\t\t\t<span class=\"bdt-prime-slider-button-wrapper\">\n\n\t\t\t\t\t<span class=\"bdt-prime-slider-button-text bdt-flex bdt-flex-middle bdt-flex-inline\">PVC-Sets anzeigen<span class=\"bdt-slide-btn-icon\"><svg width=\"20\" height=\"20\" viewBox=\"0 0 20 20\" xmlns=\"http:\/\/www.w3.org\/2000\/svg\" data-svg=\"arrow-right\"><polyline fill=\"none\" stroke=\"#000\" points=\"10 5 15 9.5 10 14\"><\/polyline><line fill=\"none\" stroke=\"#000\" x1=\"4\" y1=\"9.5\" x2=\"15\" y2=\"9.5\"><\/line><\/svg><\/span><\/span>\n\n\t\t\t\t<\/span>\n\n\n\t\t\t<\/a>\n\t\t\t\t\t\t<\/div>\n\t\t\t\t\n\t\t\t<\/div>\n\t\t<\/div>\n\n        \n                    <div class=\"bdt-slide-image\" style=\"background-image: url('https:\/\/ozcelik.com\/de\/wp-content\/uploads\/2024\/11\/pvc-setler-1.jpg');\">\n                        \n                    <\/div>\n            <\/li>\n\n        \n                <\/ul>\n\n                \n\t\t\t\t<div class=\"bdt-navigation-arrows reveal-muted\">\n\t\t\t<a class=\"bdt-prime-slider-previous\" href=\"#\" bdt-slidenav-previous bdt-slideshow-item=\"previous\"><\/a>\n\t\t\t<a class=\"bdt-prime-slider-next\" href=\"#\" bdt-slidenav-next bdt-slideshow-item=\"next\"><\/a>\n\t\t<\/div>\n\t\t\n\t\t                \n        \n\t\t\t<ul class=\"bdt-slideshow-nav bdt-dotnav reveal-muted\"><\/ul>\n\n        \n        \t\t\t\t\n\t\t\t<\/div>\n\t\t\t\t\t<\/div>\n\t\t<\/div>\n        \t\t\t\t<\/div>\n\t\t\t\t<\/div>\n\t\t\t\t\t<\/div>\n\t\t<\/div>\n\t\t\t\t\t<\/div>\n\t\t<\/section>\n\t\t\t\t<section class=\"elementor-section elementor-top-section elementor-element elementor-element-4a52219 elementor-section-height-min-height elementor-section-stretched elementor-section-boxed elementor-section-height-default elementor-section-items-middle\" data-id=\"4a52219\" data-element_type=\"section\" data-e-type=\"section\" data-settings=\"{&quot;stretch_section&quot;:&quot;section-stretched&quot;,&quot;background_background&quot;:&quot;classic&quot;}\">\n\t\t\t\t\t\t\t<div class=\"elementor-background-overlay\"><\/div>\n\t\t\t\t\t\t\t<div class=\"elementor-container elementor-column-gap-default\">\n\t\t\t\t\t<div class=\"elementor-column elementor-col-100 elementor-top-column elementor-element elementor-element-695ceb5\" data-id=\"695ceb5\" data-element_type=\"column\" data-e-type=\"column\">\n\t\t\t<div class=\"elementor-widget-wrap elementor-element-populated\">\n\t\t\t\t\t\t<div class=\"elementor-element elementor-element-5e61caf animated-slow elementor-invisible elementor-widget elementor-widget-qi_addons_for_elementor_typeout_text\" data-id=\"5e61caf\" data-element_type=\"widget\" data-e-type=\"widget\" data-settings=\"{&quot;_animation&quot;:&quot;fadeInUp&quot;}\" data-widget_type=\"qi_addons_for_elementor_typeout_text.default\">\n\t\t\t\t<div class=\"elementor-widget-container\">\n\t\t\t\t\t<div class=\"qodef-shortcode qodef-m qodef-qi-typeout-text\" data-strings=\"[&quot;&quot;]\">\n\t<h1 class=\"qodef-m-text\">\n\t\t\t\t\tALLES, WAS SIE BRAUCHEN\t\t\t\t<span class=\"qodef-typeout-holder\">\n\t\t\t<span class=\"qodef-typeout\"><\/span>\n\t\t<\/span>\n\t<\/h1>\n<\/div>\n\t\t\t\t<\/div>\n\t\t\t\t<\/div>\n\t\t\t\t<div class=\"elementor-element elementor-element-3a84cc1 animated-slow elementor-invisible elementor-widget elementor-widget-qi_addons_for_elementor_typeout_text\" data-id=\"3a84cc1\" data-element_type=\"widget\" data-e-type=\"widget\" data-settings=\"{&quot;_animation&quot;:&quot;fadeInUp&quot;}\" data-widget_type=\"qi_addons_for_elementor_typeout_text.default\">\n\t\t\t\t<div class=\"elementor-widget-container\">\n\t\t\t\t\t<div class=\"qodef-shortcode qodef-m qodef-qi-typeout-text\" data-strings=\"[&quot;Merhaba&quot;,&quot;Hello&quot;,&quot;\\u041f\\u0440\\u0438\\u0432\\u0435\\u0442&quot;,&quot;Hola&quot;,&quot;Hallo&quot;,&quot;Ciao&quot;,&quot;Ol\\u00e1&quot;,&quot;\\u0645\\u0631\\u062d\\u0628&quot;,&quot;Bonjour&quot;,&quot;\\u3053\\u3093\\u306b\\u3061\\u306f&quot;,&quot;\\u4f60\\u597d&quot;]\">\n\t<h2 class=\"qodef-m-text\">\n\t\t\t\t\tZ\u00f6gern Sie nicht, zu sagen\t\t\t\t<span class=\"qodef-typeout-holder\">\n\t\t\t<span class=\"qodef-typeout\"><\/span>\n\t\t<\/span>\n\t<\/h2>\n<\/div>\n\t\t\t\t<\/div>\n\t\t\t\t<\/div>\n\t\t\t\t<div class=\"elementor-element elementor-element-9266ede elementor-widget__width-auto animated-slow elementor-invisible elementor-widget elementor-widget-qi_addons_for_elementor_button\" data-id=\"9266ede\" data-element_type=\"widget\" data-e-type=\"widget\" data-settings=\"{&quot;_animation&quot;:&quot;fadeInUp&quot;,&quot;_animation_delay&quot;:&quot;200&quot;}\" data-widget_type=\"qi_addons_for_elementor_button.default\">\n\t\t\t\t<div class=\"elementor-widget-container\">\n\t\t\t\t\t<a class=\"qodef-shortcode qodef-m qodef-qi-button qodef-html--link qodef-layout--outlined qodef-type--icon-boxed qodef-icon--right qodef-hover--icon-move-horizontal-short qodef-text-underline qodef-underline--left\" href=\"https:\/\/ozcelik.com\/de\/contact\/\" target=\"_self\">\n\t<span class=\"qodef-m-text\">Kontaktieren Sie uns<\/span>\n\t\t<span class=\"qodef-m-icon\">\n\t\t<span class=\"qodef-m-icon-inner\">\n\t\t\t<svg xmlns=\"http:\/\/www.w3.org\/2000\/svg\" x=\"0px\" y=\"0px\" width=\"7px\" height=\"7px\" viewBox=\"1.25 1.25 7 7\" xml:space=\"preserve\"><polygon fill=\"#ffffff\" points=\"1.25,1.25 1.25,2.25 6.543,2.25 1.25,7.543 1.958,8.25 7.25,2.957 7.25,8.25 8.25,8.25 8.25,1.25 8.25,1.25 \"><\/polygon><\/svg>\t\t\t\t\t<\/span>\n\t<\/span>\n<\/a>\n\t\t\t\t<\/div>\n\t\t\t\t<\/div>\n\t\t\t\t\t<\/div>\n\t\t<\/div>\n\t\t\t\t\t<\/div>\n\t\t<\/section>\n\t\t\t\t<\/div>\n\t\t","protected":false},"excerpt":{"rendered":"<p>SETS Professionelle L\u00f6sungen Aluminium-Sets Dank der von unserem Unternehmen entwickelten Produktionsanlagen k\u00f6nnen Sie komplexe Fertigungsprozesse optimieren und so Zeit und Kosten sparen. Unsere Produkte bieten flexible und effektive L\u00f6sungen, die f\u00fcr alle Produktionsanforderungen geeignet sind, von kleinen Projekten bis hin zu gro\u00dfen Fertigungslinien. Aluminium-Sets anzeigen Professionelle L\u00f6sungen PVC-Sets Dank der von unserem Unternehmen entwickelten Produktionsanlagen k\u00f6nnen Sie komplexe Fertigungsprozesse optimieren und so Zeit und Kosten&#8230; <\/p>\n<p class=\"more\"><a class=\"more-link\" href=\"https:\/\/ozcelik.com\/de\/sets\/\">Read More<\/a><\/p>\n","protected":false},"author":1,"featured_media":0,"parent":0,"menu_order":0,"comment_status":"closed","ping_status":"closed","template":"elementor_header_footer","meta":{"inline_featured_image":false,"footnotes":""},"class_list":["post-15167","page","type-page","status-publish","hentry","is-cat-link-solid is-cat-link-rounded"],"_links":{"self":[{"href":"https:\/\/ozcelik.com\/de\/wp-json\/wp\/v2\/pages\/15167","targetHints":{"allow":["GET"]}}],"collection":[{"href":"https:\/\/ozcelik.com\/de\/wp-json\/wp\/v2\/pages"}],"about":[{"href":"https:\/\/ozcelik.com\/de\/wp-json\/wp\/v2\/types\/page"}],"author":[{"embeddable":true,"href":"https:\/\/ozcelik.com\/de\/wp-json\/wp\/v2\/users\/1"}],"replies":[{"embeddable":true,"href":"https:\/\/ozcelik.com\/de\/wp-json\/wp\/v2\/comments?post=15167"}],"version-history":[{"count":55,"href":"https:\/\/ozcelik.com\/de\/wp-json\/wp\/v2\/pages\/15167\/revisions"}],"predecessor-version":[{"id":19482,"href":"https:\/\/ozcelik.com\/de\/wp-json\/wp\/v2\/pages\/15167\/revisions\/19482"}],"wp:attachment":[{"href":"https:\/\/ozcelik.com\/de\/wp-json\/wp\/v2\/media?parent=15167"}],"curies":[{"name":"wp","href":"https:\/\/api.w.org\/{rel}","templated":true}]}}