{"id":14971,"date":"2024-10-26T21:22:00","date_gmt":"2024-10-26T21:22:00","guid":{"rendered":"https:\/\/ozcelik.com\/de\/?page_id=14971"},"modified":"2025-10-01T05:04:24","modified_gmt":"2025-10-01T05:04:24","slug":"integriertes-management","status":"publish","type":"page","link":"https:\/\/ozcelik.com\/de\/integriertes-management\/","title":{"rendered":"Integriertes Management"},"content":{"rendered":"\t\t<div data-elementor-type=\"wp-page\" data-elementor-id=\"14971\" class=\"elementor elementor-14971\" data-elementor-post-type=\"page\">\n\t\t\t\t<div class=\"elementor-element elementor-element-1e1390d6 e-flex e-con-boxed e-con e-parent\" data-id=\"1e1390d6\" data-element_type=\"container\" data-e-type=\"container\">\n\t\t\t\t\t<div class=\"e-con-inner\">\n\t\t\t\t<div class=\"elementor-element elementor-element-73a3acb5 elementor-widget elementor-widget-text-editor\" data-id=\"73a3acb5\" data-element_type=\"widget\" data-e-type=\"widget\" data-widget_type=\"text-editor.default\">\n\t\t\t\t<div class=\"elementor-widget-container\">\n\t\t\t\t\t\t\t\t\t<p>Die Grundphilosophie von \u00d6Z\u00c7EL\u0130K lautet wie folgt:<\/p><p>Das Ziel unseres integrierten Managementsystems, das alle Aspekte der Qualit\u00e4t, Umwelt, Gesundheit und Sicherheit am Arbeitsplatz umfasst, besteht darin, die Bed\u00fcrfnisse und Erwartungen unserer Stakeholder zu erf\u00fcllen, unserer Verantwortung gegen\u00fcber der Gesellschaft, der Umwelt und unseren Mitarbeitern nachzukommen und unsere Servicequalit\u00e4t kontinuierlich zu verbessern.<\/p><p>Die Politik des integrierten Managementsystems von \u00d6Z\u00c7EL\u0130K basiert auf den folgenden Punkten, um dieses Ziel zu erreichen.<\/p><p>Die Leistung aller Prozesse, Produkte und Dienstleistungen, die Teil des integrierten Managementsystems sind, unter Einbeziehung der Mitarbeiter kontinuierlich zu verbessern und dies zu einer Unternehmenskultur zu machen, die den nationalen und internationalen Gesetzen und relevanten Standards entspricht.<\/p><p>Bei allen von uns durchgef\u00fchrten Projekten werden wir die Bereitstellung hochwertiger Produkte\/Dienstleistungen und kundenorientiertes Arbeiten als Grundprinzip verfolgen.<\/p><p>Durch die Priorisierung hoher Qualit\u00e4ts- und Sicherheitsstandards in der Entwurfsphase werden wir neue Produkte entwickeln, bestehende Produkte und Prozesse verbessern und durch kontinuierliche Qualit\u00e4tsverbesserungen und Kostensenkungen die Kundenzufriedenheit steigern.<\/p><p>Durch einen hochwertigen und effektiven Kundenservice werden wir die Kundenzufriedenheit nachhaltig sicherstellen.<\/p><p>Wir arbeiten nach dem Null-Unfall-Prinzip im Bereich Arbeitssicherheit und Gesundheitsschutz. Wir f\u00f6rdern die Beteiligung der Mitarbeiter an der Arbeit und schaffen ein offenes Kommunikationsumfeld.<\/p><p>Wir verhindern Umweltverschmutzung, reduzieren Abfall und sorgen insbesondere durch Recycling f\u00fcr die Entsorgung von Abf\u00e4llen.<\/p><p>Wir ber\u00fccksichtigen m\u00f6gliche Umweltauswirkungen im Produktionsprozess sowie Gesundheits- und Sicherheitsrisiken am Arbeitsplatz.<\/p>\t\t\t\t\t\t\t\t<\/div>\n\t\t\t\t<\/div>\n\t\t\t\t\t<\/div>\n\t\t\t\t<\/div>\n\t\t\t\t<\/div>\n\t\t","protected":false},"excerpt":{"rendered":"<p>Die Grundphilosophie von \u00d6Z\u00c7EL\u0130K lautet wie folgt: Das Ziel unseres integrierten Managementsystems, das alle Aspekte der Qualit\u00e4t, Umwelt, Gesundheit und Sicherheit am Arbeitsplatz umfasst, besteht darin, die Bed\u00fcrfnisse und Erwartungen unserer Stakeholder zu erf\u00fcllen, unserer Verantwortung gegen\u00fcber der Gesellschaft, der Umwelt und unseren Mitarbeitern nachzukommen und unsere Servicequalit\u00e4t kontinuierlich zu verbessern. Die Politik des integrierten Managementsystems von \u00d6Z\u00c7EL\u0130K basiert auf den folgenden Punkten, um dieses&#8230; <\/p>\n<p class=\"more\"><a class=\"more-link\" href=\"https:\/\/ozcelik.com\/de\/integriertes-management\/\">Read More<\/a><\/p>\n","protected":false},"author":1,"featured_media":0,"parent":0,"menu_order":0,"comment_status":"closed","ping_status":"closed","template":"","meta":{"inline_featured_image":false,"footnotes":""},"class_list":["post-14971","page","type-page","status-publish","hentry","is-cat-link-solid is-cat-link-rounded"],"_links":{"self":[{"href":"https:\/\/ozcelik.com\/de\/wp-json\/wp\/v2\/pages\/14971","targetHints":{"allow":["GET"]}}],"collection":[{"href":"https:\/\/ozcelik.com\/de\/wp-json\/wp\/v2\/pages"}],"about":[{"href":"https:\/\/ozcelik.com\/de\/wp-json\/wp\/v2\/types\/page"}],"author":[{"embeddable":true,"href":"https:\/\/ozcelik.com\/de\/wp-json\/wp\/v2\/users\/1"}],"replies":[{"embeddable":true,"href":"https:\/\/ozcelik.com\/de\/wp-json\/wp\/v2\/comments?post=14971"}],"version-history":[{"count":13,"href":"https:\/\/ozcelik.com\/de\/wp-json\/wp\/v2\/pages\/14971\/revisions"}],"predecessor-version":[{"id":19930,"href":"https:\/\/ozcelik.com\/de\/wp-json\/wp\/v2\/pages\/14971\/revisions\/19930"}],"wp:attachment":[{"href":"https:\/\/ozcelik.com\/de\/wp-json\/wp\/v2\/media?parent=14971"}],"curies":[{"name":"wp","href":"https:\/\/api.w.org\/{rel}","templated":true}]}}