{"id":14969,"date":"2024-10-26T21:21:49","date_gmt":"2024-10-26T21:21:49","guid":{"rendered":"https:\/\/ozcelik.com\/de\/?page_id=14969"},"modified":"2025-10-01T05:05:43","modified_gmt":"2025-10-01T05:05:43","slug":"quality-policy","status":"publish","type":"page","link":"https:\/\/ozcelik.com\/de\/quality-policy\/","title":{"rendered":"Qualit\u00e4tspolitik"},"content":{"rendered":"<p>Unsere Grundphilosophie ist es, ein internationales t\u00fcrkisches Unternehmen zu sein, das zuverl\u00e4ssige und uneingeschr\u00e4nkte Kundenzufriedenheit bietet, ohne dabei Abstriche bei der Qualit\u00e4t zu machen, indem wir uns st\u00e4ndig erneuern.<\/p>\n<p>\u00d6z\u00e7elik hat sich zum Grundsatz gemacht, bei der Aus\u00fcbung seiner Produktions- und Dienstleistungsaktivit\u00e4ten sensibel mit Menschen und der Umwelt umzugehen und die Bedeutung und Vertraulichkeit von Informationsressourcen zu sch\u00fctzen.<\/p>\n<p>Durch den Einsatz fortschrittlicher und moderner Technologien stellen wir leicht zug\u00e4ngliche und zuverl\u00e4ssige Produkte her, die den Erwartungen unserer Kunden entsprechen. In diesem Zusammenhang bilden bei den von uns angebotenen Produkten und Dienstleistungen die Aufrechterhaltung einer h\u00f6chsten Kundenzufriedenheit und das effektive Management von Kundenfeedback die Grundlage unserer Qualit\u00e4tspolitik.<\/p>\n<p>Im Rahmen unserer Qualit\u00e4tspolitik<\/p>\n<p>Zertifizierung, Zertifizierung und kontinuierliche Verbesserung unseres Qualit\u00e4tsmanagementsystems zur Erf\u00fcllung der Anforderungen der Norm ISO 9001 f\u00fcr Qualit\u00e4tsmanagementsysteme,<\/p>\n<p>Basierend auf der Philosophie der Gesamtqualit\u00e4t, Erreichen der Unternehmens- und Abteilungsziele im Teamgeist,<\/p>\n<p>\u00dcberpr\u00fcfung unserer Gesch\u00e4ftsprozesse und Festlegung pr\u00e4ventiver Ans\u00e4tze zur Verbesserung unserer Leistung,<\/p>\n<p>Im Einklang mit dem Ansatz der kontinuierlichen Verbesserung, Steigerung der Effizienz in allen unseren Produktionsprozessen auf ein Niveau, das im In- und Ausland wettbewerbsf\u00e4hig ist,<\/p>\n<p>F\u00f6rderung innovativer und kreativer Ans\u00e4tze, Durchf\u00fchrung von Schulungen zur Steigerung der technischen und verhaltensbezogenen Kompetenzen,<\/p>\n<p>Sicherstellung, dass unsere Mitarbeiter in einer angenehmen und sicheren Umgebung arbeiten.<\/p>\n","protected":false},"excerpt":{"rendered":"<p>Unsere Grundphilosophie ist es, ein internationales t\u00fcrkisches Unternehmen zu sein, das zuverl\u00e4ssige und uneingeschr\u00e4nkte Kundenzufriedenheit bietet, ohne dabei Abstriche bei der Qualit\u00e4t zu machen, indem wir uns st\u00e4ndig erneuern. \u00d6z\u00e7elik hat sich zum Grundsatz gemacht, bei der Aus\u00fcbung seiner Produktions- und Dienstleistungsaktivit\u00e4ten sensibel mit Menschen und der Umwelt umzugehen und die Bedeutung und Vertraulichkeit von Informationsressourcen zu sch\u00fctzen. Durch den Einsatz fortschrittlicher und moderner Technologien&#8230; <\/p>\n<p class=\"more\"><a class=\"more-link\" href=\"https:\/\/ozcelik.com\/de\/quality-policy\/\">Read More<\/a><\/p>\n","protected":false},"author":1,"featured_media":0,"parent":0,"menu_order":0,"comment_status":"closed","ping_status":"closed","template":"","meta":{"inline_featured_image":false,"footnotes":""},"class_list":["post-14969","page","type-page","status-publish","hentry","is-cat-link-solid is-cat-link-rounded"],"_links":{"self":[{"href":"https:\/\/ozcelik.com\/de\/wp-json\/wp\/v2\/pages\/14969","targetHints":{"allow":["GET"]}}],"collection":[{"href":"https:\/\/ozcelik.com\/de\/wp-json\/wp\/v2\/pages"}],"about":[{"href":"https:\/\/ozcelik.com\/de\/wp-json\/wp\/v2\/types\/page"}],"author":[{"embeddable":true,"href":"https:\/\/ozcelik.com\/de\/wp-json\/wp\/v2\/users\/1"}],"replies":[{"embeddable":true,"href":"https:\/\/ozcelik.com\/de\/wp-json\/wp\/v2\/comments?post=14969"}],"version-history":[{"count":3,"href":"https:\/\/ozcelik.com\/de\/wp-json\/wp\/v2\/pages\/14969\/revisions"}],"predecessor-version":[{"id":19931,"href":"https:\/\/ozcelik.com\/de\/wp-json\/wp\/v2\/pages\/14969\/revisions\/19931"}],"wp:attachment":[{"href":"https:\/\/ozcelik.com\/de\/wp-json\/wp\/v2\/media?parent=14969"}],"curies":[{"name":"wp","href":"https:\/\/api.w.org\/{rel}","templated":true}]}}