{"id":14967,"date":"2024-10-26T21:21:43","date_gmt":"2024-10-26T21:21:43","guid":{"rendered":"https:\/\/ozcelik.com\/de\/?page_id=14967"},"modified":"2025-09-30T09:38:21","modified_gmt":"2025-09-30T09:38:21","slug":"umweltpolitik","status":"publish","type":"page","link":"https:\/\/ozcelik.com\/de\/umweltpolitik\/","title":{"rendered":"Umweltpolitik"},"content":{"rendered":"\t\t<div data-elementor-type=\"wp-page\" data-elementor-id=\"14967\" class=\"elementor elementor-14967\" data-elementor-post-type=\"page\">\n\t\t\t\t<div class=\"elementor-element elementor-element-70a70f9c e-flex e-con-boxed e-con e-parent\" data-id=\"70a70f9c\" data-element_type=\"container\" data-e-type=\"container\">\n\t\t\t\t\t<div class=\"e-con-inner\">\n\t\t\t\t<div class=\"elementor-element elementor-element-3b80f177 elementor-widget elementor-widget-text-editor\" data-id=\"3b80f177\" data-element_type=\"widget\" data-e-type=\"widget\" data-widget_type=\"text-editor.default\">\n\t\t\t\t<div class=\"elementor-widget-container\">\n\t\t\t\t\t\t\t\t\t<p>Wir wissen, dass die Reinigung der verschmutzten Umwelt eine schwierigere und teurere Methode ist als deren Vermeidung.<br \/>Wir betreiben \u201esaubere Produktion\u201d.<br \/>Die Ursache f\u00fcr die Umweltverschmutzung ist nicht das Bev\u00f6lkerungswachstum, sondern die durch den steigenden Konsum entstehenden Haushalts- und Industrieabf\u00e4lle. Durch das Recycling von Abf\u00e4llen auf eine Weise, die keine Umweltverschmutzung verursacht, und durch die Verwendung umweltfreundlicher Produkte werden Sch\u00e4den minimiert.<br \/>W\u00e4hrend wir produzieren, denken wir an das Recht auf Leben k\u00fcnftiger Generationen und aller Lebewesen, der Luft, des Wassers und des Bodens und respektieren es&#8230;<br \/>Indem wir unsere Verantwortung so erf\u00fcllen, wie es sein sollte.<br \/>Wir produzieren Maschinen, die Energie effizient nutzen.<br \/>Wir verwenden Holzverpackungen.<br \/>Wir verwenden keine L\u00f6sungsmittel, die zu den gef\u00e4hrlichen Abf\u00e4llen z\u00e4hlen.<br \/>Wir bringen Materialien wie Aluminium- und Eisenabf\u00e4lle mit Genehmigung des Ministeriums f\u00fcr Umwelt, Urbanisierung und Klimawandel in zugelassenen Anlagen zur Verwendung.<br \/>Indem wir unsere Sensibilit\u00e4t f\u00fcr die Umwelt an unsere Mitarbeiter und Gesch\u00e4ftspartner weitergeben, stellen wir sicher, dass sie verbreitet und durch Taten unterst\u00fctzt wird.<br \/>Wir lieben die Welt und&#8230;<br \/>Wir forschen, lernen, bilden aus, setzen uns f\u00fcr eine nachhaltige Umwelt ein&#8230;<\/p>\t\t\t\t\t\t\t\t<\/div>\n\t\t\t\t<\/div>\n\t\t\t\t\t<\/div>\n\t\t\t\t<\/div>\n\t\t\t\t<\/div>\n\t\t","protected":false},"excerpt":{"rendered":"<p>Wir wissen, dass die Reinigung der verschmutzten Umwelt eine schwierigere und teurere Methode ist als deren Vermeidung.Wir betreiben \u201esaubere Produktion\u201d.Die Ursache f\u00fcr die Umweltverschmutzung ist nicht das Bev\u00f6lkerungswachstum, sondern die durch den steigenden Konsum entstehenden Haushalts- und Industrieabf\u00e4lle. Durch das Recycling von Abf\u00e4llen auf eine Weise, die keine Umweltverschmutzung verursacht, und durch die Verwendung umweltfreundlicher Produkte werden Sch\u00e4den minimiert.W\u00e4hrend wir produzieren, denken wir an das&#8230; <\/p>\n<p class=\"more\"><a class=\"more-link\" href=\"https:\/\/ozcelik.com\/de\/umweltpolitik\/\">Read More<\/a><\/p>\n","protected":false},"author":1,"featured_media":0,"parent":0,"menu_order":0,"comment_status":"closed","ping_status":"closed","template":"","meta":{"inline_featured_image":false,"footnotes":""},"class_list":["post-14967","page","type-page","status-publish","hentry","is-cat-link-solid is-cat-link-rounded"],"_links":{"self":[{"href":"https:\/\/ozcelik.com\/de\/wp-json\/wp\/v2\/pages\/14967","targetHints":{"allow":["GET"]}}],"collection":[{"href":"https:\/\/ozcelik.com\/de\/wp-json\/wp\/v2\/pages"}],"about":[{"href":"https:\/\/ozcelik.com\/de\/wp-json\/wp\/v2\/types\/page"}],"author":[{"embeddable":true,"href":"https:\/\/ozcelik.com\/de\/wp-json\/wp\/v2\/users\/1"}],"replies":[{"embeddable":true,"href":"https:\/\/ozcelik.com\/de\/wp-json\/wp\/v2\/comments?post=14967"}],"version-history":[{"count":6,"href":"https:\/\/ozcelik.com\/de\/wp-json\/wp\/v2\/pages\/14967\/revisions"}],"predecessor-version":[{"id":19554,"href":"https:\/\/ozcelik.com\/de\/wp-json\/wp\/v2\/pages\/14967\/revisions\/19554"}],"wp:attachment":[{"href":"https:\/\/ozcelik.com\/de\/wp-json\/wp\/v2\/media?parent=14967"}],"curies":[{"name":"wp","href":"https:\/\/api.w.org\/{rel}","templated":true}]}}