{"id":14965,"date":"2024-10-26T21:21:36","date_gmt":"2024-10-26T21:21:36","guid":{"rendered":"https:\/\/ozcelik.com\/de\/?page_id=14965"},"modified":"2025-09-30T09:37:03","modified_gmt":"2025-09-30T09:37:03","slug":"cookie-richtlinie","status":"publish","type":"page","link":"https:\/\/ozcelik.com\/de\/cookie-richtlinie\/","title":{"rendered":"Cookie-Richtlinie"},"content":{"rendered":"\t\t<div data-elementor-type=\"wp-page\" data-elementor-id=\"14965\" class=\"elementor elementor-14965\" data-elementor-post-type=\"page\">\n\t\t\t\t<div class=\"elementor-element elementor-element-7c087762 e-flex e-con-boxed e-con e-parent\" data-id=\"7c087762\" data-element_type=\"container\" data-e-type=\"container\">\n\t\t\t\t\t<div class=\"e-con-inner\">\n\t\t\t\t<div class=\"elementor-element elementor-element-3c30d8d4 elementor-widget elementor-widget-text-editor\" data-id=\"3c30d8d4\" data-element_type=\"widget\" data-e-type=\"widget\" data-widget_type=\"text-editor.default\">\n\t\t\t\t<div class=\"elementor-widget-container\">\n\t\t\t\t\t\t\t\t\t<p>Diese Cookie-Richtlinie (\u201eRichtlinie\u201c) basiert auf <b>\u00d6Z\u00c7EL\u0130K MAK\u0130NA SAN. A.\u015e.<\/b> Sie gilt f\u00fcr die von dem Unternehmen verwaltete Website www.ozcelik.com, und Cookies werden w\u00e4hrend Ihres Besuchs auf der Website gem\u00e4\u00df dieser Richtlinie verwendet.<\/p><ol><li><b>Was ist ein Cookie?<\/b> Cookies sind kleine Textdateien, die von einer Website auf Ihrem Ger\u00e4t erstellt werden und Daten im Name-Wert-Format enthalten. Cookies erm\u00f6glichen es der von Ihnen besuchten Website, Informationen auf Ihrem Ger\u00e4t zu speichern, die bei Ihren sp\u00e4teren Besuchen von der Website verwendet werden k\u00f6nnen. Von einer Website erstellte Cookies werden von dem Webbrowser gespeichert, den Sie f\u00fcr den Zugriff auf die Website verwenden, und der Fernzugriff auf die in Cookies enthaltenen Informationen ist nur \u00fcber die Websites m\u00f6glich, die unter dem Domainnamen (z. B. site.org.tr) angeboten werden, der das Cookie erstellt hat, und wenn Sie denselben Browser verwenden. Cookies sind heute ein wichtiger Bestandteil der Webtechnologien und ihre Grundfunktionen sind: Die Erkennung des Ger\u00e4ts durch Speicherung des Besuchers und seiner Pr\u00e4ferenzen. Fast jede Website verwendet Cookies.<\/li><li><b>Arten von Cookies<\/b>: Cookies, die von der von Ihnen besuchten Website erstellt werden und nur von dieser Website gelesen werden k\u00f6nnen, sind prim\u00e4re Cookies. Die auf der besuchten Website dargestellten Inhalte k\u00f6nnen auch \u00fcber andere Dom\u00e4nen als den Dom\u00e4nennamen der Zugriffsadresse bereitgestellt werden (z. B. das Anzeigen von Inhalten, die auf einer Videoplattform gehostet werden, \u00fcber eine Social-Media-Website). In diesem Fall kann jede Dom\u00e4ne ihre eigenen eindeutigen Cookies von Drittanbietern erstellen.<\/li><li><b>Wozu werden Cookies verwendet?<\/b> Wir verwenden Cookies f\u00fcr die folgenden Zwecke: Speichern Ihrer Navigations- und Nutzungspr\u00e4ferenzen w\u00e4hrend Ihres Besuchs auf unserer Website (z. B. Anzeigesprache usw.), Erleichterung der Nutzung unserer Website und Anpassung unserer Website an Ihre Pr\u00e4ferenzen; Sicherstellung der ordnungsgem\u00e4\u00dfen Funktion der verschiedenen Features und Funktionen unserer Website (z. B. Aufrechterhaltung Ihrer Anmeldung, Einbettung dynamischer Inhalte usw.); Um allgemeine Informationen dar\u00fcber zu sammeln, wie unsere Website von unseren Besuchern genutzt wird, und um diese Informationen zu analysieren, damit fehlerhafte Seiten funktionieren, die Kundenerfahrung verbessert und nicht bevorzugte Seiten entfernt oder verbessert werden k\u00f6nnen. Die Daten, die wir durch Cookies sammeln, werden nicht dazu verwendet, Sie zu identifizieren, personalisierte Profile zu erstellen und Targeting zu betreiben oder Ihre Internetaktivit\u00e4ten au\u00dferhalb unserer Website zu verfolgen. Cookies werden nicht f\u00fcr andere als die in dieser Richtlinie genannten Zwecke verwendet, und alle relevanten Transaktionen werden in \u00dcbereinstimmung mit den Datenschutzgesetzen durchgef\u00fchrt. Arten von Cookies Art von Cookies Beschreibung Sitzungscookies Sitzungscookies sind Cookies, die w\u00e4hrend Ihrer Nutzung der Website g\u00fcltig sind und bis zum Schlie\u00dfen des Webbrowsers g\u00fcltig bleiben. Permanente Cookies Diese Cookies werden in Ihrem Browser gespeichert und bleiben g\u00fcltig, bis sie von Ihnen gel\u00f6scht werden oder bis ihr Ablaufdatum erreicht ist. Obligatorische Cookies Dies sind Cookies, die verwendet werden m\u00fcssen, damit die Website ordnungsgem\u00e4\u00df funktioniert und Sie die Funktionen der Website und die angebotenen Dienste nutzen k\u00f6nnen. Funktionale und analytische Cookies Dies sind Cookies, die f\u00fcr Zwecke wie das Speichern Ihrer Pr\u00e4ferenzen, die effektive Nutzung der Website, die Optimierung der Website zur Beantwortung Ihrer Anfragen verwendet werden und Daten dar\u00fcber enthalten, wie Sie die Website nutzen. Aufgrund ihrer Beschaffenheit k\u00f6nnen diese Arten von Cookies Ihre personenbezogenen Daten enthalten. Beispielsweise sind Cookies, die Ihre Pr\u00e4ferenz f\u00fcr die Anzeigesprache der Website speichern, funktionale Cookies. Tracking-Cookies Tracking-Cookies sind prim\u00e4re und Drittanbieter-Cookies, die w\u00e4hrend Ihres Besuchs auf unserer Website und auf Domains von Drittanbietern erstellt werden. Diese Cookies erm\u00f6glichen es, Ihre Klick- und Besuchsgeschichte in den Domains, in denen sie erstellt wurden, zu verfolgen und diese Aufzeichnungen zwischen verschiedenen Domainnamen abzugleichen. Solche Cookies werden zum Erkennen und Profiling von Benutzern, zur Ausrichtung von Werbe- und Marketingaktivit\u00e4ten und zur Anpassung von Inhalten verwendet. Diese Cookies werden nicht dazu verwendet, Sie zu identifizieren oder personalisierte Entscheidungen zu treffen.<\/li><li><b>Verwaltung von Cookies<\/b>: Webbrowser akzeptieren Cookies in der Regel automatisch. Die Verwendung von Cookies ist f\u00fcr die Nutzung unserer Website nicht zwingend erforderlich. Wenn Sie Ihren Browser jedoch so einstellen, dass er keine Cookies akzeptiert, kann dies zu einer Verschlechterung der Benutzerfreundlichkeit und zu Einschr\u00e4nkungen verschiedener Funktionen unserer Websites f\u00fchren. Sie k\u00f6nnen Ihren Browser so konfigurieren, dass er Cookies f\u00fcr alle Websites oder bestimmte Websites blockiert, bei der Erstellung eines Cookies eine Warnung ausgibt, Cookies von Drittanbietern blockiert oder alle Cookies als Sitzungscookies behandelt. Dar\u00fcber hinaus k\u00f6nnen Sie Cookies \u00fcber Ihren Browser l\u00f6schen oder die Liste der in Ihrem Browser gespeicherten Cookies und deren Werte einsehen. F\u00fcr detaillierte Informationen zu den Cookie-Verwaltungsfunktionen Ihres Browsers klicken Sie bitte auf den entsprechenden Link unten, um Informationen von der Website Ihres Browsers zu erhalten.<\/li><li>Weitere Informationen zu Cookies Besuchern, die detailliertere Informationen zu Cookies erhalten m\u00f6chten, empfehlen wir, die Website <b>www.aboutcookies.org<\/b> (Englisch) zu besuchen.<\/li><\/ol>\t\t\t\t\t\t\t\t<\/div>\n\t\t\t\t<\/div>\n\t\t\t\t\t<\/div>\n\t\t\t\t<\/div>\n\t\t\t\t<\/div>\n\t\t","protected":false},"excerpt":{"rendered":"<p>Diese Cookie-Richtlinie (\u201eRichtlinie\u201c) basiert auf \u00d6Z\u00c7EL\u0130K MAK\u0130NA SAN. A.\u015e. Sie gilt f\u00fcr die von dem Unternehmen verwaltete Website www.ozcelik.com, und Cookies werden w\u00e4hrend Ihres Besuchs auf der Website gem\u00e4\u00df dieser Richtlinie verwendet. Was ist ein Cookie? Cookies sind kleine Textdateien, die von einer Website auf Ihrem Ger\u00e4t erstellt werden und Daten im Name-Wert-Format enthalten. Cookies erm\u00f6glichen es der von Ihnen besuchten Website, Informationen auf Ihrem&#8230; <\/p>\n<p class=\"more\"><a class=\"more-link\" href=\"https:\/\/ozcelik.com\/de\/cookie-richtlinie\/\">Read More<\/a><\/p>\n","protected":false},"author":1,"featured_media":0,"parent":0,"menu_order":0,"comment_status":"closed","ping_status":"closed","template":"","meta":{"inline_featured_image":false,"footnotes":""},"class_list":["post-14965","page","type-page","status-publish","hentry","is-cat-link-solid is-cat-link-rounded"],"_links":{"self":[{"href":"https:\/\/ozcelik.com\/de\/wp-json\/wp\/v2\/pages\/14965","targetHints":{"allow":["GET"]}}],"collection":[{"href":"https:\/\/ozcelik.com\/de\/wp-json\/wp\/v2\/pages"}],"about":[{"href":"https:\/\/ozcelik.com\/de\/wp-json\/wp\/v2\/types\/page"}],"author":[{"embeddable":true,"href":"https:\/\/ozcelik.com\/de\/wp-json\/wp\/v2\/users\/1"}],"replies":[{"embeddable":true,"href":"https:\/\/ozcelik.com\/de\/wp-json\/wp\/v2\/comments?post=14965"}],"version-history":[{"count":6,"href":"https:\/\/ozcelik.com\/de\/wp-json\/wp\/v2\/pages\/14965\/revisions"}],"predecessor-version":[{"id":19550,"href":"https:\/\/ozcelik.com\/de\/wp-json\/wp\/v2\/pages\/14965\/revisions\/19550"}],"wp:attachment":[{"href":"https:\/\/ozcelik.com\/de\/wp-json\/wp\/v2\/media?parent=14965"}],"curies":[{"name":"wp","href":"https:\/\/api.w.org\/{rel}","templated":true}]}}