{"id":14781,"date":"2024-10-26T12:52:08","date_gmt":"2024-10-26T12:52:08","guid":{"rendered":"https:\/\/ozcelik.com\/de\/?page_id=14781"},"modified":"2025-09-30T09:55:10","modified_gmt":"2025-09-30T09:55:10","slug":"ersatzteile","status":"publish","type":"page","link":"https:\/\/ozcelik.com\/de\/ersatzteile\/","title":{"rendered":"Ersatzteile"},"content":{"rendered":"\t\t<div data-elementor-type=\"wp-page\" data-elementor-id=\"14781\" class=\"elementor elementor-14781\" data-elementor-post-type=\"page\">\n\t\t\t\t\t\t<section class=\"elementor-section elementor-top-section elementor-element elementor-element-6c85f19f elementor-section-height-min-height elementor-section-boxed elementor-section-height-default elementor-section-items-middle\" data-id=\"6c85f19f\" data-element_type=\"section\" data-e-type=\"section\" data-settings=\"{&quot;background_background&quot;:&quot;classic&quot;}\">\n\t\t\t\t\t\t<div class=\"elementor-container elementor-column-gap-default\">\n\t\t\t\t\t<div class=\"elementor-column elementor-col-100 elementor-top-column elementor-element elementor-element-6e977c7\" data-id=\"6e977c7\" data-element_type=\"column\" data-e-type=\"column\">\n\t\t\t<div class=\"elementor-widget-wrap elementor-element-populated\">\n\t\t\t\t\t\t<div class=\"elementor-element elementor-element-db01d00 elementor-widget elementor-widget-qi_addons_for_elementor_animated_text\" data-id=\"db01d00\" data-element_type=\"widget\" data-e-type=\"widget\" data-widget_type=\"qi_addons_for_elementor_animated_text.default\">\n\t\t\t\t<div class=\"elementor-widget-container\">\n\t\t\t\t\t<div class=\"qodef-shortcode qodef-m qodef-qi-animated-text qodef--animated-by-letter qodef--alignment-center qodef-qi--has-appear qodef--appear-from-right\" >\n\t\t<h1 class=\"qodef-m-title\">\n\t\t<span class=\"qodef-e-word-holder\">Ersatzteilformular<\/span>\t<\/h1>\n<\/div>\n\t\t\t\t<\/div>\n\t\t\t\t<\/div>\n\t\t\t\t\t<\/div>\n\t\t<\/div>\n\t\t\t\t\t<\/div>\n\t\t<\/section>\n\t\t\t\t<section class=\"elementor-section elementor-top-section elementor-element elementor-element-14d511ca elementor-section-boxed elementor-section-height-default elementor-section-height-default\" data-id=\"14d511ca\" data-element_type=\"section\" data-e-type=\"section\">\n\t\t\t\t\t\t<div class=\"elementor-container elementor-column-gap-default\">\n\t\t\t\t\t<div class=\"elementor-column elementor-col-50 elementor-top-column elementor-element elementor-element-507c1937\" data-id=\"507c1937\" data-element_type=\"column\" data-e-type=\"column\">\n\t\t\t<div class=\"elementor-widget-wrap elementor-element-populated\">\n\t\t\t\t\t\t<div class=\"elementor-element elementor-element-b73914e bdt-image-match-height-desktop--yes bdt-image-match-height-tablet--yes bdt-image-match-height-mobile--yes elementor-widget elementor-widget-prime-slider-isolate\" data-id=\"b73914e\" data-element_type=\"widget\" data-e-type=\"widget\" data-widget_type=\"prime-slider-isolate.default\">\n\t\t\t\t<div class=\"elementor-widget-container\">\n\t\t\t\t\t\t\t<div class=\"bdt-prime-slider\">\n\t\t\t<div class=\"bdt-prime-slider-skin-isolate content-position-inherit content-position-column\" data-bdt-lightbox=\"toggle: .bdt-slide-play-button&gt;a; animation: slide; video-autoplay: true;\">\n\t\t\t\t<div class=\"bdt-position-relative bdt-visible-toggle\" data-settings=\"{&quot;id&quot;:&quot;#bdt-b73914e&quot;,&quot;animation_status&quot;:&quot;no&quot;}\" id=\"bdt-b73914e\" bdt-slideshow=\"{&quot;animation&quot;:&quot;fade&quot;,&quot;ratio&quot;:&quot;16:9&quot;,&quot;min-height&quot;:&quot;600&quot;,&quot;autoplay&quot;:true,&quot;autoplay-interval&quot;:7000,&quot;pause-on-hover&quot;:false,&quot;velocity&quot;:0.1,&quot;finite&quot;:true}\">\n\t\t\t\t\t<ul class=\"bdt-slideshow-items\">\n\t\t\t\t\t\t         \n        <li class=\"bdt-slideshow-item bdt-flex bdt-flex-column bdt-flex-middle elementor-repeater-item-6939910 \">\n            <div class=\"bdt-width-1-1 bdt-width-1-2@s\">\n                        <div class=\"bdt-slideshow-content-wrapper\">\n            <div class=\"bdt-prime-slider-wrapper\">\n                <div class=\"bdt-prime-slider-content\">\n                    <div class=\"bdt-prime-slider-desc bdt-flex bdt-flex-column\">\n\n                        \n                                                    <div class=\"bdt-main-title\">\n                                <h1 class=\"bdt-title-tag\" data-reveal=\"reveal-active\" >\n                                                                            <span class=\"frist-word\">Ersatzteile<\/span>                                                                         <\/h1>\n                            <\/div>\n                        \n                                                    <div class=\"bdt-slider-excerpt\" data-reveal=\"reveal-active\" >\n                                <p>Sorgen Sie f\u00fcr einen reibungslosen Produktionsablauf mit unserem umfassenden Ersatzteilangebot. Finden Sie schnell und einfach die ben\u00f6tigten Teile, um Ausfallzeiten zu minimieren und eine optimale Maschinenleistung zu gew\u00e4hrleisten.<\/p>                            <\/div>\n                        \n                        <div class=\"bdt-isolate-btn\" data-reveal=\"reveal-active\" >\n                                                    <\/div>\n\n                    <\/div>\n\n                <\/div>\n            <\/div>\n        <\/div>\n\n                    <\/div>\n            <div class=\"bdt-width-1-1 bdt-width-1-2@s bdt-match-height\">\n                <div class=\"bdt-position-relative bdt-slide-overlay\" data-reveal=\"reveal-active\">\n                    \n                        <img fetchpriority=\"high\" decoding=\"async\" width=\"360\" height=\"362\" src=\"https:\/\/ozcelik.com\/de\/wp-content\/uploads\/2024\/10\/Spare-Parts-1-360x362.jpg\" class=\"attachment-endustry_image_size_4 size-endustry_image_size_4\" alt=\"Ersatzteile\" srcset=\"https:\/\/ozcelik.com\/de\/wp-content\/uploads\/2024\/10\/Spare-Parts-1-360x362.jpg 360w, https:\/\/ozcelik.com\/de\/wp-content\/uploads\/2024\/10\/Spare-Parts-1-150x150.jpg 150w\" sizes=\"(max-width: 360px) 100vw, 360px\" \/>\n                        \n                                    <\/div>\n            <\/div>\n                    <\/li>\n\n\t    \n\t\t\t\t\t<\/ul>\n\n\t\t\t\t\t\n                            <div class=\"bdt-flex bdt-flex-column bdt-navigation-arrows reveal-muted\">\n                    <div class=\"bdt-width-expand@s\">\n                    <\/div>\n                    <div class=\"bdt-width-1-1 bdt-width-1-2@s\">\n                        <a class=\"bdt-prime-slider-previous\" href=\"#\" bdt-slideshow-item=\"previous\"><i class=\"ps-wi-arrow-left-5\"><\/i><\/a>\n\n                        <a class=\"bdt-prime-slider-next\" href=\"#\" bdt-slideshow-item=\"next\"><i class=\"ps-wi-arrow-right-5\"><\/i><\/a>\n                    <\/div>\n                <\/div>\n\n\n            \n        \t\t\t\t\t\n            \n                <ul class=\"bdt-slideshow-nav bdt-dotnav bdt-dotnav-vertical reveal-muted\"><\/ul>\n\n            \n        \n\t\t\t\t<\/div>\n\t\t\t\t\t\t\t<\/div>\n\t\t\t<\/div>\n\t\t\t\t\t\t<\/div>\n\t\t\t\t<\/div>\n\t\t\t\t\t<\/div>\n\t\t<\/div>\n\t\t\t\t<div class=\"elementor-column elementor-col-50 elementor-top-column elementor-element elementor-element-7ea840aa\" data-id=\"7ea840aa\" data-element_type=\"column\" data-e-type=\"column\">\n\t\t\t<div class=\"elementor-widget-wrap elementor-element-populated\">\n\t\t\t\t\t\t<div class=\"elementor-element elementor-element-6b943be elementor-button-align-stretch elementor-widget elementor-widget-form\" data-id=\"6b943be\" data-element_type=\"widget\" data-e-type=\"widget\" data-settings=\"{&quot;step_next_label&quot;:&quot;Next&quot;,&quot;step_previous_label&quot;:&quot;Previous&quot;,&quot;button_width&quot;:&quot;100&quot;,&quot;step_type&quot;:&quot;number_text&quot;,&quot;step_icon_shape&quot;:&quot;circle&quot;}\" data-widget_type=\"form.default\">\n\t\t\t\t<div class=\"elementor-widget-container\">\n\t\t\t\t\t\t\t<form class=\"elementor-form\" method=\"post\" name=\"New Form\">\n\t\t\t<input type=\"hidden\" name=\"post_id\" value=\"14781\"\/>\n\t\t\t<input type=\"hidden\" name=\"form_id\" value=\"6b943be\"\/>\n\t\t\t<input type=\"hidden\" name=\"referer_title\" value=\"Ersatzteile - \u00d6z\u00e7elik Makine\" \/>\n\n\t\t\t\t\t\t\t<input type=\"hidden\" name=\"queried_id\" value=\"14781\"\/>\n\t\t\t\n\t\t\t<div class=\"elementor-form-fields-wrapper elementor-labels-above\">\n\t\t\t\t\t\t\t\t<div class=\"elementor-field-type-text elementor-field-group elementor-column elementor-field-group-field_11a59f4 elementor-col-100 elementor-field-required elementor-mark-required\">\n\t\t\t\t\t\t\t\t\t\t\t\t<label for=\"form-field-field_11a59f4\" class=\"elementor-field-label\">\n\t\t\t\t\t\t\t\tFirmenname\t\t\t\t\t\t\t<\/label>\n\t\t\t\t\t\t\t\t\t\t\t\t\t\t<input size=\"1\" type=\"text\" name=\"form_fields[field_11a59f4]\" id=\"form-field-field_11a59f4\" class=\"elementor-field elementor-size-sm  elementor-field-textual\" placeholder=\"Firmenname\" required=\"required\">\n\t\t\t\t\t\t\t\t\t\t\t<\/div>\n\t\t\t\t\t\t\t\t<div class=\"elementor-field-type-tel elementor-field-group elementor-column elementor-field-group-email elementor-col-100 elementor-field-required elementor-mark-required\">\n\t\t\t\t\t\t\t\t\t\t\t\t<label for=\"form-field-email\" class=\"elementor-field-label\">\n\t\t\t\t\t\t\t\tTelefon\t\t\t\t\t\t\t<\/label>\n\t\t\t\t\t\t\t\t<input size=\"1\" type=\"tel\" name=\"form_fields[email]\" id=\"form-field-email\" class=\"elementor-field elementor-size-sm  elementor-field-textual\" placeholder=\"Telefon\" required=\"required\" pattern=\"[0-9()#&amp;+*-=.]+\" title=\"Only numbers and phone characters (#, -, *, etc) are accepted.\">\n\n\t\t\t\t\t\t<\/div>\n\t\t\t\t\t\t\t\t<div class=\"elementor-field-type-textarea elementor-field-group elementor-column elementor-field-group-field_3e948af elementor-col-100\">\n\t\t\t\t\t\t\t\t\t\t\t\t<label for=\"form-field-field_3e948af\" class=\"elementor-field-label\">\n\t\t\t\t\t\t\t\tAdresse\t\t\t\t\t\t\t<\/label>\n\t\t\t\t\t\t<textarea class=\"elementor-field-textual elementor-field  elementor-size-sm\" name=\"form_fields[field_3e948af]\" id=\"form-field-field_3e948af\" rows=\"4\" placeholder=\"Adresse\"><\/textarea>\t\t\t\t<\/div>\n\t\t\t\t\t\t\t\t<div class=\"elementor-field-type-text elementor-field-group elementor-column elementor-field-group-field_d48cf91 elementor-col-33\">\n\t\t\t\t\t\t\t\t\t\t\t\t<label for=\"form-field-field_d48cf91\" class=\"elementor-field-label\">\n\t\t\t\t\t\t\t\tBezirk\t\t\t\t\t\t\t<\/label>\n\t\t\t\t\t\t\t\t\t\t\t\t\t\t<input size=\"1\" type=\"text\" name=\"form_fields[field_d48cf91]\" id=\"form-field-field_d48cf91\" class=\"elementor-field elementor-size-sm  elementor-field-textual\" placeholder=\"Bezirk\">\n\t\t\t\t\t\t\t\t\t\t\t<\/div>\n\t\t\t\t\t\t\t\t<div class=\"elementor-field-type-text elementor-field-group elementor-column elementor-field-group-field_76d5416 elementor-col-33\">\n\t\t\t\t\t\t\t\t\t\t\t\t<label for=\"form-field-field_76d5416\" class=\"elementor-field-label\">\n\t\t\t\t\t\t\t\tStadt\t\t\t\t\t\t\t<\/label>\n\t\t\t\t\t\t\t\t\t\t\t\t\t\t<input size=\"1\" type=\"text\" name=\"form_fields[field_76d5416]\" id=\"form-field-field_76d5416\" class=\"elementor-field elementor-size-sm  elementor-field-textual\" placeholder=\"Stadt\">\n\t\t\t\t\t\t\t\t\t\t\t<\/div>\n\t\t\t\t\t\t\t\t<div class=\"elementor-field-type-text elementor-field-group elementor-column elementor-field-group-field_3c6e94d elementor-col-33\">\n\t\t\t\t\t\t\t\t\t\t\t\t<label for=\"form-field-field_3c6e94d\" class=\"elementor-field-label\">\n\t\t\t\t\t\t\t\tPostleitzahl\t\t\t\t\t\t\t<\/label>\n\t\t\t\t\t\t\t\t\t\t\t\t\t\t<input size=\"1\" type=\"text\" name=\"form_fields[field_3c6e94d]\" id=\"form-field-field_3c6e94d\" class=\"elementor-field elementor-size-sm  elementor-field-textual\" placeholder=\"Postleitzahl\">\n\t\t\t\t\t\t\t\t\t\t\t<\/div>\n\t\t\t\t\t\t\t\t<div class=\"elementor-field-type-date elementor-field-group elementor-column elementor-field-group-field_5c99f45 elementor-col-25\">\n\t\t\t\t\t\t\t\t\t\t\t\t<label for=\"form-field-field_5c99f45\" class=\"elementor-field-label\">\n\t\t\t\t\t\t\t\tBestelldatum\t\t\t\t\t\t\t<\/label>\n\t\t\t\t\t\t\n\t\t<input type=\"date\" name=\"form_fields[field_5c99f45]\" id=\"form-field-field_5c99f45\" class=\"elementor-field elementor-size-sm  elementor-field-textual elementor-date-field\" placeholder=\"Bestelldatum\" pattern=\"[0-9]{4}-[0-9]{2}-[0-9]{2}\">\n\t\t\t\t\t\t<\/div>\n\t\t\t\t\t\t\t\t<div class=\"elementor-field-type-text elementor-field-group elementor-column elementor-field-group-field_6e64f94 elementor-col-75\">\n\t\t\t\t\t\t\t\t\t\t\t\t<label for=\"form-field-field_6e64f94\" class=\"elementor-field-label\">\n\t\t\t\t\t\t\t\tAnmerkungen\t\t\t\t\t\t\t<\/label>\n\t\t\t\t\t\t\t\t\t\t\t\t\t\t<input size=\"1\" type=\"text\" name=\"form_fields[field_6e64f94]\" id=\"form-field-field_6e64f94\" class=\"elementor-field elementor-size-sm  elementor-field-textual\" placeholder=\"Anmerkungen\">\n\t\t\t\t\t\t\t\t\t\t\t<\/div>\n\t\t\t\t\t\t\t\t<div class=\"elementor-field-type-html elementor-field-group elementor-column elementor-field-group-field_2e499c9 elementor-col-100\">\n\t\t\t\t\tGeben Sie Ihre Bestellungen ein\n\t\t\t\t<\/div>\n\t\t\t\t\t\t\t\t<div class=\"elementor-field-type-text elementor-field-group elementor-column elementor-field-group-name elementor-col-50\">\n\t\t\t\t\t\t\t\t\t\t\t\t<label for=\"form-field-name\" class=\"elementor-field-label\">\n\t\t\t\t\t\t\t\tMaschinenname\t\t\t\t\t\t\t<\/label>\n\t\t\t\t\t\t\t\t\t\t\t\t\t\t<input size=\"1\" type=\"text\" name=\"form_fields[name]\" id=\"form-field-name\" class=\"elementor-field elementor-size-sm  elementor-field-textual\" placeholder=\"Maschinenname\">\n\t\t\t\t\t\t\t\t\t\t\t<\/div>\n\t\t\t\t\t\t\t\t<div class=\"elementor-field-type-text elementor-field-group elementor-column elementor-field-group-field_2a8d53d elementor-col-50\">\n\t\t\t\t\t\t\t\t\t\t\t\t<label for=\"form-field-field_2a8d53d\" class=\"elementor-field-label\">\n\t\t\t\t\t\t\t\tErsatzteilname\t\t\t\t\t\t\t<\/label>\n\t\t\t\t\t\t\t\t\t\t\t\t\t\t<input size=\"1\" type=\"text\" name=\"form_fields[field_2a8d53d]\" id=\"form-field-field_2a8d53d\" class=\"elementor-field elementor-size-sm  elementor-field-textual\" placeholder=\"Ersatzteilname\">\n\t\t\t\t\t\t\t\t\t\t\t<\/div>\n\t\t\t\t\t\t\t\t<div class=\"elementor-field-type-number elementor-field-group elementor-column elementor-field-group-field_dc633fe elementor-col-50\">\n\t\t\t\t\t\t\t\t\t\t\t\t<label for=\"form-field-field_dc633fe\" class=\"elementor-field-label\">\n\t\t\t\t\t\t\t\tMaschinenseriennummer\t\t\t\t\t\t\t<\/label>\n\t\t\t\t\t\t\t\t\t<input type=\"number\" name=\"form_fields[field_dc633fe]\" id=\"form-field-field_dc633fe\" class=\"elementor-field elementor-size-sm  elementor-field-textual\" placeholder=\"Maschinenseriennummer\" min=\"\" max=\"\" >\n\t\t\t\t\t\t<\/div>\n\t\t\t\t\t\t\t\t<div class=\"elementor-field-type-number elementor-field-group elementor-column elementor-field-group-field_20c8e94 elementor-col-50\">\n\t\t\t\t\t\t\t\t\t\t\t\t<label for=\"form-field-field_20c8e94\" class=\"elementor-field-label\">\n\t\t\t\t\t\t\t\tMenge\t\t\t\t\t\t\t<\/label>\n\t\t\t\t\t\t\t\t\t<input type=\"number\" name=\"form_fields[field_20c8e94]\" id=\"form-field-field_20c8e94\" class=\"elementor-field elementor-size-sm  elementor-field-textual\" placeholder=\"Menge\" min=\"\" max=\"\" >\n\t\t\t\t\t\t<\/div>\n\t\t\t\t\t\t\t\t<div class=\"elementor-field-type-upload elementor-field-group elementor-column elementor-field-group-field_e24fb12 elementor-col-100 elementor-field-required elementor-mark-required\">\n\t\t\t\t\t\t\t\t\t\t\t\t<label for=\"form-field-field_e24fb12\" class=\"elementor-field-label\">\n\t\t\t\t\t\t\t\tFotos max. insgesamt 8 MB\t\t\t\t\t\t\t<\/label>\n\t\t\t\t\t\t\t\t<input type=\"file\" name=\"form_fields[field_e24fb12][]\" id=\"form-field-field_e24fb12\" class=\"elementor-field elementor-size-sm  elementor-upload-field\" required=\"required\" multiple=\"multiple\" data-maxsize=\"8\" data-maxsize-message=\"This file exceeds the maximum allowed size.\">\n\n\t\t\t\t\t\t<\/div>\n\t\t\t\t\t\t\t\t<div class=\"elementor-field-type-acceptance elementor-field-group elementor-column elementor-field-group-field_12a35f4 elementor-col-100 elementor-field-required elementor-mark-required\">\n\t\t\t\t\t\t\t<div class=\"elementor-field-subgroup\">\n\t\t\t<span class=\"elementor-field-option\">\n\t\t\t\t<input type=\"checkbox\" name=\"form_fields[field_12a35f4]\" id=\"form-field-field_12a35f4\" class=\"elementor-field elementor-size-sm  elementor-acceptance-field\" required=\"required\">\n\t\t\t\t<label for=\"form-field-field_12a35f4\">Ich m\u00f6chte \u00fcber Kampagnen und Werbeaktionen informiert werden.<\/label>\t\t\t<\/span>\n\t\t<\/div>\n\t\t\t\t\t\t<\/div>\n\t\t\t\t\t\t\t\t<div class=\"elementor-field-type-acceptance elementor-field-group elementor-column elementor-field-group-field_a0b81bb elementor-col-100 elementor-field-required elementor-mark-required\">\n\t\t\t\t\t\t\t<div class=\"elementor-field-subgroup\">\n\t\t\t<span class=\"elementor-field-option\">\n\t\t\t\t<input type=\"checkbox\" name=\"form_fields[field_a0b81bb]\" id=\"form-field-field_a0b81bb\" class=\"elementor-field elementor-size-sm  elementor-acceptance-field\" required=\"required\">\n\t\t\t\t<label for=\"form-field-field_a0b81bb\">Ich stimme der Weitergabe meiner Daten an inl\u00e4ndische und internationale Gesch\u00e4ftspartner zum Zweck der Durchf\u00fchrung von E-Mail-Diensten zu.<\/label>\t\t\t<\/span>\n\t\t<\/div>\n\t\t\t\t\t\t<\/div>\n\t\t\t\t\t\t\t\t<div class=\"elementor-field-type-recaptcha_v3 elementor-field-group elementor-column elementor-field-group-field_0024ec4 elementor-col-100 recaptcha_v3-bottomright\">\n\t\t\t\t\t<div class=\"elementor-field\" id=\"form-field-field_0024ec4\"><div class=\"elementor-g-recaptcha\" data-sitekey=\"6LctNnkqAAAAABLXPNJFCs3PRqcx7m5gReYh5UBr\" data-type=\"v3\" data-action=\"Form\" data-badge=\"bottomright\" data-size=\"invisible\"><\/div><\/div>\t\t\t\t<\/div>\n\t\t\t\t\t\t\t\t<div class=\"elementor-field-type-recaptcha_v3 elementor-field-group elementor-column elementor-field-group-field_32be9dc elementor-col-100 recaptcha_v3-bottomright\">\n\t\t\t\t\t<div class=\"elementor-field\" id=\"form-field-field_32be9dc\"><div class=\"elementor-g-recaptcha\" data-sitekey=\"6LctNnkqAAAAABLXPNJFCs3PRqcx7m5gReYh5UBr\" data-type=\"v3\" data-action=\"Form\" data-badge=\"bottomright\" data-size=\"invisible\"><\/div><\/div>\t\t\t\t<\/div>\n\t\t\t\t\t\t\t\t<div class=\"elementor-field-group elementor-column elementor-field-type-submit elementor-col-100 e-form__buttons\">\n\t\t\t\t\t<button class=\"elementor-button elementor-size-sm\" type=\"submit\">\n\t\t\t\t\t\t<span class=\"elementor-button-content-wrapper\">\n\t\t\t\t\t\t\t\t\t\t\t\t\t\t\t\t\t\t\t\t\t\t<span class=\"elementor-button-text\">Senden<\/span>\n\t\t\t\t\t\t\t\t\t\t\t\t\t<\/span>\n\t\t\t\t\t<\/button>\n\t\t\t\t<\/div>\n\t\t\t<\/div>\n\t\t<\/form>\n\t\t\t\t\t\t<\/div>\n\t\t\t\t<\/div>\n\t\t\t\t\t<\/div>\n\t\t<\/div>\n\t\t\t\t\t<\/div>\n\t\t<\/section>\n\t\t\t\t<section class=\"elementor-section elementor-top-section elementor-element elementor-element-53e788e elementor-section-height-min-height elementor-section-stretched elementor-section-boxed elementor-section-height-default elementor-section-items-middle\" data-id=\"53e788e\" data-element_type=\"section\" data-e-type=\"section\" data-settings=\"{&quot;stretch_section&quot;:&quot;section-stretched&quot;,&quot;background_background&quot;:&quot;classic&quot;}\">\n\t\t\t\t\t\t\t<div class=\"elementor-background-overlay\"><\/div>\n\t\t\t\t\t\t\t<div class=\"elementor-container elementor-column-gap-default\">\n\t\t\t\t\t<div class=\"elementor-column elementor-col-100 elementor-top-column elementor-element elementor-element-c38ab08\" data-id=\"c38ab08\" data-element_type=\"column\" data-e-type=\"column\">\n\t\t\t<div class=\"elementor-widget-wrap elementor-element-populated\">\n\t\t\t\t\t\t<div class=\"elementor-element elementor-element-95c0580 animated-slow elementor-invisible elementor-widget elementor-widget-qi_addons_for_elementor_typeout_text\" data-id=\"95c0580\" data-element_type=\"widget\" data-e-type=\"widget\" data-settings=\"{&quot;_animation&quot;:&quot;fadeInUp&quot;}\" data-widget_type=\"qi_addons_for_elementor_typeout_text.default\">\n\t\t\t\t<div class=\"elementor-widget-container\">\n\t\t\t\t\t<div class=\"qodef-shortcode qodef-m qodef-qi-typeout-text\" data-strings=\"[&quot;&quot;]\">\n\t<h1 class=\"qodef-m-text\">\n\t\t\t\t\tEVERYTHING YOU NEED\t\t\t\t<span class=\"qodef-typeout-holder\">\n\t\t\t<span class=\"qodef-typeout\"><\/span>\n\t\t<\/span>\n\t<\/h1>\n<\/div>\n\t\t\t\t<\/div>\n\t\t\t\t<\/div>\n\t\t\t\t<div class=\"elementor-element elementor-element-f13c434 animated-slow elementor-invisible elementor-widget elementor-widget-qi_addons_for_elementor_typeout_text\" data-id=\"f13c434\" data-element_type=\"widget\" data-e-type=\"widget\" data-settings=\"{&quot;_animation&quot;:&quot;fadeInUp&quot;}\" data-widget_type=\"qi_addons_for_elementor_typeout_text.default\">\n\t\t\t\t<div class=\"elementor-widget-container\">\n\t\t\t\t\t<div class=\"qodef-shortcode qodef-m qodef-qi-typeout-text\" data-strings=\"[&quot;Merhaba&quot;,&quot;Hello&quot;,&quot;\\u041f\\u0440\\u0438\\u0432\\u0435\\u0442&quot;,&quot;Hola&quot;,&quot;Hallo&quot;,&quot;Ciao&quot;,&quot;Ol\\u00e1&quot;,&quot;\\u0645\\u0631\\u062d\\u0628&quot;,&quot;Bonjour&quot;,&quot;\\u3053\\u3093\\u306b\\u3061\\u306f&quot;,&quot;\\u4f60\\u597d&quot;]\">\n\t<h2 class=\"qodef-m-text\">\n\t\t\t\t\tDo not hesitate to say\t\t\t\t<span class=\"qodef-typeout-holder\">\n\t\t\t<span class=\"qodef-typeout\"><\/span>\n\t\t<\/span>\n\t<\/h2>\n<\/div>\n\t\t\t\t<\/div>\n\t\t\t\t<\/div>\n\t\t\t\t<div class=\"elementor-element elementor-element-7f59483 elementor-widget__width-auto animated-slow elementor-invisible elementor-widget elementor-widget-qi_addons_for_elementor_button\" data-id=\"7f59483\" data-element_type=\"widget\" data-e-type=\"widget\" data-settings=\"{&quot;_animation&quot;:&quot;fadeInUp&quot;,&quot;_animation_delay&quot;:&quot;200&quot;}\" data-widget_type=\"qi_addons_for_elementor_button.default\">\n\t\t\t\t<div class=\"elementor-widget-container\">\n\t\t\t\t\t<a class=\"qodef-shortcode qodef-m qodef-qi-button qodef-html--link qodef-layout--outlined qodef-type--icon-boxed qodef-icon--right qodef-hover--icon-move-horizontal-short qodef-text-underline qodef-underline--left\" href=\"https:\/\/ozcelik.com\/de\/contact\/\" target=\"_self\">\n\t<span class=\"qodef-m-text\">Let&#039;s Contact Us<\/span>\n\t\t<span class=\"qodef-m-icon\">\n\t\t<span class=\"qodef-m-icon-inner\">\n\t\t\t<svg xmlns=\"http:\/\/www.w3.org\/2000\/svg\" x=\"0px\" y=\"0px\" width=\"7px\" height=\"7px\" viewBox=\"1.25 1.25 7 7\" xml:space=\"preserve\"><polygon fill=\"#ffffff\" points=\"1.25,1.25 1.25,2.25 6.543,2.25 1.25,7.543 1.958,8.25 7.25,2.957 7.25,8.25 8.25,8.25 8.25,1.25 8.25,1.25 \"><\/polygon><\/svg>\t\t\t\t\t<\/span>\n\t<\/span>\n<\/a>\n\t\t\t\t<\/div>\n\t\t\t\t<\/div>\n\t\t\t\t\t<\/div>\n\t\t<\/div>\n\t\t\t\t\t<\/div>\n\t\t<\/section>\n\t\t\t\t<\/div>\n\t\t","protected":false},"excerpt":{"rendered":"<p>Ersatzteilformular Ersatzteile Sorgen Sie f\u00fcr einen reibungslosen Produktionsablauf mit unserem umfassenden Ersatzteilangebot. Finden Sie schnell und einfach die ben\u00f6tigten Teile, um Ausfallzeiten zu minimieren und eine optimale Maschinenleistung zu gew\u00e4hrleisten. EVERYTHING YOU NEED Do not hesitate to say Let&#039;s Contact Us<\/p>\n","protected":false},"author":1,"featured_media":11912,"parent":0,"menu_order":0,"comment_status":"closed","ping_status":"closed","template":"elementor_header_footer","meta":{"inline_featured_image":false,"footnotes":""},"class_list":["post-14781","page","type-page","status-publish","has-post-thumbnail","hentry","is-cat-link-solid is-cat-link-rounded"],"_links":{"self":[{"href":"https:\/\/ozcelik.com\/de\/wp-json\/wp\/v2\/pages\/14781","targetHints":{"allow":["GET"]}}],"collection":[{"href":"https:\/\/ozcelik.com\/de\/wp-json\/wp\/v2\/pages"}],"about":[{"href":"https:\/\/ozcelik.com\/de\/wp-json\/wp\/v2\/types\/page"}],"author":[{"embeddable":true,"href":"https:\/\/ozcelik.com\/de\/wp-json\/wp\/v2\/users\/1"}],"replies":[{"embeddable":true,"href":"https:\/\/ozcelik.com\/de\/wp-json\/wp\/v2\/comments?post=14781"}],"version-history":[{"count":96,"href":"https:\/\/ozcelik.com\/de\/wp-json\/wp\/v2\/pages\/14781\/revisions"}],"predecessor-version":[{"id":19578,"href":"https:\/\/ozcelik.com\/de\/wp-json\/wp\/v2\/pages\/14781\/revisions\/19578"}],"wp:featuredmedia":[{"embeddable":true,"href":"https:\/\/ozcelik.com\/de\/wp-json\/wp\/v2\/media\/11912"}],"wp:attachment":[{"href":"https:\/\/ozcelik.com\/de\/wp-json\/wp\/v2\/media?parent=14781"}],"curies":[{"name":"wp","href":"https:\/\/api.w.org\/{rel}","templated":true}]}}