{"id":14780,"date":"2024-10-26T12:52:10","date_gmt":"2024-10-26T12:52:10","guid":{"rendered":"https:\/\/ozcelik.com\/de\/?page_id=14780"},"modified":"2025-09-30T09:52:35","modified_gmt":"2025-09-30T09:52:35","slug":"serviceanfrage","status":"publish","type":"page","link":"https:\/\/ozcelik.com\/de\/serviceanfrage\/","title":{"rendered":"Serviceanfrage"},"content":{"rendered":"\t\t<div data-elementor-type=\"wp-page\" data-elementor-id=\"14780\" class=\"elementor elementor-14780\" data-elementor-post-type=\"page\">\n\t\t\t\t\t\t<section class=\"elementor-section elementor-top-section elementor-element elementor-element-436a70aa elementor-section-height-min-height elementor-section-boxed elementor-section-height-default elementor-section-items-middle\" data-id=\"436a70aa\" data-element_type=\"section\" data-e-type=\"section\" data-settings=\"{&quot;background_background&quot;:&quot;classic&quot;}\">\n\t\t\t\t\t\t<div class=\"elementor-container elementor-column-gap-default\">\n\t\t\t\t\t<div class=\"elementor-column elementor-col-100 elementor-top-column elementor-element elementor-element-707af913\" data-id=\"707af913\" data-element_type=\"column\" data-e-type=\"column\">\n\t\t\t<div class=\"elementor-widget-wrap elementor-element-populated\">\n\t\t\t\t\t\t<div class=\"elementor-element elementor-element-7a43b1db elementor-widget elementor-widget-qi_addons_for_elementor_animated_text\" data-id=\"7a43b1db\" data-element_type=\"widget\" data-e-type=\"widget\" data-widget_type=\"qi_addons_for_elementor_animated_text.default\">\n\t\t\t\t<div class=\"elementor-widget-container\">\n\t\t\t\t\t<div class=\"qodef-shortcode qodef-m qodef-qi-animated-text qodef--animated-by-letter qodef--alignment-center qodef-qi--has-appear qodef--appear-from-right\" >\n\t\t<h1 class=\"qodef-m-title\">\n\t\t<span class=\"qodef-e-word-holder\">Service-Anmeldeformular<\/span>\t<\/h1>\n<\/div>\n\t\t\t\t<\/div>\n\t\t\t\t<\/div>\n\t\t\t\t\t<\/div>\n\t\t<\/div>\n\t\t\t\t\t<\/div>\n\t\t<\/section>\n\t\t\t\t<section class=\"elementor-section elementor-top-section elementor-element elementor-element-23c35db elementor-section-boxed elementor-section-height-default elementor-section-height-default\" data-id=\"23c35db\" data-element_type=\"section\" data-e-type=\"section\">\n\t\t\t\t\t\t<div class=\"elementor-container elementor-column-gap-default\">\n\t\t\t\t\t<div class=\"elementor-column elementor-col-50 elementor-top-column elementor-element elementor-element-654b38c\" data-id=\"654b38c\" data-element_type=\"column\" data-e-type=\"column\">\n\t\t\t<div class=\"elementor-widget-wrap elementor-element-populated\">\n\t\t\t\t\t\t<div class=\"elementor-element elementor-element-f4850b6 bdt-image-match-height-desktop--yes bdt-image-match-height-tablet--yes bdt-image-match-height-mobile--yes elementor-widget elementor-widget-prime-slider-isolate\" data-id=\"f4850b6\" data-element_type=\"widget\" data-e-type=\"widget\" data-widget_type=\"prime-slider-isolate.default\">\n\t\t\t\t<div class=\"elementor-widget-container\">\n\t\t\t\t\t\t\t<div class=\"bdt-prime-slider\">\n\t\t\t<div class=\"bdt-prime-slider-skin-isolate content-position-inherit content-position-column\" data-bdt-lightbox=\"toggle: .bdt-slide-play-button&gt;a; animation: slide; video-autoplay: true;\">\n\t\t\t\t<div class=\"bdt-position-relative bdt-visible-toggle\" data-settings=\"{&quot;id&quot;:&quot;#bdt-f4850b6&quot;,&quot;animation_status&quot;:&quot;no&quot;}\" id=\"bdt-f4850b6\" bdt-slideshow=\"{&quot;animation&quot;:&quot;fade&quot;,&quot;ratio&quot;:&quot;16:9&quot;,&quot;min-height&quot;:&quot;600&quot;,&quot;autoplay&quot;:true,&quot;autoplay-interval&quot;:7000,&quot;pause-on-hover&quot;:false,&quot;velocity&quot;:0.1,&quot;finite&quot;:true}\">\n\t\t\t\t\t<ul class=\"bdt-slideshow-items\">\n\t\t\t\t\t\t         \n        <li class=\"bdt-slideshow-item bdt-flex bdt-flex-column bdt-flex-middle elementor-repeater-item-6939910 \">\n            <div class=\"bdt-width-1-1 bdt-width-1-2@s\">\n                        <div class=\"bdt-slideshow-content-wrapper\">\n            <div class=\"bdt-prime-slider-wrapper\">\n                <div class=\"bdt-prime-slider-content\">\n                    <div class=\"bdt-prime-slider-desc bdt-flex bdt-flex-column\">\n\n                        \n                                                    <div class=\"bdt-main-title\">\n                                <h1 class=\"bdt-title-tag\" data-reveal=\"reveal-active\" >\n                                                                            <span class=\"frist-word\">Serviceanfrage<\/span>                                                                         <\/h1>\n                            <\/div>\n                        \n                                                    <div class=\"bdt-slider-excerpt\" data-reveal=\"reveal-active\" >\n                                <p>Ben\u00f6tigen Sie Hilfe zu unseren Produkten? Senden Sie uns eine Serviceanfrage und wir helfen Ihnen gerne weiter. Bitte beschreiben Sie Ihr Problem so detailliert wie m\u00f6glich, damit wir schnell eine L\u00f6sung finden k\u00f6nnen.<\/p>                            <\/div>\n                        \n                        <div class=\"bdt-isolate-btn\" data-reveal=\"reveal-active\" >\n                                                    <\/div>\n\n                    <\/div>\n\n                <\/div>\n            <\/div>\n        <\/div>\n\n                    <\/div>\n            <div class=\"bdt-width-1-1 bdt-width-1-2@s bdt-match-height\">\n                <div class=\"bdt-position-relative bdt-slide-overlay\" data-reveal=\"reveal-active\">\n                    \n                        <img fetchpriority=\"high\" decoding=\"async\" width=\"360\" height=\"362\" src=\"https:\/\/ozcelik.com\/de\/wp-content\/uploads\/2024\/10\/Service-Request-360x362.jpg\" class=\"attachment-endustry_image_size_4 size-endustry_image_size_4\" alt=\"Serviceanfrage\" srcset=\"https:\/\/ozcelik.com\/de\/wp-content\/uploads\/2024\/10\/Service-Request-360x362.jpg 360w, https:\/\/ozcelik.com\/de\/wp-content\/uploads\/2024\/10\/Service-Request-150x150.jpg 150w\" sizes=\"(max-width: 360px) 100vw, 360px\" \/>\n                        \n                                    <\/div>\n            <\/div>\n                    <\/li>\n\n\t    \n\t\t\t\t\t<\/ul>\n\n\t\t\t\t\t\n                            <div class=\"bdt-flex bdt-flex-column bdt-navigation-arrows reveal-muted\">\n                    <div class=\"bdt-width-expand@s\">\n                    <\/div>\n                    <div class=\"bdt-width-1-1 bdt-width-1-2@s\">\n                        <a class=\"bdt-prime-slider-previous\" href=\"#\" bdt-slideshow-item=\"previous\"><i class=\"ps-wi-arrow-left-5\"><\/i><\/a>\n\n                        <a class=\"bdt-prime-slider-next\" href=\"#\" bdt-slideshow-item=\"next\"><i class=\"ps-wi-arrow-right-5\"><\/i><\/a>\n                    <\/div>\n                <\/div>\n\n\n            \n        \t\t\t\t\t\n\t\t\t\t<\/div>\n\t\t\t\t\t\t\t<\/div>\n\t\t\t<\/div>\n\t\t\t\t\t\t<\/div>\n\t\t\t\t<\/div>\n\t\t\t\t\t<\/div>\n\t\t<\/div>\n\t\t\t\t<div class=\"elementor-column elementor-col-50 elementor-top-column elementor-element elementor-element-19099b1\" data-id=\"19099b1\" data-element_type=\"column\" data-e-type=\"column\">\n\t\t\t<div class=\"elementor-widget-wrap elementor-element-populated\">\n\t\t\t\t\t\t<div class=\"elementor-element elementor-element-24b0959 elementor-button-align-stretch elementor-widget elementor-widget-form\" data-id=\"24b0959\" data-element_type=\"widget\" data-e-type=\"widget\" data-settings=\"{&quot;step_next_label&quot;:&quot;Next&quot;,&quot;step_previous_label&quot;:&quot;Previous&quot;,&quot;button_width&quot;:&quot;100&quot;,&quot;step_type&quot;:&quot;number_text&quot;,&quot;step_icon_shape&quot;:&quot;circle&quot;}\" data-widget_type=\"form.default\">\n\t\t\t\t<div class=\"elementor-widget-container\">\n\t\t\t\t\t\t\t<form class=\"elementor-form\" method=\"post\" name=\"New Form\">\n\t\t\t<input type=\"hidden\" name=\"post_id\" value=\"14780\"\/>\n\t\t\t<input type=\"hidden\" name=\"form_id\" value=\"24b0959\"\/>\n\t\t\t<input type=\"hidden\" name=\"referer_title\" value=\"Serviceanfrage - \u00d6z\u00e7elik Makine\" \/>\n\n\t\t\t\t\t\t\t<input type=\"hidden\" name=\"queried_id\" value=\"14780\"\/>\n\t\t\t\n\t\t\t<div class=\"elementor-form-fields-wrapper elementor-labels-above\">\n\t\t\t\t\t\t\t\t<div class=\"elementor-field-type-text elementor-field-group elementor-column elementor-field-group-field_11a59f4 elementor-col-100 elementor-field-required elementor-mark-required\">\n\t\t\t\t\t\t\t\t\t\t\t\t<label for=\"form-field-field_11a59f4\" class=\"elementor-field-label\">\n\t\t\t\t\t\t\t\tFirmenname\t\t\t\t\t\t\t<\/label>\n\t\t\t\t\t\t\t\t\t\t\t\t\t\t<input size=\"1\" type=\"text\" name=\"form_fields[field_11a59f4]\" id=\"form-field-field_11a59f4\" class=\"elementor-field elementor-size-sm  elementor-field-textual\" placeholder=\"Firmenname\" required=\"required\">\n\t\t\t\t\t\t\t\t\t\t\t<\/div>\n\t\t\t\t\t\t\t\t<div class=\"elementor-field-type-tel elementor-field-group elementor-column elementor-field-group-email elementor-col-100 elementor-field-required elementor-mark-required\">\n\t\t\t\t\t\t\t\t\t\t\t\t<label for=\"form-field-email\" class=\"elementor-field-label\">\n\t\t\t\t\t\t\t\tTelefon\t\t\t\t\t\t\t<\/label>\n\t\t\t\t\t\t\t\t<input size=\"1\" type=\"tel\" name=\"form_fields[email]\" id=\"form-field-email\" class=\"elementor-field elementor-size-sm  elementor-field-textual\" placeholder=\"Telefon\" required=\"required\" pattern=\"[0-9()#&amp;+*-=.]+\" title=\"Only numbers and phone characters (#, -, *, etc) are accepted.\">\n\n\t\t\t\t\t\t<\/div>\n\t\t\t\t\t\t\t\t<div class=\"elementor-field-type-textarea elementor-field-group elementor-column elementor-field-group-field_3e948af elementor-col-100 elementor-field-required elementor-mark-required\">\n\t\t\t\t\t\t\t\t\t\t\t\t<label for=\"form-field-field_3e948af\" class=\"elementor-field-label\">\n\t\t\t\t\t\t\t\tAdresse\t\t\t\t\t\t\t<\/label>\n\t\t\t\t\t\t<textarea class=\"elementor-field-textual elementor-field  elementor-size-sm\" name=\"form_fields[field_3e948af]\" id=\"form-field-field_3e948af\" rows=\"4\" placeholder=\"Adresse\" required=\"required\"><\/textarea>\t\t\t\t<\/div>\n\t\t\t\t\t\t\t\t<div class=\"elementor-field-type-text elementor-field-group elementor-column elementor-field-group-field_d48cf91 elementor-col-33\">\n\t\t\t\t\t\t\t\t\t\t\t\t<label for=\"form-field-field_d48cf91\" class=\"elementor-field-label\">\n\t\t\t\t\t\t\t\tBezirk\t\t\t\t\t\t\t<\/label>\n\t\t\t\t\t\t\t\t\t\t\t\t\t\t<input size=\"1\" type=\"text\" name=\"form_fields[field_d48cf91]\" id=\"form-field-field_d48cf91\" class=\"elementor-field elementor-size-sm  elementor-field-textual\" placeholder=\"Bezirk\">\n\t\t\t\t\t\t\t\t\t\t\t<\/div>\n\t\t\t\t\t\t\t\t<div class=\"elementor-field-type-text elementor-field-group elementor-column elementor-field-group-field_76d5416 elementor-col-33\">\n\t\t\t\t\t\t\t\t\t\t\t\t<label for=\"form-field-field_76d5416\" class=\"elementor-field-label\">\n\t\t\t\t\t\t\t\tStadt\t\t\t\t\t\t\t<\/label>\n\t\t\t\t\t\t\t\t\t\t\t\t\t\t<input size=\"1\" type=\"text\" name=\"form_fields[field_76d5416]\" id=\"form-field-field_76d5416\" class=\"elementor-field elementor-size-sm  elementor-field-textual\" placeholder=\"Stadt\">\n\t\t\t\t\t\t\t\t\t\t\t<\/div>\n\t\t\t\t\t\t\t\t<div class=\"elementor-field-type-text elementor-field-group elementor-column elementor-field-group-field_3c6e94d elementor-col-33\">\n\t\t\t\t\t\t\t\t\t\t\t\t<label for=\"form-field-field_3c6e94d\" class=\"elementor-field-label\">\n\t\t\t\t\t\t\t\tPostleitzahl\t\t\t\t\t\t\t<\/label>\n\t\t\t\t\t\t\t\t\t\t\t\t\t\t<input size=\"1\" type=\"text\" name=\"form_fields[field_3c6e94d]\" id=\"form-field-field_3c6e94d\" class=\"elementor-field elementor-size-sm  elementor-field-textual\" placeholder=\"Postleitzahl\">\n\t\t\t\t\t\t\t\t\t\t\t<\/div>\n\t\t\t\t\t\t\t\t<div class=\"elementor-field-type-html elementor-field-group elementor-column elementor-field-group-field_2e499c9 elementor-col-100\">\n\t\t\t\t\tInformationen zur zu installierenden Maschine\t\t\t\t<\/div>\n\t\t\t\t\t\t\t\t<div class=\"elementor-field-type-select elementor-field-group elementor-column elementor-field-group-field_cf7061e elementor-col-33\">\n\t\t\t\t\t\t\t\t\t\t\t\t<label for=\"form-field-field_cf7061e\" class=\"elementor-field-label\">\n\t\t\t\t\t\t\t\tKategorie\t\t\t\t\t\t\t<\/label>\n\t\t\t\t\t\t\t\t<div class=\"elementor-field elementor-select-wrapper remove-before \">\n\t\t\t<div class=\"select-caret-down-wrapper\">\n\t\t\t\t<svg aria-hidden=\"true\" class=\"e-font-icon-svg e-eicon-caret-down\" viewBox=\"0 0 571.4 571.4\" xmlns=\"http:\/\/www.w3.org\/2000\/svg\"><path d=\"M571 393Q571 407 561 418L311 668Q300 679 286 679T261 668L11 418Q0 407 0 393T11 368 36 357H536Q550 357 561 368T571 393Z\"><\/path><\/svg>\t\t\t<\/div>\n\t\t\t<select name=\"form_fields[field_cf7061e]\" id=\"form-field-field_cf7061e\" class=\"elementor-field-textual elementor-size-sm\">\n\t\t\t\t\t\t\t\t\t<option value=\"Aluminum\">Aluminum<\/option>\n\t\t\t\t\t\t\t\t\t<option value=\"PVC\">PVC<\/option>\n\t\t\t\t\t\t\t\t\t<option value=\"Wood\">Wood<\/option>\n\t\t\t\t\t\t\t\t\t<option value=\"Metal\">Metal<\/option>\n\t\t\t\t\t\t\t<\/select>\n\t\t<\/div>\n\t\t\t\t\t\t<\/div>\n\t\t\t\t\t\t\t\t<div class=\"elementor-field-type-text elementor-field-group elementor-column elementor-field-group-name elementor-col-33\">\n\t\t\t\t\t\t\t\t\t\t\t\t<label for=\"form-field-name\" class=\"elementor-field-label\">\n\t\t\t\t\t\t\t\tMaschinenname\t\t\t\t\t\t\t<\/label>\n\t\t\t\t\t\t\t\t\t\t\t\t\t\t<input size=\"1\" type=\"text\" name=\"form_fields[name]\" id=\"form-field-name\" class=\"elementor-field elementor-size-sm  elementor-field-textual\" placeholder=\"Maschinenname\">\n\t\t\t\t\t\t\t\t\t\t\t<\/div>\n\t\t\t\t\t\t\t\t<div class=\"elementor-field-type-number elementor-field-group elementor-column elementor-field-group-field_dc633fe elementor-col-33\">\n\t\t\t\t\t\t\t\t\t\t\t\t<label for=\"form-field-field_dc633fe\" class=\"elementor-field-label\">\n\t\t\t\t\t\t\t\tMaschinenseriennummer\t\t\t\t\t\t\t<\/label>\n\t\t\t\t\t\t\t\t\t<input type=\"number\" name=\"form_fields[field_dc633fe]\" id=\"form-field-field_dc633fe\" class=\"elementor-field elementor-size-sm  elementor-field-textual\" placeholder=\"Maschinenseriennummer\" min=\"\" max=\"\" >\n\t\t\t\t\t\t<\/div>\n\t\t\t\t\t\t\t\t<div class=\"elementor-field-type-upload elementor-field-group elementor-column elementor-field-group-field_497572e elementor-col-100 elementor-field-required elementor-mark-required\">\n\t\t\t\t\t\t\t\t\t\t\t\t<label for=\"form-field-field_497572e\" class=\"elementor-field-label\">\n\t\t\t\t\t\t\t\tFotos max. insgesamt 8 MB\t\t\t\t\t\t\t<\/label>\n\t\t\t\t\t\t\t\t<input type=\"file\" name=\"form_fields[field_497572e][]\" id=\"form-field-field_497572e\" class=\"elementor-field elementor-size-sm  elementor-upload-field\" required=\"required\" multiple=\"multiple\" data-maxsize=\"8\" data-maxsize-message=\"This file exceeds the maximum allowed size.\">\n\n\t\t\t\t\t\t<\/div>\n\t\t\t\t\t\t\t\t<div class=\"elementor-field-type-acceptance elementor-field-group elementor-column elementor-field-group-field_12a35f4 elementor-col-100 elementor-field-required elementor-mark-required\">\n\t\t\t\t\t\t\t<div class=\"elementor-field-subgroup\">\n\t\t\t<span class=\"elementor-field-option\">\n\t\t\t\t<input type=\"checkbox\" name=\"form_fields[field_12a35f4]\" id=\"form-field-field_12a35f4\" class=\"elementor-field elementor-size-sm  elementor-acceptance-field\" required=\"required\">\n\t\t\t\t<label for=\"form-field-field_12a35f4\">Ich m\u00f6chte \u00fcber Kampagnen und Werbeaktionen informiert werden.<\/label>\t\t\t<\/span>\n\t\t<\/div>\n\t\t\t\t\t\t<\/div>\n\t\t\t\t\t\t\t\t<div class=\"elementor-field-type-acceptance elementor-field-group elementor-column elementor-field-group-field_a0b81bb elementor-col-100 elementor-field-required elementor-mark-required\">\n\t\t\t\t\t\t\t<div class=\"elementor-field-subgroup\">\n\t\t\t<span class=\"elementor-field-option\">\n\t\t\t\t<input type=\"checkbox\" name=\"form_fields[field_a0b81bb]\" id=\"form-field-field_a0b81bb\" class=\"elementor-field elementor-size-sm  elementor-acceptance-field\" required=\"required\">\n\t\t\t\t<label for=\"form-field-field_a0b81bb\">Ich stimme der Weitergabe meiner Daten an inl\u00e4ndische und internationale Gesch\u00e4ftspartner zum Zweck der Durchf\u00fchrung von E-Mail-Diensten zu.<\/label>\t\t\t<\/span>\n\t\t<\/div>\n\t\t\t\t\t\t<\/div>\n\t\t\t\t\t\t\t\t<div class=\"elementor-field-type-recaptcha_v3 elementor-field-group elementor-column elementor-field-group-field_0024ec4 elementor-col-100 recaptcha_v3-bottomright\">\n\t\t\t\t\t<div class=\"elementor-field\" id=\"form-field-field_0024ec4\"><div class=\"elementor-g-recaptcha\" data-sitekey=\"6LctNnkqAAAAABLXPNJFCs3PRqcx7m5gReYh5UBr\" data-type=\"v3\" data-action=\"Form\" data-badge=\"bottomright\" data-size=\"invisible\"><\/div><\/div>\t\t\t\t<\/div>\n\t\t\t\t\t\t\t\t<div class=\"elementor-field-type-recaptcha_v3 elementor-field-group elementor-column elementor-field-group-field_d943b3b elementor-col-100 recaptcha_v3-bottomright\">\n\t\t\t\t\t<div class=\"elementor-field\" id=\"form-field-field_d943b3b\"><div class=\"elementor-g-recaptcha\" data-sitekey=\"6LctNnkqAAAAABLXPNJFCs3PRqcx7m5gReYh5UBr\" data-type=\"v3\" data-action=\"Form\" data-badge=\"bottomright\" data-size=\"invisible\"><\/div><\/div>\t\t\t\t<\/div>\n\t\t\t\t\t\t\t\t<div class=\"elementor-field-group elementor-column elementor-field-type-submit elementor-col-100 e-form__buttons\">\n\t\t\t\t\t<button class=\"elementor-button elementor-size-sm\" type=\"submit\">\n\t\t\t\t\t\t<span class=\"elementor-button-content-wrapper\">\n\t\t\t\t\t\t\t\t\t\t\t\t\t\t\t\t\t\t\t\t\t\t<span class=\"elementor-button-text\">Senden<\/span>\n\t\t\t\t\t\t\t\t\t\t\t\t\t<\/span>\n\t\t\t\t\t<\/button>\n\t\t\t\t<\/div>\n\t\t\t<\/div>\n\t\t<\/form>\n\t\t\t\t\t\t<\/div>\n\t\t\t\t<\/div>\n\t\t\t\t\t<\/div>\n\t\t<\/div>\n\t\t\t\t\t<\/div>\n\t\t<\/section>\n\t\t\t\t<section class=\"elementor-section elementor-top-section elementor-element elementor-element-08e0ce3 elementor-section-height-min-height elementor-section-stretched elementor-section-boxed elementor-section-height-default elementor-section-items-middle\" data-id=\"08e0ce3\" data-element_type=\"section\" data-e-type=\"section\" data-settings=\"{&quot;stretch_section&quot;:&quot;section-stretched&quot;,&quot;background_background&quot;:&quot;classic&quot;}\">\n\t\t\t\t\t\t\t<div class=\"elementor-background-overlay\"><\/div>\n\t\t\t\t\t\t\t<div class=\"elementor-container elementor-column-gap-default\">\n\t\t\t\t\t<div class=\"elementor-column elementor-col-100 elementor-top-column elementor-element elementor-element-1705bda\" data-id=\"1705bda\" data-element_type=\"column\" data-e-type=\"column\">\n\t\t\t<div class=\"elementor-widget-wrap elementor-element-populated\">\n\t\t\t\t\t\t<div class=\"elementor-element elementor-element-74f1d2d animated-slow elementor-invisible elementor-widget elementor-widget-qi_addons_for_elementor_typeout_text\" data-id=\"74f1d2d\" data-element_type=\"widget\" data-e-type=\"widget\" data-settings=\"{&quot;_animation&quot;:&quot;fadeInUp&quot;}\" data-widget_type=\"qi_addons_for_elementor_typeout_text.default\">\n\t\t\t\t<div class=\"elementor-widget-container\">\n\t\t\t\t\t<div class=\"qodef-shortcode qodef-m qodef-qi-typeout-text\" data-strings=\"[&quot;&quot;]\">\n\t<h1 class=\"qodef-m-text\">\n\t\t\t\t\tALLES, WAS SIE BRAUCHEN\t\t\t\t<span class=\"qodef-typeout-holder\">\n\t\t\t<span class=\"qodef-typeout\"><\/span>\n\t\t<\/span>\n\t<\/h1>\n<\/div>\n\t\t\t\t<\/div>\n\t\t\t\t<\/div>\n\t\t\t\t<div class=\"elementor-element elementor-element-d980277 animated-slow elementor-invisible elementor-widget elementor-widget-qi_addons_for_elementor_typeout_text\" data-id=\"d980277\" data-element_type=\"widget\" data-e-type=\"widget\" data-settings=\"{&quot;_animation&quot;:&quot;fadeInUp&quot;}\" data-widget_type=\"qi_addons_for_elementor_typeout_text.default\">\n\t\t\t\t<div class=\"elementor-widget-container\">\n\t\t\t\t\t<div class=\"qodef-shortcode qodef-m qodef-qi-typeout-text\" data-strings=\"[&quot;Merhaba&quot;,&quot;Hello&quot;,&quot;\\u041f\\u0440\\u0438\\u0432\\u0435\\u0442&quot;,&quot;Hola&quot;,&quot;Hallo&quot;,&quot;Ciao&quot;,&quot;Ol\\u00e1&quot;,&quot;\\u0645\\u0631\\u062d\\u0628&quot;,&quot;Bonjour&quot;,&quot;\\u3053\\u3093\\u306b\\u3061\\u306f&quot;,&quot;\\u4f60\\u597d&quot;]\">\n\t<h2 class=\"qodef-m-text\">\n\t\t\t\t\tZ\u00f6gern Sie nicht, zu sagen\t\t\t\t<span class=\"qodef-typeout-holder\">\n\t\t\t<span class=\"qodef-typeout\"><\/span>\n\t\t<\/span>\n\t<\/h2>\n<\/div>\n\t\t\t\t<\/div>\n\t\t\t\t<\/div>\n\t\t\t\t<div class=\"elementor-element elementor-element-6d29bb8 elementor-widget__width-auto animated-slow elementor-invisible elementor-widget elementor-widget-qi_addons_for_elementor_button\" data-id=\"6d29bb8\" data-element_type=\"widget\" data-e-type=\"widget\" data-settings=\"{&quot;_animation&quot;:&quot;fadeInUp&quot;,&quot;_animation_delay&quot;:&quot;200&quot;}\" data-widget_type=\"qi_addons_for_elementor_button.default\">\n\t\t\t\t<div class=\"elementor-widget-container\">\n\t\t\t\t\t<a class=\"qodef-shortcode qodef-m qodef-qi-button qodef-html--link qodef-layout--outlined qodef-type--icon-boxed qodef-icon--right qodef-hover--icon-move-horizontal-short qodef-text-underline qodef-underline--left\" href=\"https:\/\/ozcelik.com\/de\/contact\/\" target=\"_self\">\n\t<span class=\"qodef-m-text\">Kontaktieren Sie uns<\/span>\n\t\t<span class=\"qodef-m-icon\">\n\t\t<span class=\"qodef-m-icon-inner\">\n\t\t\t<svg xmlns=\"http:\/\/www.w3.org\/2000\/svg\" x=\"0px\" y=\"0px\" width=\"7px\" height=\"7px\" viewBox=\"1.25 1.25 7 7\" xml:space=\"preserve\"><polygon fill=\"#ffffff\" points=\"1.25,1.25 1.25,2.25 6.543,2.25 1.25,7.543 1.958,8.25 7.25,2.957 7.25,8.25 8.25,8.25 8.25,1.25 8.25,1.25 \"><\/polygon><\/svg>\t\t\t\t\t<\/span>\n\t<\/span>\n<\/a>\n\t\t\t\t<\/div>\n\t\t\t\t<\/div>\n\t\t\t\t\t<\/div>\n\t\t<\/div>\n\t\t\t\t\t<\/div>\n\t\t<\/section>\n\t\t\t\t<\/div>\n\t\t","protected":false},"excerpt":{"rendered":"<p>Service-Anmeldeformular Serviceanfrage Ben\u00f6tigen Sie Hilfe zu unseren Produkten? Senden Sie uns eine Serviceanfrage und wir helfen Ihnen gerne weiter. Bitte beschreiben Sie Ihr Problem so detailliert wie m\u00f6glich, damit wir schnell eine L\u00f6sung finden k\u00f6nnen. ALLES, WAS SIE BRAUCHEN Z\u00f6gern Sie nicht, zu sagen Kontaktieren Sie uns<\/p>\n","protected":false},"author":1,"featured_media":11909,"parent":0,"menu_order":0,"comment_status":"closed","ping_status":"closed","template":"elementor_header_footer","meta":{"inline_featured_image":false,"footnotes":""},"class_list":["post-14780","page","type-page","status-publish","has-post-thumbnail","hentry","is-cat-link-solid is-cat-link-rounded"],"_links":{"self":[{"href":"https:\/\/ozcelik.com\/de\/wp-json\/wp\/v2\/pages\/14780","targetHints":{"allow":["GET"]}}],"collection":[{"href":"https:\/\/ozcelik.com\/de\/wp-json\/wp\/v2\/pages"}],"about":[{"href":"https:\/\/ozcelik.com\/de\/wp-json\/wp\/v2\/types\/page"}],"author":[{"embeddable":true,"href":"https:\/\/ozcelik.com\/de\/wp-json\/wp\/v2\/users\/1"}],"replies":[{"embeddable":true,"href":"https:\/\/ozcelik.com\/de\/wp-json\/wp\/v2\/comments?post=14780"}],"version-history":[{"count":51,"href":"https:\/\/ozcelik.com\/de\/wp-json\/wp\/v2\/pages\/14780\/revisions"}],"predecessor-version":[{"id":19577,"href":"https:\/\/ozcelik.com\/de\/wp-json\/wp\/v2\/pages\/14780\/revisions\/19577"}],"wp:featuredmedia":[{"embeddable":true,"href":"https:\/\/ozcelik.com\/de\/wp-json\/wp\/v2\/media\/11909"}],"wp:attachment":[{"href":"https:\/\/ozcelik.com\/de\/wp-json\/wp\/v2\/media?parent=14780"}],"curies":[{"name":"wp","href":"https:\/\/api.w.org\/{rel}","templated":true}]}}