{"id":14592,"date":"2024-10-26T11:29:35","date_gmt":"2024-10-26T11:29:35","guid":{"rendered":"https:\/\/ozcelik.com\/de\/?page_id=14592"},"modified":"2025-10-09T07:20:34","modified_gmt":"2025-10-09T07:20:34","slug":"services","status":"publish","type":"page","link":"https:\/\/ozcelik.com\/de\/services\/","title":{"rendered":"Dienstleistungen"},"content":{"rendered":"\t\t<div data-elementor-type=\"wp-page\" data-elementor-id=\"14592\" class=\"elementor elementor-14592\" data-elementor-post-type=\"page\">\n\t\t\t\t\t\t<section class=\"elementor-section elementor-top-section elementor-element elementor-element-75d6afd7 elementor-section-height-min-height elementor-section-boxed elementor-section-height-default elementor-section-items-middle\" data-id=\"75d6afd7\" data-element_type=\"section\" data-e-type=\"section\" data-settings=\"{&quot;background_background&quot;:&quot;classic&quot;}\">\n\t\t\t\t\t\t<div class=\"elementor-container elementor-column-gap-default\">\n\t\t\t\t\t<div class=\"elementor-column elementor-col-100 elementor-top-column elementor-element elementor-element-3266471c\" data-id=\"3266471c\" data-element_type=\"column\" data-e-type=\"column\">\n\t\t\t<div class=\"elementor-widget-wrap elementor-element-populated\">\n\t\t\t\t\t\t<div class=\"elementor-element elementor-element-cf7d092 elementor-widget elementor-widget-qi_addons_for_elementor_animated_text\" data-id=\"cf7d092\" data-element_type=\"widget\" data-e-type=\"widget\" data-widget_type=\"qi_addons_for_elementor_animated_text.default\">\n\t\t\t\t<div class=\"elementor-widget-container\">\n\t\t\t\t\t<div class=\"qodef-shortcode qodef-m qodef-qi-animated-text qodef--animated-by-letter qodef--alignment-center qodef-qi--has-appear qodef--appear-from-right\" >\n\t\t<h1 class=\"qodef-m-title\">\n\t\t<span class=\"qodef-e-word-holder\">Dienstleistungen<\/span>\t<\/h1>\n<\/div>\n\t\t\t\t<\/div>\n\t\t\t\t<\/div>\n\t\t\t\t\t<\/div>\n\t\t<\/div>\n\t\t\t\t\t<\/div>\n\t\t<\/section>\n\t\t<div class=\"elementor-element elementor-element-098b12a e-flex e-con-boxed e-con e-parent\" data-id=\"098b12a\" data-element_type=\"container\" data-e-type=\"container\">\n\t\t\t\t\t<div class=\"e-con-inner\">\n\t\t\t\t<div class=\"elementor-element elementor-element-703734d elementor-widget elementor-widget-spacer\" data-id=\"703734d\" data-element_type=\"widget\" data-e-type=\"widget\" data-widget_type=\"spacer.default\">\n\t\t\t\t<div class=\"elementor-widget-container\">\n\t\t\t\t\t\t\t<div class=\"elementor-spacer\">\n\t\t\t<div class=\"elementor-spacer-inner\"><\/div>\n\t\t<\/div>\n\t\t\t\t\t\t<\/div>\n\t\t\t\t<\/div>\n\t\t\t\t\t<\/div>\n\t\t\t\t<\/div>\n\t\t\t\t<section class=\"elementor-section elementor-top-section elementor-element elementor-element-7cff2a92 elementor-section-boxed elementor-section-height-default elementor-section-height-default\" data-id=\"7cff2a92\" data-element_type=\"section\" data-e-type=\"section\">\n\t\t\t\t\t\t<div class=\"elementor-container elementor-column-gap-default\">\n\t\t\t\t\t<div class=\"elementor-column elementor-col-50 elementor-top-column elementor-element elementor-element-194d3a41\" data-id=\"194d3a41\" data-element_type=\"column\" data-e-type=\"column\">\n\t\t\t<div class=\"elementor-widget-wrap elementor-element-populated\">\n\t\t\t\t\t\t<div class=\"elementor-element elementor-element-0497403 bdt-image-match-height-desktop--yes bdt-image-match-height-tablet--yes bdt-image-match-height-mobile--yes elementor-widget elementor-widget-prime-slider-isolate\" data-id=\"0497403\" data-element_type=\"widget\" data-e-type=\"widget\" data-widget_type=\"prime-slider-isolate.default\">\n\t\t\t\t<div class=\"elementor-widget-container\">\n\t\t\t\t\t\t\t<div class=\"bdt-prime-slider\">\n\t\t\t<div class=\"bdt-prime-slider-skin-isolate content-position-inherit content-position-column\" data-bdt-lightbox=\"toggle: .bdt-slide-play-button&gt;a; animation: slide; video-autoplay: true;\">\n\t\t\t\t<div class=\"bdt-position-relative bdt-visible-toggle\" data-settings=\"{&quot;id&quot;:&quot;#bdt-0497403&quot;,&quot;animation_status&quot;:&quot;no&quot;}\" id=\"bdt-0497403\" bdt-slideshow=\"{&quot;animation&quot;:&quot;fade&quot;,&quot;ratio&quot;:&quot;16:9&quot;,&quot;min-height&quot;:&quot;600&quot;,&quot;autoplay&quot;:true,&quot;autoplay-interval&quot;:7000,&quot;pause-on-hover&quot;:false,&quot;velocity&quot;:0.1,&quot;finite&quot;:true}\">\n\t\t\t\t\t<ul class=\"bdt-slideshow-items\">\n\t\t\t\t\t\t         \n        <li class=\"bdt-slideshow-item bdt-flex bdt-flex-column bdt-flex-middle elementor-repeater-item-6939910 \">\n            <div class=\"bdt-width-1-1 bdt-width-1-2@s\">\n                        <div class=\"bdt-slideshow-content-wrapper\">\n            <div class=\"bdt-prime-slider-wrapper\">\n                <div class=\"bdt-prime-slider-content\">\n                    <div class=\"bdt-prime-slider-desc bdt-flex bdt-flex-column\">\n\n                                                    <div class=\"bdt-sub-title bdt-ps-sub-title\">\n                                <h4 class=\"bdt-sub-title-tag\" data-reveal=\"reveal-active\" >\n                                    Seit 1980                                <\/h4>\n                            <\/div>\n                        \n                                                    <div class=\"bdt-main-title\">\n                                <h1 class=\"bdt-title-tag\" data-reveal=\"reveal-active\" >\n                                                                            <span class=\"frist-word\">Serviceanfrage<\/span>                                                                         <\/h1>\n                            <\/div>\n                        \n                                                    <div class=\"bdt-slider-excerpt\" data-reveal=\"reveal-active\" >\n                                <p>Ben\u00f6tigen Sie Hilfe zu unseren Produkten? Senden Sie uns eine Serviceanfrage und wir helfen Ihnen gerne weiter. Bitte beschreiben Sie Ihr Problem so detailliert wie m\u00f6glich, damit wir schnell eine L\u00f6sung finden k\u00f6nnen.<\/p>                            <\/div>\n                        \n                        <div class=\"bdt-isolate-btn\" data-reveal=\"reveal-active\" >\n                            \n\t\t\t\n\t\t\t\t<a class=\"bdt-slide-btn\" href=\"https:\/\/ozcelik.com\/de\/serviceanfrage\/\">\n\n\t\t\t\t\t\t\t\t\t\t<span class=\"bdt-prime-slider-button-wrapper\">\n\n\t\t\t\t\t\t<span class=\"bdt-prime-slider-button-text bdt-flex bdt-flex-middle bdt-flex-inline\">Serviceanfrage<span class=\"bdt-slide-btn-icon\"><svg width=\"20\" height=\"20\" viewBox=\"0 0 20 20\" xmlns=\"http:\/\/www.w3.org\/2000\/svg\" data-svg=\"arrow-right\">\n\t\t\t\t\t\t\t\t\t<polyline fill=\"none\" stroke=\"#000\" points=\"10 5 15 9.5 10 14\"><\/polyline>\n\t\t\t\t\t\t\t\t\t<line fill=\"none\" stroke=\"#000\" x1=\"4\" y1=\"9.5\" x2=\"15\" y2=\"9.5\"><\/line>\n\t\t\t\t\t\t\t\t<\/svg><\/span><\/span>\n\n\t\t\t\t\t<\/span>\n\n\n\t\t\t\t<\/a>\n\t\t\t                        <\/div>\n\n                    <\/div>\n\n                <\/div>\n            <\/div>\n        <\/div>\n\n                    <\/div>\n            <div class=\"bdt-width-1-1 bdt-width-1-2@s bdt-match-height\">\n                <div class=\"bdt-position-relative bdt-slide-overlay\" data-reveal=\"reveal-active\">\n                    \n                        <img fetchpriority=\"high\" decoding=\"async\" width=\"360\" height=\"362\" src=\"https:\/\/ozcelik.com\/de\/wp-content\/uploads\/2024\/10\/Service-Request-360x362.jpg\" class=\"attachment-endustry_image_size_4 size-endustry_image_size_4\" alt=\"Serviceanfrage\" srcset=\"https:\/\/ozcelik.com\/de\/wp-content\/uploads\/2024\/10\/Service-Request-360x362.jpg 360w, https:\/\/ozcelik.com\/de\/wp-content\/uploads\/2024\/10\/Service-Request-150x150.jpg 150w\" sizes=\"(max-width: 360px) 100vw, 360px\" \/>\n                        \n                                    <\/div>\n            <\/div>\n                    <\/li>\n\n\t    \n\t\t\t\t\t<\/ul>\n\n\t\t\t\t\t\n                            <div class=\"bdt-flex bdt-flex-column bdt-navigation-arrows reveal-muted\">\n                    <div class=\"bdt-width-expand@s\">\n                    <\/div>\n                    <div class=\"bdt-width-1-1 bdt-width-1-2@s\">\n                        <a class=\"bdt-prime-slider-previous\" href=\"#\" bdt-slideshow-item=\"previous\"><i class=\"ps-wi-arrow-left-5\"><\/i><\/a>\n\n                        <a class=\"bdt-prime-slider-next\" href=\"#\" bdt-slideshow-item=\"next\"><i class=\"ps-wi-arrow-right-5\"><\/i><\/a>\n                    <\/div>\n                <\/div>\n\n\n            \n        \t\t\t\t\t\n            \n                <ul class=\"bdt-slideshow-nav bdt-dotnav bdt-dotnav-vertical reveal-muted\"><\/ul>\n\n            \n        \n\t\t\t\t<\/div>\n\t\t\t\t\t\t\t<\/div>\n\t\t\t<\/div>\n\t\t\t\t\t\t<\/div>\n\t\t\t\t<\/div>\n\t\t\t\t\t<\/div>\n\t\t<\/div>\n\t\t\t\t<div class=\"elementor-column elementor-col-50 elementor-top-column elementor-element elementor-element-271e3f4\" data-id=\"271e3f4\" data-element_type=\"column\" data-e-type=\"column\">\n\t\t\t<div class=\"elementor-widget-wrap elementor-element-populated\">\n\t\t\t\t\t\t<div class=\"elementor-element elementor-element-a0aa5b9 bdt-image-match-height-desktop--yes bdt-image-match-height-tablet--yes bdt-image-match-height-mobile--yes elementor-widget elementor-widget-prime-slider-isolate\" data-id=\"a0aa5b9\" data-element_type=\"widget\" data-e-type=\"widget\" data-widget_type=\"prime-slider-isolate.default\">\n\t\t\t\t<div class=\"elementor-widget-container\">\n\t\t\t\t\t\t\t<div class=\"bdt-prime-slider\">\n\t\t\t<div class=\"bdt-prime-slider-skin-isolate content-position-inherit content-position-column\" data-bdt-lightbox=\"toggle: .bdt-slide-play-button&gt;a; animation: slide; video-autoplay: true;\">\n\t\t\t\t<div class=\"bdt-position-relative bdt-visible-toggle\" data-settings=\"{&quot;id&quot;:&quot;#bdt-a0aa5b9&quot;,&quot;animation_status&quot;:&quot;no&quot;}\" id=\"bdt-a0aa5b9\" bdt-slideshow=\"{&quot;animation&quot;:&quot;fade&quot;,&quot;ratio&quot;:&quot;16:9&quot;,&quot;min-height&quot;:&quot;600&quot;,&quot;autoplay&quot;:true,&quot;autoplay-interval&quot;:7000,&quot;pause-on-hover&quot;:false,&quot;velocity&quot;:0.1,&quot;finite&quot;:true}\">\n\t\t\t\t\t<ul class=\"bdt-slideshow-items\">\n\t\t\t\t\t\t         \n        <li class=\"bdt-slideshow-item bdt-flex bdt-flex-column bdt-flex-middle elementor-repeater-item-6939910 \">\n            <div class=\"bdt-width-1-1 bdt-width-1-2@s\">\n                        <div class=\"bdt-slideshow-content-wrapper\">\n            <div class=\"bdt-prime-slider-wrapper\">\n                <div class=\"bdt-prime-slider-content\">\n                    <div class=\"bdt-prime-slider-desc bdt-flex bdt-flex-column\">\n\n                                                    <div class=\"bdt-sub-title bdt-ps-sub-title\">\n                                <h4 class=\"bdt-sub-title-tag\" data-reveal=\"reveal-active\" >\n                                    Seit 1980                                <\/h4>\n                            <\/div>\n                        \n                                                    <div class=\"bdt-main-title\">\n                                <h1 class=\"bdt-title-tag\" data-reveal=\"reveal-active\" >\n                                                                            <span class=\"frist-word\">Ersatzteile<\/span>                                                                         <\/h1>\n                            <\/div>\n                        \n                                                    <div class=\"bdt-slider-excerpt\" data-reveal=\"reveal-active\" >\n                                <p>Sorgen Sie f\u00fcr einen reibungslosen Produktionsablauf mit unserem umfassenden Ersatzteilangebot. Finden Sie schnell und einfach die ben\u00f6tigten Teile, um Ausfallzeiten zu minimieren und eine optimale Maschinenleistung zu gew\u00e4hrleisten.<\/p>                            <\/div>\n                        \n                        <div class=\"bdt-isolate-btn\" data-reveal=\"reveal-active\" >\n                            \n\t\t\t\n\t\t\t\t<a class=\"bdt-slide-btn\" href=\"https:\/\/ozcelik.com\/de\/ersatzteile\/\">\n\n\t\t\t\t\t\t\t\t\t\t<span class=\"bdt-prime-slider-button-wrapper\">\n\n\t\t\t\t\t\t<span class=\"bdt-prime-slider-button-text bdt-flex bdt-flex-middle bdt-flex-inline\">Ersatzteile<span class=\"bdt-slide-btn-icon\"><svg width=\"20\" height=\"20\" viewBox=\"0 0 20 20\" xmlns=\"http:\/\/www.w3.org\/2000\/svg\" data-svg=\"arrow-right\">\n\t\t\t\t\t\t\t\t\t<polyline fill=\"none\" stroke=\"#000\" points=\"10 5 15 9.5 10 14\"><\/polyline>\n\t\t\t\t\t\t\t\t\t<line fill=\"none\" stroke=\"#000\" x1=\"4\" y1=\"9.5\" x2=\"15\" y2=\"9.5\"><\/line>\n\t\t\t\t\t\t\t\t<\/svg><\/span><\/span>\n\n\t\t\t\t\t<\/span>\n\n\n\t\t\t\t<\/a>\n\t\t\t                        <\/div>\n\n                    <\/div>\n\n                <\/div>\n            <\/div>\n        <\/div>\n\n                    <\/div>\n            <div class=\"bdt-width-1-1 bdt-width-1-2@s bdt-match-height\">\n                <div class=\"bdt-position-relative bdt-slide-overlay\" data-reveal=\"reveal-active\">\n                    \n                        <img decoding=\"async\" width=\"360\" height=\"362\" src=\"https:\/\/ozcelik.com\/de\/wp-content\/uploads\/2024\/10\/Spare-Parts-1-360x362.jpg\" class=\"attachment-endustry_image_size_4 size-endustry_image_size_4\" alt=\"Ersatzteile\" srcset=\"https:\/\/ozcelik.com\/de\/wp-content\/uploads\/2024\/10\/Spare-Parts-1-360x362.jpg 360w, https:\/\/ozcelik.com\/de\/wp-content\/uploads\/2024\/10\/Spare-Parts-1-150x150.jpg 150w\" sizes=\"(max-width: 360px) 100vw, 360px\" \/>\n                        \n                                    <\/div>\n            <\/div>\n                    <\/li>\n\n\t    \n\t\t\t\t\t<\/ul>\n\n\t\t\t\t\t\n                            <div class=\"bdt-flex bdt-flex-column bdt-navigation-arrows reveal-muted\">\n                    <div class=\"bdt-width-expand@s\">\n                    <\/div>\n                    <div class=\"bdt-width-1-1 bdt-width-1-2@s\">\n                        <a class=\"bdt-prime-slider-previous\" href=\"#\" bdt-slideshow-item=\"previous\"><i class=\"ps-wi-arrow-left-5\"><\/i><\/a>\n\n                        <a class=\"bdt-prime-slider-next\" href=\"#\" bdt-slideshow-item=\"next\"><i class=\"ps-wi-arrow-right-5\"><\/i><\/a>\n                    <\/div>\n                <\/div>\n\n\n            \n        \t\t\t\t\t\n            \n                <ul class=\"bdt-slideshow-nav bdt-dotnav bdt-dotnav-vertical reveal-muted\"><\/ul>\n\n            \n        \n\t\t\t\t<\/div>\n\t\t\t\t\t\t\t<\/div>\n\t\t\t<\/div>\n\t\t\t\t\t\t<\/div>\n\t\t\t\t<\/div>\n\t\t\t\t\t<\/div>\n\t\t<\/div>\n\t\t\t\t\t<\/div>\n\t\t<\/section>\n\t\t<div class=\"elementor-element elementor-element-2dee0e7 e-flex e-con-boxed e-con e-parent\" data-id=\"2dee0e7\" data-element_type=\"container\" data-e-type=\"container\">\n\t\t\t\t\t<div class=\"e-con-inner\">\n\t\t\t\t<div class=\"elementor-element elementor-element-def926a elementor-widget elementor-widget-spacer\" data-id=\"def926a\" data-element_type=\"widget\" data-e-type=\"widget\" data-widget_type=\"spacer.default\">\n\t\t\t\t<div class=\"elementor-widget-container\">\n\t\t\t\t\t\t\t<div class=\"elementor-spacer\">\n\t\t\t<div class=\"elementor-spacer-inner\"><\/div>\n\t\t<\/div>\n\t\t\t\t\t\t<\/div>\n\t\t\t\t<\/div>\n\t\t\t\t\t<\/div>\n\t\t\t\t<\/div>\n\t\t\t\t<section class=\"elementor-section elementor-top-section elementor-element elementor-element-6f68b78 elementor-section-height-min-height elementor-section-stretched elementor-section-boxed elementor-section-height-default elementor-section-items-middle\" data-id=\"6f68b78\" data-element_type=\"section\" data-e-type=\"section\" data-settings=\"{&quot;stretch_section&quot;:&quot;section-stretched&quot;,&quot;background_background&quot;:&quot;classic&quot;}\">\n\t\t\t\t\t\t\t<div class=\"elementor-background-overlay\"><\/div>\n\t\t\t\t\t\t\t<div class=\"elementor-container elementor-column-gap-default\">\n\t\t\t\t\t<div class=\"elementor-column elementor-col-100 elementor-top-column elementor-element elementor-element-50d670f\" data-id=\"50d670f\" data-element_type=\"column\" data-e-type=\"column\">\n\t\t\t<div class=\"elementor-widget-wrap elementor-element-populated\">\n\t\t\t\t\t\t<div class=\"elementor-element elementor-element-2a30942 animated-slow elementor-invisible elementor-widget elementor-widget-qi_addons_for_elementor_typeout_text\" data-id=\"2a30942\" data-element_type=\"widget\" data-e-type=\"widget\" data-settings=\"{&quot;_animation&quot;:&quot;fadeInUp&quot;}\" data-widget_type=\"qi_addons_for_elementor_typeout_text.default\">\n\t\t\t\t<div class=\"elementor-widget-container\">\n\t\t\t\t\t<div class=\"qodef-shortcode qodef-m qodef-qi-typeout-text\" data-strings=\"[&quot;&quot;]\">\n\t<h1 class=\"qodef-m-text\">\n\t\t\t\t\tEVERYTHING YOU NEED\t\t\t\t<span class=\"qodef-typeout-holder\">\n\t\t\t<span class=\"qodef-typeout\"><\/span>\n\t\t<\/span>\n\t<\/h1>\n<\/div>\n\t\t\t\t<\/div>\n\t\t\t\t<\/div>\n\t\t\t\t<div class=\"elementor-element elementor-element-8de815e animated-slow elementor-invisible elementor-widget elementor-widget-qi_addons_for_elementor_typeout_text\" data-id=\"8de815e\" data-element_type=\"widget\" data-e-type=\"widget\" data-settings=\"{&quot;_animation&quot;:&quot;fadeInUp&quot;}\" data-widget_type=\"qi_addons_for_elementor_typeout_text.default\">\n\t\t\t\t<div class=\"elementor-widget-container\">\n\t\t\t\t\t<div class=\"qodef-shortcode qodef-m qodef-qi-typeout-text\" data-strings=\"[&quot;Merhaba&quot;,&quot;Hello&quot;,&quot;\\u041f\\u0440\\u0438\\u0432\\u0435\\u0442&quot;,&quot;Hola&quot;,&quot;Hallo&quot;,&quot;Ciao&quot;,&quot;Ol\\u00e1&quot;,&quot;\\u0645\\u0631\\u062d\\u0628&quot;,&quot;Bonjour&quot;,&quot;\\u3053\\u3093\\u306b\\u3061\\u306f&quot;,&quot;\\u4f60\\u597d&quot;]\">\n\t<h2 class=\"qodef-m-text\">\n\t\t\t\t\tDo not hesitate to say\t\t\t\t<span class=\"qodef-typeout-holder\">\n\t\t\t<span class=\"qodef-typeout\"><\/span>\n\t\t<\/span>\n\t<\/h2>\n<\/div>\n\t\t\t\t<\/div>\n\t\t\t\t<\/div>\n\t\t\t\t<div class=\"elementor-element elementor-element-d10452e elementor-widget__width-auto animated-slow elementor-invisible elementor-widget elementor-widget-qi_addons_for_elementor_button\" data-id=\"d10452e\" data-element_type=\"widget\" data-e-type=\"widget\" data-settings=\"{&quot;_animation&quot;:&quot;fadeInUp&quot;,&quot;_animation_delay&quot;:&quot;200&quot;}\" data-widget_type=\"qi_addons_for_elementor_button.default\">\n\t\t\t\t<div class=\"elementor-widget-container\">\n\t\t\t\t\t<a class=\"qodef-shortcode qodef-m qodef-qi-button qodef-html--link qodef-layout--outlined qodef-type--icon-boxed qodef-icon--right qodef-hover--icon-move-horizontal-short qodef-text-underline qodef-underline--left\" href=\"https:\/\/ozcelik.com\/de\/contact\/\" target=\"_self\">\n\t<span class=\"qodef-m-text\">Let&#039;s Contact Us<\/span>\n\t\t<span class=\"qodef-m-icon\">\n\t\t<span class=\"qodef-m-icon-inner\">\n\t\t\t<svg xmlns=\"http:\/\/www.w3.org\/2000\/svg\" x=\"0px\" y=\"0px\" width=\"7px\" height=\"7px\" viewBox=\"1.25 1.25 7 7\" xml:space=\"preserve\"><polygon fill=\"#ffffff\" points=\"1.25,1.25 1.25,2.25 6.543,2.25 1.25,7.543 1.958,8.25 7.25,2.957 7.25,8.25 8.25,8.25 8.25,1.25 8.25,1.25 \"><\/polygon><\/svg>\t\t\t\t\t<\/span>\n\t<\/span>\n<\/a>\n\t\t\t\t<\/div>\n\t\t\t\t<\/div>\n\t\t\t\t\t<\/div>\n\t\t<\/div>\n\t\t\t\t\t<\/div>\n\t\t<\/section>\n\t\t\t\t<\/div>\n\t\t","protected":false},"excerpt":{"rendered":"<p>Dienstleistungen Seit 1980 Serviceanfrage Ben\u00f6tigen Sie Hilfe zu unseren Produkten? Senden Sie uns eine Serviceanfrage und wir helfen Ihnen gerne weiter. Bitte beschreiben Sie Ihr Problem so detailliert wie m\u00f6glich, damit wir schnell eine L\u00f6sung finden k\u00f6nnen. Serviceanfrage Seit 1980 Ersatzteile Sorgen Sie f\u00fcr einen reibungslosen Produktionsablauf mit unserem umfassenden Ersatzteilangebot. Finden Sie schnell und einfach die ben\u00f6tigten Teile, um Ausfallzeiten zu minimieren und eine&#8230; <\/p>\n<p class=\"more\"><a class=\"more-link\" href=\"https:\/\/ozcelik.com\/de\/services\/\">Read More<\/a><\/p>\n","protected":false},"author":1,"featured_media":0,"parent":0,"menu_order":0,"comment_status":"closed","ping_status":"closed","template":"elementor_header_footer","meta":{"inline_featured_image":false,"footnotes":""},"class_list":["post-14592","page","type-page","status-publish","hentry","is-cat-link-solid is-cat-link-rounded"],"_links":{"self":[{"href":"https:\/\/ozcelik.com\/de\/wp-json\/wp\/v2\/pages\/14592","targetHints":{"allow":["GET"]}}],"collection":[{"href":"https:\/\/ozcelik.com\/de\/wp-json\/wp\/v2\/pages"}],"about":[{"href":"https:\/\/ozcelik.com\/de\/wp-json\/wp\/v2\/types\/page"}],"author":[{"embeddable":true,"href":"https:\/\/ozcelik.com\/de\/wp-json\/wp\/v2\/users\/1"}],"replies":[{"embeddable":true,"href":"https:\/\/ozcelik.com\/de\/wp-json\/wp\/v2\/comments?post=14592"}],"version-history":[{"count":203,"href":"https:\/\/ozcelik.com\/de\/wp-json\/wp\/v2\/pages\/14592\/revisions"}],"predecessor-version":[{"id":20368,"href":"https:\/\/ozcelik.com\/de\/wp-json\/wp\/v2\/pages\/14592\/revisions\/20368"}],"wp:attachment":[{"href":"https:\/\/ozcelik.com\/de\/wp-json\/wp\/v2\/media?parent=14592"}],"curies":[{"name":"wp","href":"https:\/\/api.w.org\/{rel}","templated":true}]}}